{"id":1403,"date":"2021-05-06T00:44:48","date_gmt":"2021-05-06T00:44:48","guid":{"rendered":"http:\/\/dev.uniqueles.ch\/a-propos-de-moi\/"},"modified":"2021-06-24T01:54:50","modified_gmt":"2021-06-24T01:54:50","slug":"a-propos-de-moi","status":"publish","type":"page","link":"https:\/\/uniqueles.ch\/fr\/a-propos-de-moi\/","title":{"rendered":"\u00c0 propos de moi"},"content":{"rendered":"\n\n\t\t<h1>\n\t\t\t\u00c0 PROPOS DE MOI, MON HISTOIRE \n\t\t\t\t\t\t\t\t\t\t\tET L&#8217;ID\u00c9E DERRI\u00c8RE UNIQUELES\n\t\t<\/h1>\n\t\t\t\t<img decoding=\"async\" src=\"https:\/\/uniqueles.ch\/wp-content\/uploads\/sandra-gruenderin-von-uniqueles.jpg\" alt=\"sandra gruenderin von uniqueles\" itemprop=\"image\" height=\"768\" width=\"538\" title=\"Sandra Gruenderin Von Uniqueles\" onerror=\"this.style.display='none'\"  \/>\n\t\t<h2>\n\t\t\tLE PLUS IMPORTANT EST LA SANT\u00c9\n\t\t\t\t\t\t\t\t\t\t\tMON HISTOIRE\n\t\t<\/h2>\n\t\t\tSais plus sur moi et sur mon histoire. Profite de mes conseils tir\u00e9s de ma propre exp\u00e9rience.\nJe m&#8217;appelle Sandra, je suis n\u00e9e en 75, je suis mari\u00e9e et m\u00e8re de deux filles. En Janvier de 2019, mon mari a senti une bosse dans mon sein. Je suis imm\u00e9diatement all\u00e9e chez le m\u00e9decin, o\u00f9 on m&#8217;a diagnostiqu\u00e9 un cancer du sein triple n\u00e9gatif d\u00e9j\u00e0 propag\u00e9 (m\u00e9tastases) aux ganglions lymphatiques. Un diagnostic terrible pour n&#8217;importe quelle femme ! J&#8217;ai imm\u00e9diatement commenc\u00e9 une chimioth\u00e9rapie qui a dur\u00e9 5 mois, avec des s\u00e9ances une fois par semaine. Ensuite, j&#8217;ai subi une chirurgie de conservation des seins, avec ablation des ganglions lymphatiques. En dernier mais pas des moindres, pendant 5 semaines, j&#8217;ai \u00e9t\u00e9 soumise quotidiennement \u00e0 une radioth\u00e9rapie des nodules \/ lignes du sein touch\u00e9. Au pr\u00e9sent, heureusement, je n&#8217;ai plus de cancer, mais je combats toujours ses cons\u00e9quences. Ce fut un long et fatigant chemin. Mon attitude positive et ma volont\u00e9 de vivre m&#8217;ont aid\u00e9 \u00e0 surmonter ce moment difficile.\t\t\n\t<p>Je tiens \u00e0 remercier ma famille et mes amis. \u00c7a a \u00e9t\u00e9 extraordinaire de recevoir autant d&#8217;amour et de compr\u00e9hension dans les moments les plus difficiles. Pour ma famille, \u00e7a a \u00e9t\u00e9 une situation d\u00e9licate et effrayante. Ils ont souffert avec moi, chacun \u00e0 sa mani\u00e8re. Au d\u00e9but, tout \u00e9tait nouveau et incertain. Nous ne savions pas quoi faire ni comment cela allait se terminer. Nous nous sentions compl\u00e8tement impuissants. Lorsque vous vivez dans une telle situation, vous vous rendez compte \u00e0 quel point tout est insignifiant.<\/p>\n<p>Le plus important est votre sant\u00e9 !<\/p>\n<p>V\u00e9rifiez-la vous-m\u00eame, faites un bilan !<\/p>\n\t<a href=\"https:\/\/uniqueles.ch\/fr\/produit\/uniqueles-bandana\/\" target=\"_self\" role=\"button\" aria-label=\"CR\u00c9E TON UNIQUELES BANDANA\u00a9\" rel=\"noopener\">\n\t\t\t\tCR\u00c9E TON UNIQUELES BANDANA<sup>\u00a9<\/sup>\n\t\t\t<\/a>\n\t<p>Je tiens \u00e0 remercier ma famille et mes amis. \u00c7a a \u00e9t\u00e9 extraordinaire de recevoir autant d&#8217;amour et de compr\u00e9hension dans les moments les plus difficiles. Pour ma famille, \u00e7a a \u00e9t\u00e9 une situation d\u00e9licate et effrayante. Ils ont souffert avec moi, chacun \u00e0 sa mani\u00e8re. Au d\u00e9but, tout \u00e9tait nouveau et incertain. Nous ne savions pas quoi faire ni comment cela allait se terminer. Nous nous sentions compl\u00e8tement impuissants. Lorsque vous vivez dans une telle situation, vous vous rendez compte \u00e0 quel point tout est insignifiant.<\/p>\n<p>Le plus important est votre sant\u00e9 !<\/p>\n<p>V\u00e9rifiez-la vous-m\u00eame, faites un bilan !<\/p>\n\t<a href=\"https:\/\/uniqueles.ch\/fr\/produit\/uniqueles-bandana\/\" target=\"_self\" role=\"button\" aria-label=\"CR\u00c9E TON UNIQUELES BANDANA\u00a9\" rel=\"noopener\">\n\t\t\t\tCR\u00c9E TON UNIQUELES BANDANA<sup>\u00a9<\/sup>\n\t\t\t<\/a>\n\t\t<h2>\n\t\t\tPRESSE\n\t\t\t\t\t\t\t\t\t\t\tENTREVUES\n\t\t<\/h2>\n\t<iframe allowfullscreen allow=\"autoplay\" src=\"https:\/\/www.youtube-nocookie.com\/embed\/Ge9CWtPJrLg?feature=oembed&amp;start&amp;end&amp;wmode=opaque&amp;loop=0&amp;controls=1&amp;mute=0&amp;rel=0&amp;modestbranding=1\"><\/iframe>\t\n\t<iframe allowfullscreen allow=\"autoplay\" src=\"https:\/\/www.youtube-nocookie.com\/embed\/woL8k5xfVP8?feature=oembed&amp;start&amp;end&amp;wmode=opaque&amp;loop=0&amp;controls=1&amp;mute=0&amp;rel=0&amp;modestbranding=1\"><\/iframe>\t\n\t\t<h2>\n\t\t\tUniqueles\n\t\t\t\t\t\t\t\t\t\t\tLA NAISSANCE DE MON ID\u00c9E\n\t\t<\/h2>\n\t\t\tLa th\u00e9rapie anticanc\u00e9reuse seule est d\u00e9j\u00e0 assez difficile. Lorsque les cheveux tombent \u00e0 cause de la chimioth\u00e9rapie, nous nous sentons encore plus vuln\u00e9rables et perdus. Je me sentais nue. Je suis all\u00e9e dans un magasin de perruques juste avant de commencer le traitement pour utiliser en cas d&#8217;urgence. C&#8217;\u00e9tait une sensation \u00e9trange. Quand les premi\u00e8res touffes de cheveux ont commenc\u00e9 \u00e0 tomber, mon mari et mes filles m&#8217;ont ras\u00e9 les cheveux pour mettre fin \u00e0 mon angoisse de les perdre petit \u00e0 petit ! Incroyablement, j&#8217;ai trouv\u00e9 que les cheveux courts me favorisaient m\u00eame. J&#8217;utilisais la perruque au quotidien, mais malheureusement ce n&#8217;\u00e9tait pas du tout MOI ! Partout o\u00f9 j&#8217;allais, j&#8217;avais le sentiment que tout le monde avait remarqu\u00e9 que je portais des faux cheveux, que j&#8217;avais un cancer. \u00c0 l&#8217;\u00e9poque, je ne pouvais pas non plus supporter les casquettes et les simples foulards. J&#8217;ai choisi de me cacher \u00e0 la maison la plupart du temps, mais ce n&#8217;est pas b\u00e9n\u00e9fique pour une r\u00e9cup\u00e9ration r\u00e9ussie. Ce n&#8217;est pas une option !\t\t\n\t\t\t\t<img decoding=\"async\" src=\"https:\/\/uniqueles.ch\/wp-content\/uploads\/gruenderin-von-uniqueles-sandra-mit-ihrer-katze.jpg\" alt=\"gruenderin von uniqueles sandra mit ihrer katze\" itemprop=\"image\" height=\"588\" width=\"560\" title=\"Gruenderin Von Uniqueles Sandra Mit Ihrer Katze\" onerror=\"this.style.display='none'\"  \/>\n\t\t\t\t<img decoding=\"async\" src=\"https:\/\/uniqueles.ch\/wp-content\/uploads\/sandra-von-uniqueles-mit-kopftuch-und-blonden-extensions.jpg\" alt=\"sandra von uniqueles mit kopftuch und blonden extensions\" itemprop=\"image\" height=\"588\" width=\"560\" title=\"Sandra Von Uniqueles Mit Kopftuch Und Blonden Extensions\" onerror=\"this.style.display='none'\"  \/>\n\tJ&#8217;avais besoin de quelque chose avec laquelle je pouvais \u00eatre authentique et me sentir \u00e0 nouveau belle et \u00e9l\u00e9gante. Et surtout, j&#8217;avais besoin d&#8217;AVOIR DES CHEVEUX ! Comme je ne trouvais rien de convenable en ligne, j&#8217;ai d\u00fb \u00eatre cr\u00e9ative. Il devait \u00eatre confortable, facile \u00e0 utiliser et diff\u00e9rent. Par n\u00e9cessit\u00e9, j&#8217;ai cr\u00e9\u00e9 mon nouvel accessoire \u00e0 partir d&#8217;un foulard, d&#8217;un large bandeau et d&#8217;extensions. Ma m\u00e8re \u00e9tait couturi\u00e8re, elle fut ainsi les mains de mon projet, m&#8217;aidant \u00e0 r\u00e9aliser ma vision. Mon premier foulard avait \u00e9t\u00e9 cr\u00e9\u00e9. J&#8217;\u00e9tais si heureuse que je me suis pr\u00e9cipit\u00e9 dans la rue pour l&#8217;essayer. Les r\u00e9actions ont \u00e9t\u00e9 magnifiques ! Pour la premi\u00e8re fois depuis le traitement, j&#8217;ai \u00e9t\u00e9 trait\u00e9 comme normale. Les autres patientes en chimioth\u00e9rapie \u00e9taient super excit\u00e9es par mon id\u00e9e ! J&#8217;ai \u00e9t\u00e9 pers\u00e9v\u00e9rante, jusqu&#8217;\u00e0 ce que je r\u00e9ussisse \u00e0 produire l&#8217;\u00e9charpe parfaite.<br \/>\nJ&#8217;ai senti du bonheur \u00e0 nouveau dans les moments pass\u00e9s en famille et entre amis. J&#8217;ai r\u00e9cup\u00e9r\u00e9 mon estime de moi, je me sentais confiante pour profiter pleinement de la journ\u00e9e, tous les jours !\n\t<a href=\"https:\/\/uniqueles.ch\/fr\/produit\/uniqueles-bandana\/\" target=\"_self\" role=\"button\" aria-label=\"POUR LE CONFIGURATEUR\" rel=\"noopener\">\n\t\t\t\tPOUR LE CONFIGURATEUR\n\t\t\t<\/a>\n\t\t<h2>\n\t\t\tCE QUI M&#8217;A AID\u00c9\n\t\t\t\t\t\t\t\t\t\t\tCONSEILS BAS\u00c9S SUR MA PROPRE EXP\u00c9RIENCE\n\t\t<\/h2>\n\t<ul>\n\t\t\t<li>\n\t\t\t\tN'oublie pas de consulter l'\u00e9quipe de soins interdisciplinaires en oncologie. Ce sont les bonnes personnes pour te conseiller pendant toutes les \u00e9tapes que tu traverseras, physiquement et psychologiquement.\n\t\t\t<\/li>\n\t\t\t<li>\n\t\t\t\tDonne ton meilleur \u00e0 chaque jour, m\u00eame si tu te sens mal \u00e0 cause de la chimioth\u00e9rapie. Fais une promenade dans la nature tous les jours ou vas prendre un caf\u00e9 avec tes amis. Fais ce que t\u2019as envie de faire pour te distraire, te motiver et te donner la force de surmonter le reste.\n\t\t\t<\/li>\n\t\t\t<li>\n\t\t\t\tC'est tr\u00e8s bien si tu as un chien, cela t\u2019obligera \u00e0 quitter la maison pour une promenade. En g\u00e9n\u00e9ral, les animaux sont tr\u00e8s enrichissants dans il notre vie. Notes que tu n'est pas bien et va, toujours \u00e0 la recherche de ta proximit\u00e9.\n\t\t\t<\/li>\n\t\t\t<li>\n\t\t\t\tEssaye de faire de l'exercice physique mod\u00e9r\u00e9, avoir un mode de vie sain est essentiel pour pr\u00e9venir cette maladie. Mais n'en faites pas trop !\n\nLe yoga peut devenir un outil fondamental, car il s\u2019agit d\u2019une pratique physique, mentale et spirituelle tr\u00e8s int\u00e9ressante.\n\t\t\t<\/li>\n\t\t\t<li>\n\t\t\t\tFais-toi belle tous les jours ! Porte du maquillage, habille-toi avec des couleurs vives. Pendant cette phase, il est essentiel de recevoir des \u00e9loges, de se sentir confiante et de conqu\u00e9rir le monde, de conqu\u00e9rir la vie !\n\nPrend soin de toi, profite de ce qui te rend heureuse, fais des massages, pr\u00e9pare une journ\u00e9e spa \u00e0 la maison, utilise la cr\u00e9ativit\u00e9 pour te remonter le moral et vivre avec joie au quotidien.\n\t\t\t<\/li>\n\t\t<\/ul>\n\t<ul>\n\t\t\t<li>\n\t\t\t\t\u00c9crire un journal, exprimer tes pens\u00e9es et tes \u00e9motions, lib\u00e8re les \u00e9motions, donner de la place \u00e0 l'\u00e9nergie positive au lieu de les r\u00e9primer. Prend note des domaines o\u00f9 tu es en train de triomphe. Le journal nous permet de revivre les moments heureux, apporte-le toujours avec toi et lis-le chaque fois que tu as besoin de te sentir confiante.\n\t\t\t<\/li>\n\t\t\t<li>\n\t\t\t\tSurveille ton alimentation. Tu vas probablement prendre du poids gr\u00e2ce \u00e0 la cortisone, mais elle consiste principalement en une r\u00e9tention d'eau. Une fois la th\u00e9rapie termin\u00e9e, tu perdras \u00e0 nouveau les kilos en trop. Peut-\u00eatre que cela t\u2019aidera \u00e0 consulter un nutritionniste, de pr\u00e9f\u00e9rence AVANT de commencer le traitement. Quant aux effets secondaires de la chimioth\u00e9rapie, la m\u00e9decine compl\u00e9mentaire peut t\u2019aider. L'important est de toujours t\u2019informer aupr\u00e8s de ton m\u00e9decin responsable pour le r\u00e9gime et le mode de vie \u00e0 adopter.\n\t\t\t<\/li>\n\t\t\t<li>\n\t\t\t\tC\u2019est toi qui d\u00e9cides quand et avec qui tu veux parler du cancer. Exprimer tes pens\u00e9es et tes \u00e9motions devrait te soulager et ne pas te d\u00e9primer davantage. Explique en particulier \u00e0 ta famille, afin qu'elle puisse s'adapter \u00e0 la nouvelle situation, mais n'oublie pas que c'est aussi une p\u00e9riode tr\u00e8s difficile pour elle. Surtout si tu as des enfants, tu dois les informer d'une mani\u00e8re adapt\u00e9e \u00e0 leur \u00e2ge et les int\u00e9grer dans la situation. Traiter ouvertement le sujet rend la vie ensemble beaucoup plus facile.\n\t\t\t<\/li>\n\t\t<\/ul>\n\t\t<h2>\n\t\t\tOSE ESSAYER\n\t\t\t\t\t\t\t\t\t\t\tD\u00c9COUVRE UN NOUVEAU C\u00d4T\u00c9 DE TON ESSENCE\n\t\t<\/h2>\n\t\t\tJ&#8217;\u00e9tais tr\u00e8s heureuse quand mes cheveux ont repouss\u00e9. Dans le pass\u00e9, je n&#8217;aurais pas le courage d&#8217;une coupe de cheveux aussi courte. En ce moment, je l&#8217;aime beaucoup et j&#8217;essaie toujours de renouveler mon look.\t\t\n\t<a href=\"https:\/\/uniqueles.ch\/fr\/produit\/uniqueles-bandana\/\" target=\"_self\" role=\"button\" aria-label=\"CR\u00c9ER UN UNIQUELES BANDANA\u00a9 MAINTENANT\" rel=\"noopener\">\n\t\t\t\tCR\u00c9ER UN UNIQUELES BANDANA<sup>\u00a9<\/sup> MAINTENANT\n\t\t\t<\/a>\n\t\t\t\t<img decoding=\"async\" src=\"https:\/\/uniqueles.ch\/wp-content\/uploads\/sandra-von-uniqueles-mit-kurzen-schwarzen-haaren-und-gelbem-top.jpg\" alt=\"sandra von uniqueles mit kurzen schwarzen haaren und gelbem top\" itemprop=\"image\" height=\"645\" width=\"480\" title=\"Sandra Von Uniqueles Mit Kurzen Schwarzen Haaren Und Gelbem Top\" onerror=\"this.style.display='none'\"  \/>\n\t\t\t\t<img decoding=\"async\" src=\"https:\/\/uniqueles.ch\/wp-content\/uploads\/sandra-von-uniqueles-mit-kurzen-gestylten-schwarzen-haaren.jpg\" alt=\"sandra von uniqueles mit kurzen gestylten schwarzen haaren\" itemprop=\"image\" height=\"645\" width=\"480\" title=\"Sandra Von Uniqueles Mit Kurzen Gestylten Schwarzen Haaren\" onerror=\"this.style.display='none'\"  \/>\n\t\t\t\t<img decoding=\"async\" src=\"https:\/\/uniqueles.ch\/wp-content\/uploads\/sandra-von-uniqueles-mit-zurueckgegelten-blondierten-haaren.jpg\" alt=\"sandra von uniqueles mit zurueckgegelten blondierten haaren\" itemprop=\"image\" height=\"645\" width=\"480\" title=\"Sandra Von Uniqueles Mit Zurueckgegelten Blondierten Haaren\" onerror=\"this.style.display='none'\"  \/>\n\t\t\t\t<img decoding=\"async\" src=\"https:\/\/uniqueles.ch\/wp-content\/uploads\/sandra-von-uniqueles-mit-blond-gefaerbten-kurzen-haaren.jpg\" alt=\"sandra von uniqueles mit blond gefaerbten kurzen haaren\" itemprop=\"image\" height=\"645\" width=\"480\" title=\"Sandra Von Uniqueles Mit Blond Gefaerbten Kurzen Haaren\" onerror=\"this.style.display='none'\"  \/>\n\n","protected":false},"excerpt":{"rendered":"<p>\u00c0 PROPOS DE MOI, MON HISTOIRE ET L&#8217;ID\u00c9E DERRI\u00c8RE UNIQUELES LE PLUS IMPORTANT EST LA SANT\u00c9 MON HISTOIRE Sais plus sur moi et sur mon histoire. Profite de mes conseils tir\u00e9s de ma propre exp\u00e9rience. Je m&#8217;appelle Sandra, je suis n\u00e9e en 75, je suis mari\u00e9e et m\u00e8re de deux filles. En Janvier de 2019, [&hellip;]<\/p>\n","protected":false},"author":1,"featured_media":0,"parent":0,"menu_order":0,"comment_status":"closed","ping_status":"closed","template":"","meta":{"site-sidebar-layout":"no-sidebar","site-content-layout":"page-builder","ast-site-content-layout":"full-width-container","site-content-style":"unboxed","site-sidebar-style":"unboxed","ast-global-header-display":"","ast-banner-title-visibility":"","ast-main-header-display":"","ast-hfb-above-header-display":"","ast-hfb-below-header-display":"","ast-hfb-mobile-header-display":"","site-post-title":"disabled","ast-breadcrumbs-content":"","ast-featured-img":"disabled","footer-sml-layout":"","theme-transparent-header-meta":"default","adv-header-id-meta":"","stick-header-meta":"","header-above-stick-meta":"","header-main-stick-meta":"","header-below-stick-meta":"","astra-migrate-meta-layouts":"default","ast-page-background-enabled":"default","ast-page-background-meta":{"desktop":{"background-color":"","background-image":"","background-repeat":"repeat","background-position":"center center","background-size":"auto","background-attachment":"scroll","background-type":"","background-media":"","overlay-type":"","overlay-color":"","overlay-opacity":"","overlay-gradient":""},"tablet":{"background-color":"","background-image":"","background-repeat":"repeat","background-position":"center center","background-size":"auto","background-attachment":"scroll","background-type":"","background-media":"","overlay-type":"","overlay-color":"","overlay-opacity":"","overlay-gradient":""},"mobile":{"background-color":"","background-image":"","background-repeat":"repeat","background-position":"center center","background-size":"auto","background-attachment":"scroll","background-type":"","background-media":"","overlay-type":"","overlay-color":"","overlay-opacity":"","overlay-gradient":""}},"ast-content-background-meta":{"desktop":{"background-color":"var(--ast-global-color-5)","background-image":"","background-repeat":"repeat","background-position":"center center","background-size":"auto","background-attachment":"scroll","background-type":"","background-media":"","overlay-type":"","overlay-color":"","overlay-opacity":"","overlay-gradient":""},"tablet":{"background-color":"var(--ast-global-color-5)","background-image":"","background-repeat":"repeat","background-position":"center center","background-size":"auto","background-attachment":"scroll","background-type":"","background-media":"","overlay-type":"","overlay-color":"","overlay-opacity":"","overlay-gradient":""},"mobile":{"background-color":"var(--ast-global-color-5)","background-image":"","background-repeat":"repeat","background-position":"center center","background-size":"auto","background-attachment":"scroll","background-type":"","background-media":"","overlay-type":"","overlay-color":"","overlay-opacity":"","overlay-gradient":""}},"footnotes":""},"class_list":["post-1403","page","type-page","status-publish","hentry"],"acf":[],"yoast_head":"<!-- This site is optimized with the Yoast SEO plugin v23.1 - https:\/\/yoast.com\/wordpress\/plugins\/seo\/ -->\n<title>\u00dcber mich, meine Geschichte und die Idee hinter Uniqueles<\/title>\n<meta name=\"description\" content=\"Gemeinsam Stark! Lese hier Tipps, die Entstehungsgeschichte von Uniqueles und lass dich von der Geschichte hinter Uniqueles inspirieren.\" \/>\n<meta name=\"robots\" content=\"index, follow, max-snippet:-1, max-image-preview:large, max-video-preview:-1\" \/>\n<link rel=\"canonical\" href=\"https:\/\/uniqueles.ch\/fr\/a-propos-de-moi\/\" \/>\n<meta property=\"og:locale\" content=\"fr_FR\" \/>\n<meta property=\"og:type\" content=\"article\" \/>\n<meta property=\"og:title\" content=\"\u00dcber mich, meine Geschichte und die Idee hinter Uniqueles\" \/>\n<meta property=\"og:description\" content=\"Gemeinsam Stark! Lese hier Tipps, die Entstehungsgeschichte von Uniqueles und lass dich von der Geschichte hinter Uniqueles inspirieren.\" \/>\n<meta property=\"og:url\" content=\"https:\/\/uniqueles.ch\/fr\/a-propos-de-moi\/\" \/>\n<meta property=\"og:site_name\" content=\"Uniqueles\" \/>\n<meta property=\"article:publisher\" content=\"https:\/\/www.facebook.com\/uniqueles2020\" \/>\n<meta property=\"article:modified_time\" content=\"2021-06-24T01:54:50+00:00\" \/>\n<meta property=\"og:image\" content=\"https:\/\/uniqueles.ch\/wp-content\/uploads\/sandra-gruenderin-von-uniqueles.jpg\" \/>\n<meta name=\"twitter:card\" content=\"summary_large_image\" \/>\n<script type=\"application\/ld+json\" class=\"yoast-schema-graph\">{\"@context\":\"https:\/\/schema.org\",\"@graph\":[{\"@type\":\"WebPage\",\"@id\":\"https:\/\/uniqueles.ch\/fr\/a-propos-de-moi\/\",\"url\":\"https:\/\/uniqueles.ch\/fr\/a-propos-de-moi\/\",\"name\":\"\u00dcber mich, meine Geschichte und die Idee hinter Uniqueles\",\"isPartOf\":{\"@id\":\"https:\/\/uniqueles.ch\/fr\/#website\"},\"primaryImageOfPage\":{\"@id\":\"https:\/\/uniqueles.ch\/fr\/a-propos-de-moi\/#primaryimage\"},\"image\":{\"@id\":\"https:\/\/uniqueles.ch\/fr\/a-propos-de-moi\/#primaryimage\"},\"thumbnailUrl\":\"https:\/\/uniqueles.ch\/wp-content\/uploads\/sandra-gruenderin-von-uniqueles.jpg\",\"datePublished\":\"2021-05-06T00:44:48+00:00\",\"dateModified\":\"2021-06-24T01:54:50+00:00\",\"description\":\"Gemeinsam Stark! Lese hier Tipps, die Entstehungsgeschichte von Uniqueles und lass dich von der Geschichte hinter Uniqueles inspirieren.\",\"breadcrumb\":{\"@id\":\"https:\/\/uniqueles.ch\/fr\/a-propos-de-moi\/#breadcrumb\"},\"inLanguage\":\"fr-FR\",\"potentialAction\":[{\"@type\":\"ReadAction\",\"target\":[\"https:\/\/uniqueles.ch\/fr\/a-propos-de-moi\/\"]}]},{\"@type\":\"ImageObject\",\"inLanguage\":\"fr-FR\",\"@id\":\"https:\/\/uniqueles.ch\/fr\/a-propos-de-moi\/#primaryimage\",\"url\":\"https:\/\/uniqueles.ch\/wp-content\/uploads\/sandra-gruenderin-von-uniqueles.jpg\",\"contentUrl\":\"https:\/\/uniqueles.ch\/wp-content\/uploads\/sandra-gruenderin-von-uniqueles.jpg\"},{\"@type\":\"BreadcrumbList\",\"@id\":\"https:\/\/uniqueles.ch\/fr\/a-propos-de-moi\/#breadcrumb\",\"itemListElement\":[{\"@type\":\"ListItem\",\"position\":1,\"name\":\"Startseite\",\"item\":\"https:\/\/uniqueles.ch\/fr\/\"},{\"@type\":\"ListItem\",\"position\":2,\"name\":\"\u00c0 propos de moi\"}]},{\"@type\":\"WebSite\",\"@id\":\"https:\/\/uniqueles.ch\/fr\/#website\",\"url\":\"https:\/\/uniqueles.ch\/fr\/\",\"name\":\"Uniqueles\",\"description\":\"\",\"potentialAction\":[{\"@type\":\"SearchAction\",\"target\":{\"@type\":\"EntryPoint\",\"urlTemplate\":\"https:\/\/uniqueles.ch\/fr\/?s={search_term_string}\"},\"query-input\":\"required name=search_term_string\"}],\"inLanguage\":\"fr-FR\"}]}<\/script>\n<!-- \/ Yoast SEO plugin. -->","yoast_head_json":{"title":"\u00dcber mich, meine Geschichte und die Idee hinter Uniqueles","description":"Gemeinsam Stark! Lese hier Tipps, die Entstehungsgeschichte von Uniqueles und lass dich von der Geschichte hinter Uniqueles inspirieren.","robots":{"index":"index","follow":"follow","max-snippet":"max-snippet:-1","max-image-preview":"max-image-preview:large","max-video-preview":"max-video-preview:-1"},"canonical":"https:\/\/uniqueles.ch\/fr\/a-propos-de-moi\/","og_locale":"fr_FR","og_type":"article","og_title":"\u00dcber mich, meine Geschichte und die Idee hinter Uniqueles","og_description":"Gemeinsam Stark! Lese hier Tipps, die Entstehungsgeschichte von Uniqueles und lass dich von der Geschichte hinter Uniqueles inspirieren.","og_url":"https:\/\/uniqueles.ch\/fr\/a-propos-de-moi\/","og_site_name":"Uniqueles","article_publisher":"https:\/\/www.facebook.com\/uniqueles2020","article_modified_time":"2021-06-24T01:54:50+00:00","og_image":[{"url":"https:\/\/uniqueles.ch\/wp-content\/uploads\/sandra-gruenderin-von-uniqueles.jpg"}],"twitter_card":"summary_large_image","schema":{"@context":"https:\/\/schema.org","@graph":[{"@type":"WebPage","@id":"https:\/\/uniqueles.ch\/fr\/a-propos-de-moi\/","url":"https:\/\/uniqueles.ch\/fr\/a-propos-de-moi\/","name":"\u00dcber mich, meine Geschichte und die Idee hinter Uniqueles","isPartOf":{"@id":"https:\/\/uniqueles.ch\/fr\/#website"},"primaryImageOfPage":{"@id":"https:\/\/uniqueles.ch\/fr\/a-propos-de-moi\/#primaryimage"},"image":{"@id":"https:\/\/uniqueles.ch\/fr\/a-propos-de-moi\/#primaryimage"},"thumbnailUrl":"https:\/\/uniqueles.ch\/wp-content\/uploads\/sandra-gruenderin-von-uniqueles.jpg","datePublished":"2021-05-06T00:44:48+00:00","dateModified":"2021-06-24T01:54:50+00:00","description":"Gemeinsam Stark! Lese hier Tipps, die Entstehungsgeschichte von Uniqueles und lass dich von der Geschichte hinter Uniqueles inspirieren.","breadcrumb":{"@id":"https:\/\/uniqueles.ch\/fr\/a-propos-de-moi\/#breadcrumb"},"inLanguage":"fr-FR","potentialAction":[{"@type":"ReadAction","target":["https:\/\/uniqueles.ch\/fr\/a-propos-de-moi\/"]}]},{"@type":"ImageObject","inLanguage":"fr-FR","@id":"https:\/\/uniqueles.ch\/fr\/a-propos-de-moi\/#primaryimage","url":"https:\/\/uniqueles.ch\/wp-content\/uploads\/sandra-gruenderin-von-uniqueles.jpg","contentUrl":"https:\/\/uniqueles.ch\/wp-content\/uploads\/sandra-gruenderin-von-uniqueles.jpg"},{"@type":"BreadcrumbList","@id":"https:\/\/uniqueles.ch\/fr\/a-propos-de-moi\/#breadcrumb","itemListElement":[{"@type":"ListItem","position":1,"name":"Startseite","item":"https:\/\/uniqueles.ch\/fr\/"},{"@type":"ListItem","position":2,"name":"\u00c0 propos de moi"}]},{"@type":"WebSite","@id":"https:\/\/uniqueles.ch\/fr\/#website","url":"https:\/\/uniqueles.ch\/fr\/","name":"Uniqueles","description":"","potentialAction":[{"@type":"SearchAction","target":{"@type":"EntryPoint","urlTemplate":"https:\/\/uniqueles.ch\/fr\/?s={search_term_string}"},"query-input":"required name=search_term_string"}],"inLanguage":"fr-FR"}]}},"_links":{"self":[{"href":"https:\/\/uniqueles.ch\/fr\/wp-json\/wp\/v2\/pages\/1403"}],"collection":[{"href":"https:\/\/uniqueles.ch\/fr\/wp-json\/wp\/v2\/pages"}],"about":[{"href":"https:\/\/uniqueles.ch\/fr\/wp-json\/wp\/v2\/types\/page"}],"author":[{"embeddable":true,"href":"https:\/\/uniqueles.ch\/fr\/wp-json\/wp\/v2\/users\/1"}],"replies":[{"embeddable":true,"href":"https:\/\/uniqueles.ch\/fr\/wp-json\/wp\/v2\/comments?post=1403"}],"version-history":[{"count":5,"href":"https:\/\/uniqueles.ch\/fr\/wp-json\/wp\/v2\/pages\/1403\/revisions"}],"predecessor-version":[{"id":1785,"href":"https:\/\/uniqueles.ch\/fr\/wp-json\/wp\/v2\/pages\/1403\/revisions\/1785"}],"wp:attachment":[{"href":"https:\/\/uniqueles.ch\/fr\/wp-json\/wp\/v2\/media?parent=1403"}],"curies":[{"name":"wp","href":"https:\/\/api.w.org\/{rel}","templated":true}]}}