{"id":1406,"date":"2021-05-06T02:12:13","date_gmt":"2021-05-06T02:12:13","guid":{"rendered":"http:\/\/dev.uniqueles.ch\/accueil\/"},"modified":"2021-07-06T08:11:58","modified_gmt":"2021-07-06T08:11:58","slug":"accueil","status":"publish","type":"page","link":"https:\/\/uniqueles.ch\/fr\/","title":{"rendered":"Accueil"},"content":{"rendered":"\n\n    <a href=\"https:\/\/uniqueles.ch\/wp-content\/uploads\/Demande-de-prestations-pour-adultes.pdf\" target=\"_blank\" rel=\"noopener\">\n    <\/a>\n\t\t<h1>\n\t\t\tComment se sentir belle et confiante, malgr\u00e9 tout.\n\t\t<\/h1>\n\t<a href=\"https:\/\/uniqueles.ch\/fr\/produit\/uniqueles-bandana\/\" target=\"_self\" role=\"button\" aria-label=\"Dessine ton propre UNIQUELES BANDANA\u00a9\" rel=\"noopener\">\n\t\t\t\tDessine ton propre UNIQUELES BANDANA<sup>\u00a9<\/sup>\n\t\t\t<\/a>\n    <a href=\"https:\/\/uniqueles.ch\/wp-content\/uploads\/Demande-de-prestations-pour-adultes.pdf\" target=\"_blank\" rel=\"noopener\">\n    <\/a>\n\t\t\t\t<img decoding=\"async\" src=\"https:\/\/uniqueles.ch\/wp-content\/uploads\/junge-laechelnde-frau.jpg\" alt=\"junge laechelnde frau\" itemprop=\"image\" height=\"630\" width=\"600\" title=\"Junge Laechelnde Frau\" onerror=\"this.style.display='none'\"  \/>\n\t\t<h2>\n\t\t\tENSEMBLE ON EST PLUS FORTS\n\t\t\t\t\t\t\t\t\t\t\tIf anyone can beat this, You can!\n\t\t<\/h2>\n\t\t\t<p>Le chemin est long et douloureux, mais reste positive et confiante. Malgr\u00e9 le stress physique et psychologique de la th\u00e9rapie contre le cancer, tu es toujours une femme et une partie int\u00e9grante de la soci\u00e9t\u00e9, sans censure ni pr\u00e9jug\u00e9s.<br \/>Malheureusement, environ 6&#8217;000 femmes en Suisse d\u00e9veloppent un cancer du sein (carcinome mammaire) chaque ann\u00e9e. Il s&#8217;agit donc du type de cancer le plus courant chez les femmes. Si le risque de cancer du sein n&#8217;augmente significativement qu&#8217;apr\u00e8s 50 ans, la maladie touche \u00e9galement les femmes plus jeunes : 20% des patientes ont moins de 50 ans au moment du diagnostic.Que ce soit \u00e0 cause <strong>de la chimioth\u00e9rapie, de l&#8217;alop\u00e9cie, de la perte de cheveux<\/strong> ou tout simplement pour <strong>transformer <\/strong>votre look. Cr\u00e9ez votre pi\u00e8ce \u00e0 partir de nos produits actuels : bandeau, foulard et extensions.<\/p>\t\t\n\t\t<h2>\n\t\t\tCE QUI NOUS REND SP\u00c9CIALES\n\t\t\t\t\t\t\t\t\t\t\tPOURQUOI UNIQUELES\n\t\t<\/h2>\n            Combinaison individuelle\n            Taille unique\n            Tissus hypoallerg\u00e9niques\n            Extensions qu&#8217;on peut traiter comme des cheveux humains\n            Confortable et antid\u00e9rapant\n            Manipulation simple et pratique\n    <a href=\"https:\/\/uniqueles.ch\/wp-content\/uploads\/Demande-de-prestations-pour-adultes.pdf\" target=\"_blank\" rel=\"noopener\">\n    <\/a>\n\t\t<h2>\n\t\t\tENSEMBLE ON EST PLUS FORTS\n\t\t\t\t\t\t\t\t\t\t\tDeviens ta meilleure version et aide au m\u00eame temps d&#8217;autres femmes.\n\t\t<\/h2>\n\t\t\t<p>La production est faite par <strong><a href=\"https:\/\/www.markt-luecke.ch\" target=\"_blank\" rel=\"noopener\">MARKTL\u00dcCKE<\/a><a href=\"https:\/\/www.markt-luecke.ch\"> \u00e0 Zurich<\/a><\/strong> en Suisse. UN PROGRAMME DE SUPPORT POUR LES FEMMES. Nous aidons les couturi\u00e8res qui \u00e0 leur tour, en donnant forme \u00e0 ta cr\u00e9ation, t&#8217;aident \u00e0 TOI !Pour chaque produit vendu, Uniqueles reverse un montant de CHF 5 \u00e0 la <strong><a href=\"https:\/\/zuerich.krebsliga.ch\">Cancer League<\/a> <\/strong>et \u00e0 <strong><a href=\"https:\/\/www.pink-ribbon.ch\/\">Pink Ribbon Switzerland<\/a><\/strong>. Ces dons servent \u00e0 soutenir des projets dans le domaine de la recherche et de la pr\u00e9vention ainsi que des conseils aux personnes atteintes de cancer et \u00e0 leurs proches.<\/p>\t\t\n\t\t\t\t<img decoding=\"async\" src=\"https:\/\/uniqueles.ch\/wp-content\/uploads\/laechelnde-inhaberin-von-uniqueles-mit-kopfbedeckung.jpg\" alt=\"laechelnde inhaberin von uniqueles mit kopfbedeckung\" itemprop=\"image\" height=\"588\" width=\"560\" title=\"Laechelnde Inhaberin Von Uniqueles Mit Kopfbedeckung\" onerror=\"this.style.display='none'\"  \/>\n\t\t<h2>\n\t\t\tCOMMANDER DE FA\u00c7ON PRATIQUE ET FACILE\n\t\t\t\t\t\t\t\t\t\t\tSEULEMENT 3 \u00c9TAPES POUR OBTENIR TON UNIQUELES BANDANA<sup>\u00a9<\/sup>\n\t\t<\/h2>\n            Choisir le foulard\n            Choisir le bandeau\n            Choisir les extensions optionnelles\n            Se sentir confiante et belle\n            Choisir le foulard\n            Choisir le bandeau\n            Se sentir confiante et belle\n            Choisir les extensions optionnelles\n\t<a href=\"https:\/\/uniqueles.ch\/fr\/produit\/uniqueles-bandana\/\" target=\"_self\" role=\"button\" aria-label=\"DESSINE TON PROPRE UNIQUELES BANDANA\u00a9\" rel=\"noopener\">\n\t\t\t\tDESSINE TON PROPRE UNIQUELES BANDANA<sup>\u00a9<\/sup>\n\t\t\t<\/a>\n\t\t<h2>\n\t\t\tINSPIRATION\n\t\t\t\t\t\t\t\t\t\t\tPACKS POPULAIRES DE UNIQUELES BANDANA<sup>\u00a9<\/sup>\n\t\t<\/h2>\n\t\t\tClique sur un des packs pr\u00e9d\u00e9finis pour s\u00e9lectionner directement dans le configurateur.<br \/>\nVous pouvez trouver d&#8217;autres combinaisons dans nos comptes de r\u00e9seaux sociaux\n\t\t\t\t<img decoding=\"async\" src=\"https:\/\/uniqueles.ch\/wp-content\/plugins\/bb-plugin\/img\/pixel.png\" alt=\"\" itemprop=\"image\" onerror=\"this.style.display='none'\"  \/>\n\t<a href=\"\/fr\/produit\/uniqueles-bandana\/?kopftuch=Marron%20satin\u00e9&#038;stirnband=Marron%20l\u00e9opard&#038;extensionsBool=Sans%20Extensions\"><\/a>\n\t\t\t\t<img decoding=\"async\" src=\"https:\/\/uniqueles.ch\/wp-content\/plugins\/bb-plugin\/img\/pixel.png\" alt=\"\" itemprop=\"image\" onerror=\"this.style.display='none'\"  \/>\n\t<a href=\"\/fr\/produit\/uniqueles-bandana\/?kopftuch=Rouge%20l\u00e9opard%20\u00e9l\u00e9gant&#038;stirnband=Beige%20avec%20brillants&#038;extensionsBool=Avec%20Extensions&#038;extensions=Marron%20fonc\u00e9%20avec%20des%20ombres%20claires%20et%20lisses\"><\/a>\n\t\t\t\t<img decoding=\"async\" src=\"https:\/\/uniqueles.ch\/wp-content\/plugins\/bb-plugin\/img\/pixel.png\" alt=\"\" itemprop=\"image\" onerror=\"this.style.display='none'\"  \/>\n\t<a href=\"\/fr\/produit\/uniqueles-bandana\/?kopftuch=Marron%20l\u00e9opard&#038;stirnband=Noir&#038;extensionsBool=Avec%20Extensions&#038;extensions=Brun%20moyen%20lisse\"><\/a>\n\t\t\t\t<img decoding=\"async\" src=\"https:\/\/uniqueles.ch\/wp-content\/plugins\/bb-plugin\/img\/pixel.png\" alt=\"\" itemprop=\"image\" onerror=\"this.style.display='none'\"  \/>\n\t<a href=\"\/fr\/produit\/uniqueles-bandana\/?kopftuch=Gris%20satin\u00e9&#038;stirnband=Noir%20avec%20brillants&#038;extensionsBool=Avec%20Extensions&#038;extensions=Marron%20fonc\u00e9%20lisse\"><\/a>\n\t\t\t\t<a href=\"http:\/\/www.fotowelle.ch\/\" target=\"_blank\" rel=\"noopener\" itemprop=\"url\">\n\t\t\t\t<img decoding=\"async\" src=\"https:\/\/uniqueles.ch\/wp-content\/uploads\/fotowelle-logo.png\" alt=\"fotowelle logo\" itemprop=\"image\" height=\"300\" width=\"300\" title=\"Fotowelle Logo\" onerror=\"this.style.display='none'\"  \/>\n\t\t\t\t<\/a>\n\t\t\t\t<a href=\"https:\/\/www.markt-luecke.ch\/de\" target=\"_blank\" rel=\"noopener\" itemprop=\"url\">\n\t\t\t\t<img decoding=\"async\" src=\"https:\/\/uniqueles.ch\/wp-content\/uploads\/markt-luecke-logo.jpg\" alt=\"markt luecke logo\" itemprop=\"image\" height=\"300\" width=\"300\" title=\"Markt Luecke Logo\" onerror=\"this.style.display='none'\"  \/>\n\t\t\t\t<\/a>\n\t\t\t\t<a href=\"https:\/\/homepagelabor.ch\/\" target=\"_blank\" rel=\"noopener\" itemprop=\"url\">\n\t\t\t\t<img decoding=\"async\" src=\"https:\/\/uniqueles.ch\/wp-content\/uploads\/logo-homepage-labor.png\" alt=\"logo homepage labor\" itemprop=\"image\" height=\"157\" width=\"268\" title=\"Logo Homepage Labor\" onerror=\"this.style.display='none'\"  \/>\n\t\t\t\t<\/a>\n\n","protected":false},"excerpt":{"rendered":"<p>Comment se sentir belle et confiante, malgr\u00e9 tout. Dessine ton propre UNIQUELES BANDANA\u00a9 ENSEMBLE ON EST PLUS FORTS If anyone can beat this, You can! Le chemin est long et douloureux, mais reste positive et confiante. Malgr\u00e9 le stress physique et psychologique de la th\u00e9rapie contre le cancer, tu es toujours une femme et une [&hellip;]<\/p>\n","protected":false},"author":1,"featured_media":0,"parent":0,"menu_order":0,"comment_status":"closed","ping_status":"closed","template":"","meta":{"site-sidebar-layout":"no-sidebar","site-content-layout":"page-builder","ast-site-content-layout":"full-width-container","site-content-style":"unboxed","site-sidebar-style":"unboxed","ast-global-header-display":"","ast-banner-title-visibility":"","ast-main-header-display":"","ast-hfb-above-header-display":"","ast-hfb-below-header-display":"","ast-hfb-mobile-header-display":"","site-post-title":"disabled","ast-breadcrumbs-content":"","ast-featured-img":"disabled","footer-sml-layout":"","theme-transparent-header-meta":"default","adv-header-id-meta":"","stick-header-meta":"","header-above-stick-meta":"","header-main-stick-meta":"","header-below-stick-meta":"","astra-migrate-meta-layouts":"default","ast-page-background-enabled":"default","ast-page-background-meta":{"desktop":{"background-color":"","background-image":"","background-repeat":"repeat","background-position":"center center","background-size":"auto","background-attachment":"scroll","background-type":"","background-media":"","overlay-type":"","overlay-color":"","overlay-opacity":"","overlay-gradient":""},"tablet":{"background-color":"","background-image":"","background-repeat":"repeat","background-position":"center center","background-size":"auto","background-attachment":"scroll","background-type":"","background-media":"","overlay-type":"","overlay-color":"","overlay-opacity":"","overlay-gradient":""},"mobile":{"background-color":"","background-image":"","background-repeat":"repeat","background-position":"center center","background-size":"auto","background-attachment":"scroll","background-type":"","background-media":"","overlay-type":"","overlay-color":"","overlay-opacity":"","overlay-gradient":""}},"ast-content-background-meta":{"desktop":{"background-color":"var(--ast-global-color-5)","background-image":"","background-repeat":"repeat","background-position":"center center","background-size":"auto","background-attachment":"scroll","background-type":"","background-media":"","overlay-type":"","overlay-color":"","overlay-opacity":"","overlay-gradient":""},"tablet":{"background-color":"var(--ast-global-color-5)","background-image":"","background-repeat":"repeat","background-position":"center center","background-size":"auto","background-attachment":"scroll","background-type":"","background-media":"","overlay-type":"","overlay-color":"","overlay-opacity":"","overlay-gradient":""},"mobile":{"background-color":"var(--ast-global-color-5)","background-image":"","background-repeat":"repeat","background-position":"center center","background-size":"auto","background-attachment":"scroll","background-type":"","background-media":"","overlay-type":"","overlay-color":"","overlay-opacity":"","overlay-gradient":""}},"footnotes":""},"class_list":["post-1406","page","type-page","status-publish","hentry"],"acf":[],"yoast_head":"<!-- This site is optimized with the Yoast SEO plugin v23.1 - https:\/\/yoast.com\/wordpress\/plugins\/seo\/ -->\n<title>Mit Uniqueles trotz Haarausfall sch\u00f6n &amp; selbstbewusst f\u00fchlen!<\/title>\n<meta name=\"description\" content=\"Bei Erkrankung, Haarausfall oder einfach zur Typver\u00e4nderung. Stell Dir jetzt aus trendigen Produkten Deine eigene Kopfbedeckung zusammen!\" \/>\n<meta name=\"robots\" content=\"index, follow, max-snippet:-1, max-image-preview:large, max-video-preview:-1\" \/>\n<link rel=\"canonical\" href=\"https:\/\/uniqueles.ch\/fr\/\" \/>\n<meta property=\"og:locale\" content=\"fr_FR\" \/>\n<meta property=\"og:type\" content=\"article\" \/>\n<meta property=\"og:title\" content=\"Mit Uniqueles trotz Haarausfall sch\u00f6n &amp; selbstbewusst f\u00fchlen!\" \/>\n<meta property=\"og:description\" content=\"Bei Erkrankung, Haarausfall oder einfach zur Typver\u00e4nderung. Stell Dir jetzt aus trendigen Produkten Deine eigene Kopfbedeckung zusammen!\" \/>\n<meta property=\"og:url\" content=\"https:\/\/uniqueles.ch\/fr\/\" \/>\n<meta property=\"og:site_name\" content=\"Uniqueles\" \/>\n<meta property=\"article:publisher\" content=\"https:\/\/www.facebook.com\/uniqueles2020\" \/>\n<meta property=\"article:modified_time\" content=\"2021-07-06T08:11:58+00:00\" \/>\n<meta property=\"og:image\" content=\"https:\/\/uniqueles.ch\/wp-content\/uploads\/junge-laechelnde-frau.jpg\" \/>\n<meta name=\"twitter:card\" content=\"summary_large_image\" \/>\n<script type=\"application\/ld+json\" class=\"yoast-schema-graph\">{\"@context\":\"https:\/\/schema.org\",\"@graph\":[{\"@type\":\"WebPage\",\"@id\":\"https:\/\/uniqueles.ch\/fr\/\",\"url\":\"https:\/\/uniqueles.ch\/fr\/\",\"name\":\"Mit Uniqueles trotz Haarausfall sch\u00f6n & selbstbewusst f\u00fchlen!\",\"isPartOf\":{\"@id\":\"https:\/\/uniqueles.ch\/fr\/#website\"},\"primaryImageOfPage\":{\"@id\":\"https:\/\/uniqueles.ch\/fr\/#primaryimage\"},\"image\":{\"@id\":\"https:\/\/uniqueles.ch\/fr\/#primaryimage\"},\"thumbnailUrl\":\"https:\/\/uniqueles.ch\/wp-content\/uploads\/junge-laechelnde-frau.jpg\",\"datePublished\":\"2021-05-06T02:12:13+00:00\",\"dateModified\":\"2021-07-06T08:11:58+00:00\",\"description\":\"Bei Erkrankung, Haarausfall oder einfach zur Typver\u00e4nderung. Stell Dir jetzt aus trendigen Produkten Deine eigene Kopfbedeckung zusammen!\",\"breadcrumb\":{\"@id\":\"https:\/\/uniqueles.ch\/fr\/#breadcrumb\"},\"inLanguage\":\"fr-FR\",\"potentialAction\":[{\"@type\":\"ReadAction\",\"target\":[\"https:\/\/uniqueles.ch\/fr\/\"]}]},{\"@type\":\"ImageObject\",\"inLanguage\":\"fr-FR\",\"@id\":\"https:\/\/uniqueles.ch\/fr\/#primaryimage\",\"url\":\"https:\/\/uniqueles.ch\/wp-content\/uploads\/junge-laechelnde-frau.jpg\",\"contentUrl\":\"https:\/\/uniqueles.ch\/wp-content\/uploads\/junge-laechelnde-frau.jpg\"},{\"@type\":\"BreadcrumbList\",\"@id\":\"https:\/\/uniqueles.ch\/fr\/#breadcrumb\",\"itemListElement\":[{\"@type\":\"ListItem\",\"position\":1,\"name\":\"Startseite\",\"item\":\"https:\/\/uniqueles.ch\/fr\/\"},{\"@type\":\"ListItem\",\"position\":2,\"name\":\"Accueil\"}]},{\"@type\":\"WebSite\",\"@id\":\"https:\/\/uniqueles.ch\/fr\/#website\",\"url\":\"https:\/\/uniqueles.ch\/fr\/\",\"name\":\"Uniqueles\",\"description\":\"\",\"potentialAction\":[{\"@type\":\"SearchAction\",\"target\":{\"@type\":\"EntryPoint\",\"urlTemplate\":\"https:\/\/uniqueles.ch\/fr\/?s={search_term_string}\"},\"query-input\":\"required name=search_term_string\"}],\"inLanguage\":\"fr-FR\"}]}<\/script>\n<!-- \/ Yoast SEO plugin. -->","yoast_head_json":{"title":"Mit Uniqueles trotz Haarausfall sch\u00f6n & selbstbewusst f\u00fchlen!","description":"Bei Erkrankung, Haarausfall oder einfach zur Typver\u00e4nderung. Stell Dir jetzt aus trendigen Produkten Deine eigene Kopfbedeckung zusammen!","robots":{"index":"index","follow":"follow","max-snippet":"max-snippet:-1","max-image-preview":"max-image-preview:large","max-video-preview":"max-video-preview:-1"},"canonical":"https:\/\/uniqueles.ch\/fr\/","og_locale":"fr_FR","og_type":"article","og_title":"Mit Uniqueles trotz Haarausfall sch\u00f6n & selbstbewusst f\u00fchlen!","og_description":"Bei Erkrankung, Haarausfall oder einfach zur Typver\u00e4nderung. Stell Dir jetzt aus trendigen Produkten Deine eigene Kopfbedeckung zusammen!","og_url":"https:\/\/uniqueles.ch\/fr\/","og_site_name":"Uniqueles","article_publisher":"https:\/\/www.facebook.com\/uniqueles2020","article_modified_time":"2021-07-06T08:11:58+00:00","og_image":[{"url":"https:\/\/uniqueles.ch\/wp-content\/uploads\/junge-laechelnde-frau.jpg"}],"twitter_card":"summary_large_image","schema":{"@context":"https:\/\/schema.org","@graph":[{"@type":"WebPage","@id":"https:\/\/uniqueles.ch\/fr\/","url":"https:\/\/uniqueles.ch\/fr\/","name":"Mit Uniqueles trotz Haarausfall sch\u00f6n & selbstbewusst f\u00fchlen!","isPartOf":{"@id":"https:\/\/uniqueles.ch\/fr\/#website"},"primaryImageOfPage":{"@id":"https:\/\/uniqueles.ch\/fr\/#primaryimage"},"image":{"@id":"https:\/\/uniqueles.ch\/fr\/#primaryimage"},"thumbnailUrl":"https:\/\/uniqueles.ch\/wp-content\/uploads\/junge-laechelnde-frau.jpg","datePublished":"2021-05-06T02:12:13+00:00","dateModified":"2021-07-06T08:11:58+00:00","description":"Bei Erkrankung, Haarausfall oder einfach zur Typver\u00e4nderung. Stell Dir jetzt aus trendigen Produkten Deine eigene Kopfbedeckung zusammen!","breadcrumb":{"@id":"https:\/\/uniqueles.ch\/fr\/#breadcrumb"},"inLanguage":"fr-FR","potentialAction":[{"@type":"ReadAction","target":["https:\/\/uniqueles.ch\/fr\/"]}]},{"@type":"ImageObject","inLanguage":"fr-FR","@id":"https:\/\/uniqueles.ch\/fr\/#primaryimage","url":"https:\/\/uniqueles.ch\/wp-content\/uploads\/junge-laechelnde-frau.jpg","contentUrl":"https:\/\/uniqueles.ch\/wp-content\/uploads\/junge-laechelnde-frau.jpg"},{"@type":"BreadcrumbList","@id":"https:\/\/uniqueles.ch\/fr\/#breadcrumb","itemListElement":[{"@type":"ListItem","position":1,"name":"Startseite","item":"https:\/\/uniqueles.ch\/fr\/"},{"@type":"ListItem","position":2,"name":"Accueil"}]},{"@type":"WebSite","@id":"https:\/\/uniqueles.ch\/fr\/#website","url":"https:\/\/uniqueles.ch\/fr\/","name":"Uniqueles","description":"","potentialAction":[{"@type":"SearchAction","target":{"@type":"EntryPoint","urlTemplate":"https:\/\/uniqueles.ch\/fr\/?s={search_term_string}"},"query-input":"required name=search_term_string"}],"inLanguage":"fr-FR"}]}},"_links":{"self":[{"href":"https:\/\/uniqueles.ch\/fr\/wp-json\/wp\/v2\/pages\/1406"}],"collection":[{"href":"https:\/\/uniqueles.ch\/fr\/wp-json\/wp\/v2\/pages"}],"about":[{"href":"https:\/\/uniqueles.ch\/fr\/wp-json\/wp\/v2\/types\/page"}],"author":[{"embeddable":true,"href":"https:\/\/uniqueles.ch\/fr\/wp-json\/wp\/v2\/users\/1"}],"replies":[{"embeddable":true,"href":"https:\/\/uniqueles.ch\/fr\/wp-json\/wp\/v2\/comments?post=1406"}],"version-history":[{"count":21,"href":"https:\/\/uniqueles.ch\/fr\/wp-json\/wp\/v2\/pages\/1406\/revisions"}],"predecessor-version":[{"id":1875,"href":"https:\/\/uniqueles.ch\/fr\/wp-json\/wp\/v2\/pages\/1406\/revisions\/1875"}],"wp:attachment":[{"href":"https:\/\/uniqueles.ch\/fr\/wp-json\/wp\/v2\/media?parent=1406"}],"curies":[{"name":"wp","href":"https:\/\/api.w.org\/{rel}","templated":true}]}}