{"id":1410,"date":"2021-05-06T02:50:05","date_gmt":"2021-05-06T02:50:05","guid":{"rendered":"http:\/\/dev.uniqueles.ch\/cosmetiques-et-soins-de-la-peau\/"},"modified":"2021-06-08T06:56:49","modified_gmt":"2021-06-08T06:56:49","slug":"cosmetiques-et-soins-de-la-peau","status":"publish","type":"page","link":"https:\/\/uniqueles.ch\/fr\/cosmetiques-et-soins-de-la-peau\/","title":{"rendered":"Cosm\u00e9tiques et soins de la peau"},"content":{"rendered":"\n\n\t\t<h1>\n\t\t\tCOSM\u00c9TIQUE ET SOINS\n\t\t\t\t\t\t\t\t\t\t\tCONSEILS ET ASTUCES POUR LES SOINS QUOTIDIENS ET<br \/> COSM\u00c9TIQUES PENDANT TRAITEMENT DU CANCER.\n\t\t<\/h1>\n\t\t\t\t<img decoding=\"async\" src=\"https:\/\/uniqueles.ch\/wp-content\/uploads\/junge-laechelnde-frau-mit-schoener-haut-trotz-krebs.jpg\" alt=\"junge laechelnde frau mit schoener haut trotz krebs\" itemprop=\"image\" height=\"588\" width=\"560\" title=\"Junge Laechelnde Frau Mit Schoener Haut Trotz Krebs\" onerror=\"this.style.display='none'\"  \/>\n\t\t<h2>\n\t\t\tSOINS PENDANT UN CANCER\n\t\t\t\t\t\t\t\t\t\t\tSOINS DE LA PEAU APPROPRI\u00c9S\n\t\t<\/h2>\n\t\t\tSens-toi belle ! Sens-toi bien dans ton propre corps. Oublie la maladie un instant &#8230; Pendant la chimioth\u00e9rapie, les soins de la peau sont non seulement physiquement importants, mais \u00e9galement b\u00e9n\u00e9fiques pour l&#8217;\u00e2me.\nMalheureusement, la chimioth\u00e9rapie est rarement sans effets secondaires. Peu importe qu&#8217;il s&#8217;agisse de chimioth\u00e9rapie, de radioth\u00e9rapie, hormonoth\u00e9rapie ou une th\u00e9rapie chirurgicale : la peau est la zone la plus touch\u00e9e. Elle s\u00e8che beaucoup et n\u00e9cessite donc de soins intensifs:\t\t\n\t<a href=\"https:\/\/uniqueles.ch\/fr\/produit\/uniqueles-bandana\/\" target=\"_self\" role=\"button\" aria-label=\"Dessine ton propre UNIQUELES BANDANA\u00a9\" rel=\"noopener\">\n\t\t\t\tDessine ton propre UNIQUELES BANDANA<sup>\u00a9<\/sup>\n\t\t\t<\/a>\n\t<ul>\n\t\t\t<li>\n\t\t\t\tPendant le traitement, baigne-toi dans de l'eau ti\u00e8de (pas chaude !). Utilise uniquement du gel douche et des shampooings doux avec un pH neutre. N'utilise pas de chiffons rugueux et de brosses rigides. \u00c9vite les longs bains pendant la p\u00e9riode de traitement, car cela s\u00e8che encore plus la peau. Applique toujours une cr\u00e8me hydratante, surtout apr\u00e8s le bain.\n\t\t\t<\/li>\n\t\t\t<li>\n\t\t\t\tEn \u00e9t\u00e9, il est essentiel de prot\u00e9ger la peau des rayons UV. En cas de chute de cheveux due \u00e0 la chimioth\u00e9rapie, le cuir chevelu a besoin d'une protection sp\u00e9ciale contre le soleil, car il est tr\u00e8s sensible \u00e0 la lumi\u00e8re. Un \u00e9cran solaire avec un minimum de SPF 50 est recommand\u00e9, et n'oublie pas d'appliquer un \u00e9cran solaire sur ton corps avant de quitter la maison. \u00c9vite le soleil pendant la th\u00e9rapie.\n\t\t\t<\/li>\n\t\t\t<li>\n\t\t\t\tBoit beaucoup, de pr\u00e9f\u00e9rence de l'eau et du th\u00e9. En plus d'aider \u00e0 filtrer les produits chimiques du sang, c\u2019est b\u00e9n\u00e9fique pour la peau.\n\t\t\t<\/li>\n\t\t<\/ul>\n\t<ul>\n\t\t\t<li>\n\t\t\t\tConsulte un dentiste AVANT le traitement et prend grand soin de ton hygi\u00e8ne bucco-dentaire. \u00c9tant donn\u00e9 que la membrane muqueuse peut s\u00e9cher excessivement, des bains de bouche suppl\u00e9mentaires peuvent \u00eatre tr\u00e8s utiles. De plus, tu peux sentir un go\u00fbt de plomb dans ta bouche. Assure-toi de toujours avoir un verre et des chewing-gums \u00e0 proximit\u00e9.\n\t\t\t<\/li>\n\t\t\t<li>\n\t\t\t\tLa chimioth\u00e9rapie peut provoquer une d\u00e9coloration et des modifications des ongles comme effet secondaire. Coupe tes ongles tr\u00e8s courts pendant cette p\u00e9riode et veille \u00e0 ne pas les casser. Porte toujours des gants lorsque tu fais des t\u00e2ches m\u00e9nag\u00e8res telles que le nettoyage ou le lavage, n'oublie pas de prot\u00e9ger ta peau et tes ongles. Consulte un p\u00e9dologue, tu dois faire particuli\u00e8rement attention \u00e0 tes pieds. Apr\u00e8s la chimioth\u00e9rapie, les ongles endommage en particulier peuvent devoir \u00eatre enlev\u00e9s. Tu peux \u00e9galement avoir des crevasses sangiantes aux pieds. Prend soin de tes pieds, mais veille \u00e0 ne pas te blesser en raison d'une mauvaise cicatrisation des plaies.\n\t\t\t<\/li>\n\t\t<\/ul>\n\t\t<h2>\n\t\t\tCOSMETIQUE\n\t\t\t\t\t\t\t\t\t\t\tMAQUILLAGE PENDANT LA CHIMIOTH\u00c9RAPIE\n\t\t<\/h2>\n\t\t\tUtiliser uniquement des cr\u00e8mes \u00e0 base naturelle, sans parfum, qui ont un pH neutre, pour convenir \u00e0 tous les types de peau. Ne pas se maquiller avec les doigts, toujours utiliser des outils de maquillage, tels que des pinceaux ou des \u00e9ponges. Il est \u00e9galement important de nettoyer r\u00e9guli\u00e8rement les ustensiles. De plus, tu dois appliquer un \u00e9cran solaire SPF 50 avant le maquillage.\nTu trouveras ci-dessous une explication d\u00e9taill\u00e9e de la fa\u00e7on d&#8217;appliquer le maquillage. Choisis ce avec quoi tu te sens le plus \u00e0 l&#8217;aise :\t\t\n\t<ul>\n\t\t\t<li>\n\t\t\t\tApr\u00e8s avoir lav\u00e9 et d\u00e9sinfect\u00e9 tes mains, applique une cr\u00e8me hydratante SPF 50 \u00e0 l'aide d'une brosse fine et \u00e9tale-la sur ton cou et ton d\u00e9collet\u00e9. Dans le contour des yeux, utilise une cr\u00e8me pour les yeux et laisse agir 2-3 minutes. \u00c9limine l'exc\u00e8s d'humidit\u00e9 avec un mouchoir en papier. Applique \u00e9galement un soin des l\u00e8vres.\n\t\t\t<\/li>\n\t\t\t<li>\n\t\t\t\tApplique un correcteur sous les yeux. La teinte l\u00e9g\u00e8rement plus claire lui donne un aspect plus frais et couvre les taches sombres. De plus, tu peux l'utiliser pour masquer les rougeurs situ\u00e9es autour du nez.\n\t\t\t<\/li>\n\t\t\t<li>\n\t\t\t\tApplique le fond de teint avec un pinceau ou une \u00e9ponge de maquillage sur le visage et \u00e9tale-le uniform\u00e9ment sur la m\u00e2choire jusqu'au cou. Pour trouver le bon teint, met une fine couche \u00e0 c\u00f4t\u00e9 de la m\u00e2choire, pour avoir une meilleure perception de l'apparence du r\u00e9sultat final.\n\t\t\t<\/li>\n\t\t<\/ul>\n\t<ul>\n\t\t\t<li>\n\t\t\t\tAvec la poudre fixante, le maquillage devient plus durable, \u00e9vitant la brillance de la peau. Il existe sur le march\u00e9 de la poudre libre et de la poudre compacte, \u00e0 utiliser selon l'effet recherch\u00e9. Il est important de le mettre en appliquant de petites touches sur la peau sans s'\u00e9taler.\n\t\t\t<\/li>\n\t\t\t<li>\n\t\t\t\tApplique une quantit\u00e9 g\u00e9n\u00e9reuse de poudre sous les yeux. Puis tapote la poudre avec un pinceau \u00e9ventail. Si tu as des rides autour des yeux, ne met pas de poudre, sinon les rides seront mises en \u00e9vidence.\n\t\t\t<\/li>\n\t\t\t<li>\n\t\t\t\tApplique un primer comme base pour que les couleurs adh\u00e8rent mieux. Opte pour une ombre \u00e0 paupi\u00e8res l\u00e9g\u00e8re sur la paupi\u00e8re mobile. Applique une teinte l\u00e9g\u00e8rement plus fonc\u00e9e, du milieu au coin externe de l'\u0153il. Dans le coin externe de l'\u0153il, applique une ombre encore plus fonc\u00e9e en forme de triangle et m\u00e9lange toutes les couleurs. Applique \u00e9galement un surligneur sur la paupi\u00e8re sup\u00e9rieure jusqu'au sourcil.\n\t\t\t<\/li>\n\t\t<\/ul>\n\t\t<h2>\n\t\t\tLES SOURCILS\n\t\t\t\t\t\t\t\t\t\t\tDETERMINER LA POSITION\n\t\t<\/h2>\n\t\t\t<strong>A: <\/strong>\nPour d\u00e9terminer le d\u00e9but du sourcil, place un crayon de la narine au coin interne de l&#8217;\u0153il.\n\n<strong>B: <\/strong>\nPour d\u00e9terminer la fin du sourcil, place le crayon de la narine au coin externe de l&#8217;\u0153il.\n<strong>C: <\/strong>\nPour trouver le point le plus \u00e9lev\u00e9 de l&#8217;arc des sourcils, place le crayon sur l&#8217;aile du nez en passant par le bord ext\u00e9rieur de l&#8217;iris.\n\t\t\n\t\t\t\t<img decoding=\"async\" src=\"https:\/\/uniqueles.ch\/wp-content\/uploads\/bestimmung-der-augenbrauen-position.jpg\" alt=\"bestimmung der augenbrauen position\" itemprop=\"image\" height=\"420\" width=\"560\" title=\"Bestimmung Der Augenbrauen Position\" onerror=\"this.style.display='none'\"  \/>\n\t\t\t\t<img decoding=\"async\" src=\"https:\/\/uniqueles.ch\/wp-content\/uploads\/augenbrauen-zeichnen-in-vier-schritten.jpg\" alt=\"augenbrauen zeichnen in vier schritten\" itemprop=\"image\" height=\"420\" width=\"560\" title=\"Augenbrauen Zeichnen In Vier Schritten\" onerror=\"this.style.display='none'\"  \/>\n\t\t<h2>\n\t\t\tLES SOURCILS\n\t\t\t\t\t\t\t\t\t\t\tDESSINER LA FORME\n\t\t<\/h2>\n\t\t\tSelon l&#8217;exemple, c&#8217;est d\u00e9j\u00e0 possible de dessiner les sourcils avec un crayon \u00e0 sourcils ou avec de la poudre \u00e0 sourcils. Si le dessin \u00e0 main lev\u00e9e est trop difficile pour toi, il existe des mod\u00e8les pour te guider. Avec un peu de pratique, tu rendras tes sourcils plus beaux et tu le feras plus rapidement.\t\t\n\t<ul>\n\t\t\t<li>\n\t\t\t\tUtilisez l'eye-liner le long de la ligne des cils sup\u00e9rieurs et placez-le \u00e9galement \u00e0 l'int\u00e9rieur de l'\u0153il. Pour la ligne des cils inf\u00e9rieurs, utilisez un eye-liner selon votre go\u00fbt. Pour un regard intense, utilisez un crayon. Pour garder un aspect plus naturel, tracez la ligne des paupi\u00e8res avec un pinceau fin et terminez avec un fard \u00e0 paupi\u00e8res.\n\t\t\t<\/li>\n\t\t\t<li>\n\t\t\t\tLe blush souligne la forme du visage et lui donne un aspect frais. Il est pr\u00e9f\u00e9rable de l'appliquer en souriant, car c'est alors que vous trouverez la plus haute \u00e9l\u00e9vation des joues. De l\u00e0, appliquez le fard en mouvements circulaires des pommettes \u00e0 la racine des cheveux.\n\t\t\t<\/li>\n\t\t\t<li>\n\t\t\t\tDessinez vos l\u00e8vres avec un crayon \u00e0 l\u00e8vres et peignez-les de fa\u00e7on \u00e0 ce que le rouge \u00e0 l\u00e8vres dure plus longtemps. Les l\u00e8vres paraissent plus pleines si vous peignez l\u00e9g\u00e8rement au-del\u00e0 de la ligne des l\u00e8vres. Appliquez ensuite le rouge \u00e0 l\u00e8vres avec un pinceau \u00e0 l\u00e8vres.\n\t\t\t<\/li>\n\t\t<\/ul>\n\t<ul>\n\t\t\t<li>\n\t\t\t\tD\u00e9sinfecter les pinces \u00e0 \u00e9piler avant de coller les cils. Utilisez une colle sans latex pour \u00e9viter les r\u00e9actions cutan\u00e9es d\u00e9sagr\u00e9ables. Tout d'abord, placez les cils sur la ligne de cils et coupez-les si n\u00e9cessaire avec des ciseaux \u00e0 ongles. Appliquez ensuite la colle \u00e0 cils et attendez 1 \u00e0 2 minutes que la colle s\u00e8che. \u00c0 l'aide d'un coton-tige et d'une pincette, collez les cils de l'int\u00e9rieur vers l'ext\u00e9rieur, aussi pr\u00e8s que possible de la ligne des cils. La colle devient rapidement transparente une fois qu'elle a s\u00e9ch\u00e9. Le soir, vous devez \u00e0 nouveau enlever les cils et les laver afin de pouvoir les r\u00e9utiliser.\n\t\t\t<\/li>\n\t\t<\/ul>\n\t\t<h2>\n\t\t\tQUESTIONS SUPPL\u00c9MENTAIRES\n\t\t\t\t\t\t\t\t\t\t\tTU AS DES QUESTIONS SUR LES SOINS DE LA PEAU OU SUR LES COSM\u00c9TIQUES ?\n\t\t<\/h2>\n\t\t\tSi tu as encore des questions, tu peux me contacter \u00e0 tout moment. \u00c7a me fera plaisir de t&#8217;aider avec tout ce qui concerne soin de la peau ou cosm\u00e9tiques.\t\t\n\t<a href=\"https:\/\/uniqueles.ch\/fr\/contacter\/\" target=\"_self\" role=\"button\" aria-label=\"CONTACTE MOI\" rel=\"noopener\">\n\t\t\t\tCONTACTE MOI\n\t\t\t<\/a>\n\n","protected":false},"excerpt":{"rendered":"<p>COSM\u00c9TIQUE ET SOINS CONSEILS ET ASTUCES POUR LES SOINS QUOTIDIENS ET COSM\u00c9TIQUES PENDANT TRAITEMENT DU CANCER. SOINS PENDANT UN CANCER SOINS DE LA PEAU APPROPRI\u00c9S Sens-toi belle ! Sens-toi bien dans ton propre corps. Oublie la maladie un instant &#8230; Pendant la chimioth\u00e9rapie, les soins de la peau sont non seulement physiquement importants, mais \u00e9galement [&hellip;]<\/p>\n","protected":false},"author":1,"featured_media":0,"parent":0,"menu_order":0,"comment_status":"closed","ping_status":"closed","template":"","meta":{"site-sidebar-layout":"no-sidebar","site-content-layout":"page-builder","ast-site-content-layout":"full-width-container","site-content-style":"unboxed","site-sidebar-style":"unboxed","ast-global-header-display":"","ast-banner-title-visibility":"","ast-main-header-display":"","ast-hfb-above-header-display":"","ast-hfb-below-header-display":"","ast-hfb-mobile-header-display":"","site-post-title":"disabled","ast-breadcrumbs-content":"","ast-featured-img":"disabled","footer-sml-layout":"","theme-transparent-header-meta":"default","adv-header-id-meta":"","stick-header-meta":"","header-above-stick-meta":"","header-main-stick-meta":"","header-below-stick-meta":"","astra-migrate-meta-layouts":"default","ast-page-background-enabled":"default","ast-page-background-meta":{"desktop":{"background-color":"","background-image":"","background-repeat":"repeat","background-position":"center center","background-size":"auto","background-attachment":"scroll","background-type":"","background-media":"","overlay-type":"","overlay-color":"","overlay-opacity":"","overlay-gradient":""},"tablet":{"background-color":"","background-image":"","background-repeat":"repeat","background-position":"center center","background-size":"auto","background-attachment":"scroll","background-type":"","background-media":"","overlay-type":"","overlay-color":"","overlay-opacity":"","overlay-gradient":""},"mobile":{"background-color":"","background-image":"","background-repeat":"repeat","background-position":"center center","background-size":"auto","background-attachment":"scroll","background-type":"","background-media":"","overlay-type":"","overlay-color":"","overlay-opacity":"","overlay-gradient":""}},"ast-content-background-meta":{"desktop":{"background-color":"var(--ast-global-color-5)","background-image":"","background-repeat":"repeat","background-position":"center center","background-size":"auto","background-attachment":"scroll","background-type":"","background-media":"","overlay-type":"","overlay-color":"","overlay-opacity":"","overlay-gradient":""},"tablet":{"background-color":"var(--ast-global-color-5)","background-image":"","background-repeat":"repeat","background-position":"center center","background-size":"auto","background-attachment":"scroll","background-type":"","background-media":"","overlay-type":"","overlay-color":"","overlay-opacity":"","overlay-gradient":""},"mobile":{"background-color":"var(--ast-global-color-5)","background-image":"","background-repeat":"repeat","background-position":"center center","background-size":"auto","background-attachment":"scroll","background-type":"","background-media":"","overlay-type":"","overlay-color":"","overlay-opacity":"","overlay-gradient":""}},"footnotes":""},"class_list":["post-1410","page","type-page","status-publish","hentry"],"acf":[],"yoast_head":"<!-- This site is optimized with the Yoast SEO plugin v23.1 - https:\/\/yoast.com\/wordpress\/plugins\/seo\/ -->\n<title>Kosmetik, Pflegetipps &amp; Tricks von Uniqueles f\u00fcr die t\u00e4gliche Pflege<\/title>\n<meta name=\"description\" content=\"Auch bei einer Erkrankung bleibt die Pflege wichtig. Wir geben dir Tipps, wie du dich trotz Erkrankung sch\u00f6n und selbstbewusst f\u00fchlen kannst.\" \/>\n<meta name=\"robots\" content=\"index, follow, max-snippet:-1, max-image-preview:large, max-video-preview:-1\" \/>\n<link rel=\"canonical\" href=\"https:\/\/uniqueles.ch\/fr\/cosmetiques-et-soins-de-la-peau\/\" \/>\n<meta property=\"og:locale\" content=\"fr_FR\" \/>\n<meta property=\"og:type\" content=\"article\" \/>\n<meta property=\"og:title\" content=\"Kosmetik, Pflegetipps &amp; Tricks von Uniqueles f\u00fcr die t\u00e4gliche Pflege\" \/>\n<meta property=\"og:description\" content=\"Auch bei einer Erkrankung bleibt die Pflege wichtig. Wir geben dir Tipps, wie du dich trotz Erkrankung sch\u00f6n und selbstbewusst f\u00fchlen kannst.\" \/>\n<meta property=\"og:url\" content=\"https:\/\/uniqueles.ch\/fr\/cosmetiques-et-soins-de-la-peau\/\" \/>\n<meta property=\"og:site_name\" content=\"Uniqueles\" \/>\n<meta property=\"article:publisher\" content=\"https:\/\/www.facebook.com\/uniqueles2020\" \/>\n<meta property=\"article:modified_time\" content=\"2021-06-08T06:56:49+00:00\" \/>\n<meta property=\"og:image\" content=\"https:\/\/uniqueles.ch\/wp-content\/uploads\/junge-laechelnde-frau-mit-schoener-haut-trotz-krebs.jpg\" \/>\n<meta name=\"twitter:card\" content=\"summary_large_image\" \/>\n<script type=\"application\/ld+json\" class=\"yoast-schema-graph\">{\"@context\":\"https:\/\/schema.org\",\"@graph\":[{\"@type\":\"WebPage\",\"@id\":\"https:\/\/uniqueles.ch\/fr\/cosmetiques-et-soins-de-la-peau\/\",\"url\":\"https:\/\/uniqueles.ch\/fr\/cosmetiques-et-soins-de-la-peau\/\",\"name\":\"Kosmetik, Pflegetipps & Tricks von Uniqueles f\u00fcr die t\u00e4gliche Pflege\",\"isPartOf\":{\"@id\":\"https:\/\/uniqueles.ch\/fr\/#website\"},\"primaryImageOfPage\":{\"@id\":\"https:\/\/uniqueles.ch\/fr\/cosmetiques-et-soins-de-la-peau\/#primaryimage\"},\"image\":{\"@id\":\"https:\/\/uniqueles.ch\/fr\/cosmetiques-et-soins-de-la-peau\/#primaryimage\"},\"thumbnailUrl\":\"https:\/\/uniqueles.ch\/wp-content\/uploads\/junge-laechelnde-frau-mit-schoener-haut-trotz-krebs.jpg\",\"datePublished\":\"2021-05-06T02:50:05+00:00\",\"dateModified\":\"2021-06-08T06:56:49+00:00\",\"description\":\"Auch bei einer Erkrankung bleibt die Pflege wichtig. Wir geben dir Tipps, wie du dich trotz Erkrankung sch\u00f6n und selbstbewusst f\u00fchlen kannst.\",\"breadcrumb\":{\"@id\":\"https:\/\/uniqueles.ch\/fr\/cosmetiques-et-soins-de-la-peau\/#breadcrumb\"},\"inLanguage\":\"fr-FR\",\"potentialAction\":[{\"@type\":\"ReadAction\",\"target\":[\"https:\/\/uniqueles.ch\/fr\/cosmetiques-et-soins-de-la-peau\/\"]}]},{\"@type\":\"ImageObject\",\"inLanguage\":\"fr-FR\",\"@id\":\"https:\/\/uniqueles.ch\/fr\/cosmetiques-et-soins-de-la-peau\/#primaryimage\",\"url\":\"https:\/\/uniqueles.ch\/wp-content\/uploads\/junge-laechelnde-frau-mit-schoener-haut-trotz-krebs.jpg\",\"contentUrl\":\"https:\/\/uniqueles.ch\/wp-content\/uploads\/junge-laechelnde-frau-mit-schoener-haut-trotz-krebs.jpg\"},{\"@type\":\"BreadcrumbList\",\"@id\":\"https:\/\/uniqueles.ch\/fr\/cosmetiques-et-soins-de-la-peau\/#breadcrumb\",\"itemListElement\":[{\"@type\":\"ListItem\",\"position\":1,\"name\":\"Startseite\",\"item\":\"https:\/\/uniqueles.ch\/fr\/\"},{\"@type\":\"ListItem\",\"position\":2,\"name\":\"Cosm\u00e9tiques et soins de la peau\"}]},{\"@type\":\"WebSite\",\"@id\":\"https:\/\/uniqueles.ch\/fr\/#website\",\"url\":\"https:\/\/uniqueles.ch\/fr\/\",\"name\":\"Uniqueles\",\"description\":\"\",\"potentialAction\":[{\"@type\":\"SearchAction\",\"target\":{\"@type\":\"EntryPoint\",\"urlTemplate\":\"https:\/\/uniqueles.ch\/fr\/?s={search_term_string}\"},\"query-input\":\"required name=search_term_string\"}],\"inLanguage\":\"fr-FR\"}]}<\/script>\n<!-- \/ Yoast SEO plugin. -->","yoast_head_json":{"title":"Kosmetik, Pflegetipps & Tricks von Uniqueles f\u00fcr die t\u00e4gliche Pflege","description":"Auch bei einer Erkrankung bleibt die Pflege wichtig. Wir geben dir Tipps, wie du dich trotz Erkrankung sch\u00f6n und selbstbewusst f\u00fchlen kannst.","robots":{"index":"index","follow":"follow","max-snippet":"max-snippet:-1","max-image-preview":"max-image-preview:large","max-video-preview":"max-video-preview:-1"},"canonical":"https:\/\/uniqueles.ch\/fr\/cosmetiques-et-soins-de-la-peau\/","og_locale":"fr_FR","og_type":"article","og_title":"Kosmetik, Pflegetipps & Tricks von Uniqueles f\u00fcr die t\u00e4gliche Pflege","og_description":"Auch bei einer Erkrankung bleibt die Pflege wichtig. Wir geben dir Tipps, wie du dich trotz Erkrankung sch\u00f6n und selbstbewusst f\u00fchlen kannst.","og_url":"https:\/\/uniqueles.ch\/fr\/cosmetiques-et-soins-de-la-peau\/","og_site_name":"Uniqueles","article_publisher":"https:\/\/www.facebook.com\/uniqueles2020","article_modified_time":"2021-06-08T06:56:49+00:00","og_image":[{"url":"https:\/\/uniqueles.ch\/wp-content\/uploads\/junge-laechelnde-frau-mit-schoener-haut-trotz-krebs.jpg"}],"twitter_card":"summary_large_image","schema":{"@context":"https:\/\/schema.org","@graph":[{"@type":"WebPage","@id":"https:\/\/uniqueles.ch\/fr\/cosmetiques-et-soins-de-la-peau\/","url":"https:\/\/uniqueles.ch\/fr\/cosmetiques-et-soins-de-la-peau\/","name":"Kosmetik, Pflegetipps & Tricks von Uniqueles f\u00fcr die t\u00e4gliche Pflege","isPartOf":{"@id":"https:\/\/uniqueles.ch\/fr\/#website"},"primaryImageOfPage":{"@id":"https:\/\/uniqueles.ch\/fr\/cosmetiques-et-soins-de-la-peau\/#primaryimage"},"image":{"@id":"https:\/\/uniqueles.ch\/fr\/cosmetiques-et-soins-de-la-peau\/#primaryimage"},"thumbnailUrl":"https:\/\/uniqueles.ch\/wp-content\/uploads\/junge-laechelnde-frau-mit-schoener-haut-trotz-krebs.jpg","datePublished":"2021-05-06T02:50:05+00:00","dateModified":"2021-06-08T06:56:49+00:00","description":"Auch bei einer Erkrankung bleibt die Pflege wichtig. Wir geben dir Tipps, wie du dich trotz Erkrankung sch\u00f6n und selbstbewusst f\u00fchlen kannst.","breadcrumb":{"@id":"https:\/\/uniqueles.ch\/fr\/cosmetiques-et-soins-de-la-peau\/#breadcrumb"},"inLanguage":"fr-FR","potentialAction":[{"@type":"ReadAction","target":["https:\/\/uniqueles.ch\/fr\/cosmetiques-et-soins-de-la-peau\/"]}]},{"@type":"ImageObject","inLanguage":"fr-FR","@id":"https:\/\/uniqueles.ch\/fr\/cosmetiques-et-soins-de-la-peau\/#primaryimage","url":"https:\/\/uniqueles.ch\/wp-content\/uploads\/junge-laechelnde-frau-mit-schoener-haut-trotz-krebs.jpg","contentUrl":"https:\/\/uniqueles.ch\/wp-content\/uploads\/junge-laechelnde-frau-mit-schoener-haut-trotz-krebs.jpg"},{"@type":"BreadcrumbList","@id":"https:\/\/uniqueles.ch\/fr\/cosmetiques-et-soins-de-la-peau\/#breadcrumb","itemListElement":[{"@type":"ListItem","position":1,"name":"Startseite","item":"https:\/\/uniqueles.ch\/fr\/"},{"@type":"ListItem","position":2,"name":"Cosm\u00e9tiques et soins de la peau"}]},{"@type":"WebSite","@id":"https:\/\/uniqueles.ch\/fr\/#website","url":"https:\/\/uniqueles.ch\/fr\/","name":"Uniqueles","description":"","potentialAction":[{"@type":"SearchAction","target":{"@type":"EntryPoint","urlTemplate":"https:\/\/uniqueles.ch\/fr\/?s={search_term_string}"},"query-input":"required name=search_term_string"}],"inLanguage":"fr-FR"}]}},"_links":{"self":[{"href":"https:\/\/uniqueles.ch\/fr\/wp-json\/wp\/v2\/pages\/1410"}],"collection":[{"href":"https:\/\/uniqueles.ch\/fr\/wp-json\/wp\/v2\/pages"}],"about":[{"href":"https:\/\/uniqueles.ch\/fr\/wp-json\/wp\/v2\/types\/page"}],"author":[{"embeddable":true,"href":"https:\/\/uniqueles.ch\/fr\/wp-json\/wp\/v2\/users\/1"}],"replies":[{"embeddable":true,"href":"https:\/\/uniqueles.ch\/fr\/wp-json\/wp\/v2\/comments?post=1410"}],"version-history":[{"count":4,"href":"https:\/\/uniqueles.ch\/fr\/wp-json\/wp\/v2\/pages\/1410\/revisions"}],"predecessor-version":[{"id":1679,"href":"https:\/\/uniqueles.ch\/fr\/wp-json\/wp\/v2\/pages\/1410\/revisions\/1679"}],"wp:attachment":[{"href":"https:\/\/uniqueles.ch\/fr\/wp-json\/wp\/v2\/media?parent=1410"}],"curies":[{"name":"wp","href":"https:\/\/api.w.org\/{rel}","templated":true}]}}