{"id":1415,"date":"2021-05-06T03:48:39","date_gmt":"2021-05-06T03:48:39","guid":{"rendered":"http:\/\/dev.uniqueles.ch\/manuel-et-instructions-de-soins\/"},"modified":"2021-06-23T05:19:23","modified_gmt":"2021-06-23T05:19:23","slug":"manuel-et-instructions-de-soins","status":"publish","type":"page","link":"https:\/\/uniqueles.ch\/fr\/manuel-et-instructions-de-soins\/","title":{"rendered":"Manuel et instructions de soins"},"content":{"rendered":"\n\n\t\t<h1>\n\t\t\tINSTRUCTIONS EN VID\u00c9O ET INSTRUCTIONS \n\t\t\t\t\t\t\t\t\t\t\tD&#8217;ENTRETIEN POUR UNIQUELES BANDANA<sup>\u00a9<\/sup>\n\t\t<\/h1>\n\t\t\t\t<img decoding=\"async\" src=\"https:\/\/uniqueles.ch\/wp-content\/uploads\/laechlende-an-krebs-erkrankte-frau-mit-kopftuch-von-uniqueles.jpg\" alt=\"laechlende an krebs erkrankte frau mit kopftuch von uniqueles\" itemprop=\"image\" height=\"740\" width=\"560\" title=\"Laechlende An Krebs Erkrankte Frau Mit Kopftuch Von Uniqueles\" onerror=\"this.style.display='none'\"  \/>\n\t\t<h2>\n\t\t\tINSTRUCTIONS\n\t\t\t\t\t\t\t\t\t\t\t D&#8217;ENTRETIEN POUR PROFITER DE VOTRE UNIQUELES BANDANA<sup>\u00a9<\/sup> PLUS LONGTEMPS\n\t\t<\/h2>\n\t\t\t<p>Met le UNIQUELES BANDANA<sup>\u00a9<\/sup>dans de l&#8217;eau chaleureux, avec quelques gouttes de shampoing pour cheveux synth\u00e9tiques. Lave-le et rince-le soigneusement \u00e0 l&#8217;eau froide et propre. Ensuite, tes cheveux ont besoin de quelques gouttes de revitalisant. Ne frotte pas ! Lave-le bien \u00e0 nouveau, puis enveloppe le UNIQUELES BANDANA<sup>\u00a9<\/sup>dans une serviette douce afin d&#8217;absorber l&#8217;humidit\u00e9. Ne d\u00e9chire jamais le UNIQUELES BANDANA<sup>\u00a9<\/sup>! S\u00e8che-le doucement. Les cheveux synth\u00e9tiques raides peuvent \u00eatre s\u00e9ch\u00e9s avec le s\u00e8che-linge avec une temp\u00e9rature maximale de 200 degr\u00e9s, les cheveux boucl\u00e9s avec une temp\u00e9rature maximale de 160 degr\u00e9s.<\/p>\n\t<p>Si des n\u0153uds se forment, d\u00e9m\u00eale-les avec tes doigts et utilise toujours des peignes de perruque sp\u00e9ciaux pour lisser, ne le fais que lorsque tes cheveux sont compl\u00e8tement secs ! Tiens-le par le large bandeau pour \u00e9viter d&#8217;arracher les cheveux. Les cheveux synth\u00e9tiques r\u00e9sistent \u00e0 la chaleur, tu peux donc les coiffer comme tu le souhaites. Tu peux faire des cheveux raides, boucl\u00e9s ou vice versa. Il est conseill\u00e9 de repasser le foulard sur l&#8217;envers \u00e0 basse temp\u00e9rature. Les plis d&#8217;\u00e9charpe peuvent \u00eatre facilement enlev\u00e9s avec de la vapeur. Il est conseill\u00e9 de placer un assouplissant et d&#8217;utiliser le fer \u00e0 basse temp\u00e9rature pour \u00e9viter d&#8217;ab\u00eemer le tissu. Le moyen le plus simple de mettre le foulard est de attacher les cheveux.<\/p>\n<p>Si tu as d&#8217;autres questions, n&#8217;h\u00e9site pas \u00e0 nous contacter.<\/p>\n\t<a href=\"https:\/\/uniqueles.ch\/fr\/produit\/uniqueles-bandana\/\" target=\"_self\" role=\"button\" aria-label=\"JUSTE 3 PAS POUR OBTENIR TON UNIQUELES BANDANA\u00a9\" rel=\"noopener\">\n\t\t\t\tJUSTE 3 PAS POUR OBTENIR TON UNIQUELES BANDANA<sup>\u00a9<\/sup>\n\t\t\t<\/a>\n\t<p>Si des n\u0153uds se forment, d\u00e9m\u00eale-les avec tes doigts et utilise toujours des peignes de perruque sp\u00e9ciaux pour lisser, ne le fais que lorsque tes cheveux sont compl\u00e8tement secs ! Tiens-le par le large bandeau pour \u00e9viter d&#8217;arracher les cheveux. Les cheveux synth\u00e9tiques r\u00e9sistent \u00e0 la chaleur, tu peux donc les coiffer comme tu le souhaites. Tu peux faire des cheveux raides, boucl\u00e9s ou vice versa. Il est conseill\u00e9 de repasser le foulard sur l&#8217;envers \u00e0 basse temp\u00e9rature. Les plis d&#8217;\u00e9charpe peuvent \u00eatre facilement enlev\u00e9s avec de la vapeur. Il est conseill\u00e9 de placer un assouplissant et d&#8217;utiliser le fer \u00e0 basse temp\u00e9rature pour \u00e9viter d&#8217;ab\u00eemer le tissu. Le moyen le plus simple de mettre le UNIQUELES BANDANA<sup>\u00a9<\/sup>est de attacher les cheveux.<\/p>\n<p>Si tu as d&#8217;autres questions, n&#8217;h\u00e9site pas \u00e0 nous contacter.<\/p>\n\t<a href=\"https:\/\/uniqueles.ch\/fr\/produit\/uniqueles-bandana\/\" target=\"_self\" role=\"button\" aria-label=\"JUSTE 3 PAS POUR OBTENIR TON UNIQUELES BANDANA\u00a9\" rel=\"noopener\">\n\t\t\t\tJUSTE 3 PAS POUR OBTENIR TON UNIQUELES BANDANA<sup>\u00a9<\/sup>\n\t\t\t<\/a>\n\t\t<h2>\n\t\t\tVID\u00c9O\n\t\t\t\t\t\t\t\t\t\t\tCONSEILS ET ASTUCES POUR OPTIMISER LE CONFORT\n\t\t<\/h2>\n\t\t<h3>\n\t\t\t Manuel\n\t\t\t\t\t\t\t\t\t\t\tExtension unilat\u00e9ral\n\t\t<\/h3>\n\t<iframe allowfullscreen allow=\"autoplay\" src=\"https:\/\/www.youtube-nocookie.com\/embed\/n02NbvcW720?feature=oembed&amp;start&amp;end&amp;wmode=opaque&amp;loop=0&amp;controls=1&amp;mute=0&amp;rel=0&amp;modestbranding=1\"><\/iframe>\t\n\t\t<h3>\n\t\t\t Manuel\n\t\t\t\t\t\t\t\t\t\t\tExtension des deux c\u00f4t\u00e9s\n\t\t<\/h3>\n\t<iframe allowfullscreen allow=\"autoplay\" src=\"https:\/\/www.youtube-nocookie.com\/embed\/3wwcGWdn3N0?feature=oembed&amp;start&amp;end&amp;wmode=opaque&amp;loop=0&amp;controls=1&amp;mute=0&amp;rel=0&amp;modestbranding=1\"><\/iframe>\t\n\t\t<h2>\n\t\t\tQUESTIONS SUPPL\u00c9MENTAIRES\n\t\t\t\t\t\t\t\t\t\t\tVous avez des questions sur le style ou les soins?\n\t\t<\/h2>\n\t\t\t<p>Si vous avez des questions sur votre UNIQUELES BANDANA<sup>\u00a9<\/sup>, vous pouvez me contacter \u00e0 tout moment. Je suis heureux de vous aider.<\/p>\n\t<a href=\"https:\/\/uniqueles.ch\/fr\/contacter\/\" target=\"_self\" role=\"button\" aria-label=\"contacter uniqueles\" rel=\"noopener\">\n\t\t\t\tcontacter uniqueles\n\t\t\t<\/a>\n\n","protected":false},"excerpt":{"rendered":"<p>INSTRUCTIONS EN VID\u00c9O ET INSTRUCTIONS D&#8217;ENTRETIEN POUR UNIQUELES BANDANA\u00a9 INSTRUCTIONS D&#8217;ENTRETIEN POUR PROFITER DE VOTRE UNIQUELES BANDANA\u00a9 PLUS LONGTEMPS Met le UNIQUELES BANDANA\u00a9dans de l&#8217;eau chaleureux, avec quelques gouttes de shampoing pour cheveux synth\u00e9tiques. Lave-le et rince-le soigneusement \u00e0 l&#8217;eau froide et propre. Ensuite, tes cheveux ont besoin de quelques gouttes de revitalisant. Ne frotte [&hellip;]<\/p>\n","protected":false},"author":1,"featured_media":0,"parent":0,"menu_order":0,"comment_status":"closed","ping_status":"closed","template":"","meta":{"site-sidebar-layout":"no-sidebar","site-content-layout":"page-builder","ast-site-content-layout":"full-width-container","site-content-style":"unboxed","site-sidebar-style":"unboxed","ast-global-header-display":"","ast-banner-title-visibility":"","ast-main-header-display":"","ast-hfb-above-header-display":"","ast-hfb-below-header-display":"","ast-hfb-mobile-header-display":"","site-post-title":"disabled","ast-breadcrumbs-content":"","ast-featured-img":"disabled","footer-sml-layout":"","theme-transparent-header-meta":"default","adv-header-id-meta":"","stick-header-meta":"","header-above-stick-meta":"","header-main-stick-meta":"","header-below-stick-meta":"","astra-migrate-meta-layouts":"default","ast-page-background-enabled":"default","ast-page-background-meta":{"desktop":{"background-color":"","background-image":"","background-repeat":"repeat","background-position":"center center","background-size":"auto","background-attachment":"scroll","background-type":"","background-media":"","overlay-type":"","overlay-color":"","overlay-opacity":"","overlay-gradient":""},"tablet":{"background-color":"","background-image":"","background-repeat":"repeat","background-position":"center center","background-size":"auto","background-attachment":"scroll","background-type":"","background-media":"","overlay-type":"","overlay-color":"","overlay-opacity":"","overlay-gradient":""},"mobile":{"background-color":"","background-image":"","background-repeat":"repeat","background-position":"center center","background-size":"auto","background-attachment":"scroll","background-type":"","background-media":"","overlay-type":"","overlay-color":"","overlay-opacity":"","overlay-gradient":""}},"ast-content-background-meta":{"desktop":{"background-color":"var(--ast-global-color-5)","background-image":"","background-repeat":"repeat","background-position":"center center","background-size":"auto","background-attachment":"scroll","background-type":"","background-media":"","overlay-type":"","overlay-color":"","overlay-opacity":"","overlay-gradient":""},"tablet":{"background-color":"var(--ast-global-color-5)","background-image":"","background-repeat":"repeat","background-position":"center center","background-size":"auto","background-attachment":"scroll","background-type":"","background-media":"","overlay-type":"","overlay-color":"","overlay-opacity":"","overlay-gradient":""},"mobile":{"background-color":"var(--ast-global-color-5)","background-image":"","background-repeat":"repeat","background-position":"center center","background-size":"auto","background-attachment":"scroll","background-type":"","background-media":"","overlay-type":"","overlay-color":"","overlay-opacity":"","overlay-gradient":""}},"footnotes":""},"class_list":["post-1415","page","type-page","status-publish","hentry"],"acf":[],"yoast_head":"<!-- This site is optimized with the Yoast SEO plugin v23.1 - https:\/\/yoast.com\/wordpress\/plugins\/seo\/ -->\n<title>Pflegehinweise und Videoanleitungen f\u00fcr Kopft\u00fccher von Uniqueles<\/title>\n<meta name=\"description\" content=\"Damit du noch lange Freude an deinem Produkt hast, findest du hier unsere Pflegehinweise und Videoanleitungen rund um Deine Kopfbedeckung.\" \/>\n<meta name=\"robots\" content=\"index, follow, max-snippet:-1, max-image-preview:large, max-video-preview:-1\" \/>\n<link rel=\"canonical\" href=\"https:\/\/uniqueles.ch\/fr\/manuel-et-instructions-de-soins\/\" \/>\n<meta property=\"og:locale\" content=\"fr_FR\" \/>\n<meta property=\"og:type\" content=\"article\" \/>\n<meta property=\"og:title\" content=\"Pflegehinweise und Videoanleitungen f\u00fcr Kopft\u00fccher von Uniqueles\" \/>\n<meta property=\"og:description\" content=\"Damit du noch lange Freude an deinem Produkt hast, findest du hier unsere Pflegehinweise und Videoanleitungen rund um Deine Kopfbedeckung.\" \/>\n<meta property=\"og:url\" content=\"https:\/\/uniqueles.ch\/fr\/manuel-et-instructions-de-soins\/\" \/>\n<meta property=\"og:site_name\" content=\"Uniqueles\" \/>\n<meta property=\"article:publisher\" content=\"https:\/\/www.facebook.com\/uniqueles2020\" \/>\n<meta property=\"article:modified_time\" content=\"2021-06-23T05:19:23+00:00\" \/>\n<meta property=\"og:image\" content=\"https:\/\/uniqueles.ch\/wp-content\/uploads\/laechlende-an-krebs-erkrankte-frau-mit-kopftuch-von-uniqueles.jpg\" \/>\n<meta name=\"twitter:card\" content=\"summary_large_image\" \/>\n<script type=\"application\/ld+json\" class=\"yoast-schema-graph\">{\"@context\":\"https:\/\/schema.org\",\"@graph\":[{\"@type\":\"WebPage\",\"@id\":\"https:\/\/uniqueles.ch\/fr\/manuel-et-instructions-de-soins\/\",\"url\":\"https:\/\/uniqueles.ch\/fr\/manuel-et-instructions-de-soins\/\",\"name\":\"Pflegehinweise und Videoanleitungen f\u00fcr Kopft\u00fccher von Uniqueles\",\"isPartOf\":{\"@id\":\"https:\/\/uniqueles.ch\/fr\/#website\"},\"primaryImageOfPage\":{\"@id\":\"https:\/\/uniqueles.ch\/fr\/manuel-et-instructions-de-soins\/#primaryimage\"},\"image\":{\"@id\":\"https:\/\/uniqueles.ch\/fr\/manuel-et-instructions-de-soins\/#primaryimage\"},\"thumbnailUrl\":\"https:\/\/uniqueles.ch\/wp-content\/uploads\/laechlende-an-krebs-erkrankte-frau-mit-kopftuch-von-uniqueles.jpg\",\"datePublished\":\"2021-05-06T03:48:39+00:00\",\"dateModified\":\"2021-06-23T05:19:23+00:00\",\"description\":\"Damit du noch lange Freude an deinem Produkt hast, findest du hier unsere Pflegehinweise und Videoanleitungen rund um Deine Kopfbedeckung.\",\"breadcrumb\":{\"@id\":\"https:\/\/uniqueles.ch\/fr\/manuel-et-instructions-de-soins\/#breadcrumb\"},\"inLanguage\":\"fr-FR\",\"potentialAction\":[{\"@type\":\"ReadAction\",\"target\":[\"https:\/\/uniqueles.ch\/fr\/manuel-et-instructions-de-soins\/\"]}]},{\"@type\":\"ImageObject\",\"inLanguage\":\"fr-FR\",\"@id\":\"https:\/\/uniqueles.ch\/fr\/manuel-et-instructions-de-soins\/#primaryimage\",\"url\":\"https:\/\/uniqueles.ch\/wp-content\/uploads\/laechlende-an-krebs-erkrankte-frau-mit-kopftuch-von-uniqueles.jpg\",\"contentUrl\":\"https:\/\/uniqueles.ch\/wp-content\/uploads\/laechlende-an-krebs-erkrankte-frau-mit-kopftuch-von-uniqueles.jpg\"},{\"@type\":\"BreadcrumbList\",\"@id\":\"https:\/\/uniqueles.ch\/fr\/manuel-et-instructions-de-soins\/#breadcrumb\",\"itemListElement\":[{\"@type\":\"ListItem\",\"position\":1,\"name\":\"Startseite\",\"item\":\"https:\/\/uniqueles.ch\/fr\/\"},{\"@type\":\"ListItem\",\"position\":2,\"name\":\"Manuel et instructions de soins\"}]},{\"@type\":\"WebSite\",\"@id\":\"https:\/\/uniqueles.ch\/fr\/#website\",\"url\":\"https:\/\/uniqueles.ch\/fr\/\",\"name\":\"Uniqueles\",\"description\":\"\",\"potentialAction\":[{\"@type\":\"SearchAction\",\"target\":{\"@type\":\"EntryPoint\",\"urlTemplate\":\"https:\/\/uniqueles.ch\/fr\/?s={search_term_string}\"},\"query-input\":\"required name=search_term_string\"}],\"inLanguage\":\"fr-FR\"}]}<\/script>\n<!-- \/ Yoast SEO plugin. -->","yoast_head_json":{"title":"Pflegehinweise und Videoanleitungen f\u00fcr Kopft\u00fccher von Uniqueles","description":"Damit du noch lange Freude an deinem Produkt hast, findest du hier unsere Pflegehinweise und Videoanleitungen rund um Deine Kopfbedeckung.","robots":{"index":"index","follow":"follow","max-snippet":"max-snippet:-1","max-image-preview":"max-image-preview:large","max-video-preview":"max-video-preview:-1"},"canonical":"https:\/\/uniqueles.ch\/fr\/manuel-et-instructions-de-soins\/","og_locale":"fr_FR","og_type":"article","og_title":"Pflegehinweise und Videoanleitungen f\u00fcr Kopft\u00fccher von Uniqueles","og_description":"Damit du noch lange Freude an deinem Produkt hast, findest du hier unsere Pflegehinweise und Videoanleitungen rund um Deine Kopfbedeckung.","og_url":"https:\/\/uniqueles.ch\/fr\/manuel-et-instructions-de-soins\/","og_site_name":"Uniqueles","article_publisher":"https:\/\/www.facebook.com\/uniqueles2020","article_modified_time":"2021-06-23T05:19:23+00:00","og_image":[{"url":"https:\/\/uniqueles.ch\/wp-content\/uploads\/laechlende-an-krebs-erkrankte-frau-mit-kopftuch-von-uniqueles.jpg"}],"twitter_card":"summary_large_image","schema":{"@context":"https:\/\/schema.org","@graph":[{"@type":"WebPage","@id":"https:\/\/uniqueles.ch\/fr\/manuel-et-instructions-de-soins\/","url":"https:\/\/uniqueles.ch\/fr\/manuel-et-instructions-de-soins\/","name":"Pflegehinweise und Videoanleitungen f\u00fcr Kopft\u00fccher von Uniqueles","isPartOf":{"@id":"https:\/\/uniqueles.ch\/fr\/#website"},"primaryImageOfPage":{"@id":"https:\/\/uniqueles.ch\/fr\/manuel-et-instructions-de-soins\/#primaryimage"},"image":{"@id":"https:\/\/uniqueles.ch\/fr\/manuel-et-instructions-de-soins\/#primaryimage"},"thumbnailUrl":"https:\/\/uniqueles.ch\/wp-content\/uploads\/laechlende-an-krebs-erkrankte-frau-mit-kopftuch-von-uniqueles.jpg","datePublished":"2021-05-06T03:48:39+00:00","dateModified":"2021-06-23T05:19:23+00:00","description":"Damit du noch lange Freude an deinem Produkt hast, findest du hier unsere Pflegehinweise und Videoanleitungen rund um Deine Kopfbedeckung.","breadcrumb":{"@id":"https:\/\/uniqueles.ch\/fr\/manuel-et-instructions-de-soins\/#breadcrumb"},"inLanguage":"fr-FR","potentialAction":[{"@type":"ReadAction","target":["https:\/\/uniqueles.ch\/fr\/manuel-et-instructions-de-soins\/"]}]},{"@type":"ImageObject","inLanguage":"fr-FR","@id":"https:\/\/uniqueles.ch\/fr\/manuel-et-instructions-de-soins\/#primaryimage","url":"https:\/\/uniqueles.ch\/wp-content\/uploads\/laechlende-an-krebs-erkrankte-frau-mit-kopftuch-von-uniqueles.jpg","contentUrl":"https:\/\/uniqueles.ch\/wp-content\/uploads\/laechlende-an-krebs-erkrankte-frau-mit-kopftuch-von-uniqueles.jpg"},{"@type":"BreadcrumbList","@id":"https:\/\/uniqueles.ch\/fr\/manuel-et-instructions-de-soins\/#breadcrumb","itemListElement":[{"@type":"ListItem","position":1,"name":"Startseite","item":"https:\/\/uniqueles.ch\/fr\/"},{"@type":"ListItem","position":2,"name":"Manuel et instructions de soins"}]},{"@type":"WebSite","@id":"https:\/\/uniqueles.ch\/fr\/#website","url":"https:\/\/uniqueles.ch\/fr\/","name":"Uniqueles","description":"","potentialAction":[{"@type":"SearchAction","target":{"@type":"EntryPoint","urlTemplate":"https:\/\/uniqueles.ch\/fr\/?s={search_term_string}"},"query-input":"required name=search_term_string"}],"inLanguage":"fr-FR"}]}},"_links":{"self":[{"href":"https:\/\/uniqueles.ch\/fr\/wp-json\/wp\/v2\/pages\/1415"}],"collection":[{"href":"https:\/\/uniqueles.ch\/fr\/wp-json\/wp\/v2\/pages"}],"about":[{"href":"https:\/\/uniqueles.ch\/fr\/wp-json\/wp\/v2\/types\/page"}],"author":[{"embeddable":true,"href":"https:\/\/uniqueles.ch\/fr\/wp-json\/wp\/v2\/users\/1"}],"replies":[{"embeddable":true,"href":"https:\/\/uniqueles.ch\/fr\/wp-json\/wp\/v2\/comments?post=1415"}],"version-history":[{"count":6,"href":"https:\/\/uniqueles.ch\/fr\/wp-json\/wp\/v2\/pages\/1415\/revisions"}],"predecessor-version":[{"id":1769,"href":"https:\/\/uniqueles.ch\/fr\/wp-json\/wp\/v2\/pages\/1415\/revisions\/1769"}],"wp:attachment":[{"href":"https:\/\/uniqueles.ch\/fr\/wp-json\/wp\/v2\/media?parent=1415"}],"curies":[{"name":"wp","href":"https:\/\/api.w.org\/{rel}","templated":true}]}}