{"id":1420,"date":"2021-05-06T04:17:35","date_gmt":"2021-05-06T04:17:35","guid":{"rendered":"http:\/\/dev.uniqueles.ch\/contacter\/"},"modified":"2021-06-24T02:04:49","modified_gmt":"2021-06-24T02:04:49","slug":"contacter","status":"publish","type":"page","link":"https:\/\/uniqueles.ch\/fr\/contacter\/","title":{"rendered":"Contacter"},"content":{"rendered":"\n\n\t\t<h1>\n\t\t\tCONTACTE-NOUS \u00c0 TOUT MOMENT.\n\t\t\t\t\t\t\t\t\t\t\tNOUS AVONS TOUT LE PLAISIR DE T&#8217;AIDER\n\t\t<\/h1>\n\t\t<h2>\n\t\t\tTU AS DES QUESTIONS ?\n\t\t\t\t\t\t\t\t\t\t\tCONTACT\n\t\t<\/h2>\n\t\t\tTu as des questions sur un produit, perte de cheveux ou chimioth\u00e9rapie?\nContacte-nous sans engagement. Nous sommes heureux de t&#8217;aider.\n<form>\n\t<input type=\"hidden\" name=\"fl-layout-id\" value=\"1420\" \/>\n    <h3>\n\t\t<\/h3>\n\t\n\t\t\n    \t\t<label for=\"pp-name-\">Nom *<\/label>\n    \t\tPlease enter your name.\n    \t\t<input type=\"text\" name=\"pp-name\" id=\"pp-name-\" value=\"\" placeholder=\"Nom *\"  \/>\n    \t\t<label for=\"pp-email-\">E-Mail *<\/label>\n    \t\tPlease enter a valid email address.\n    \t\t<input type=\"email\" name=\"pp-email\" id=\"pp-email-\" value=\"\" placeholder=\"E-Mail *\"  \/>\n    \t\t<label for=\"pp-phone-\">T\u00e9l\u00e9phone<\/label>\n    \t\tPlease enter a valid phone number.\n    \t\t<input type=\"tel\" name=\"pp-phone\" id=\"pp-phone-\" value=\"\" placeholder=\"T\u00e9l\u00e9phone\"  \/>\n    \t\t<label for=\"pp-subject-\">Objet<\/label>\n    \t\tPlease enter a subject.\n    \t\t<input type=\"text\" name=\"pp-subject\" id=\"pp-subject-\" value=\"\" placeholder=\"Objet\"  \/>\n    \t\t<label for=\"pp-message-\">Ton message *<\/label>\n    \t\tPlease type your message.\n    \t\t<textarea name=\"pp-message\" id=\"pp-message-\" placeholder=\"Ton message *\"><\/textarea>\n\t\t<input type=\"checkbox\" name=\"pp-checkbox\" id=\"pp-checkbox_\" value=\"1\" \/>\n\t\t<label for=\"pp-checkbox_\">En cochant la case ci-contre, tu acceptes que les donn\u00e9es que tu fournis soient collect\u00e9es et stock\u00e9es \u00e9lectroniquement. Tes donn\u00e9es ne seront utilis\u00e9es que dans le but de traiter et de r\u00e9pondre \u00e0 ta demande. Tu peux r\u00e9voquer ce consentement \u00e0 tout moment en nous envoyant un message. En cas de r\u00e9vocation, tes donn\u00e9es seront imm\u00e9diatement supprim\u00e9es. Plus d'informations peuvent \u00eatre trouv\u00e9es dans la politique de confidentialit\u00e9.<\/label>\n\t\tDieses Feld ist ein Pflichtfeld.\n    \t<a href=\"#\" target=\"_self\" role=\"button\" rel=\"noopener\">\n    \t\t    \t\t    \t\tEnvoyer\n    \t\t    \t\t    \t<\/a>\n\t\t\tDeine Nachricht konnte leider nicht versandt werden. Bitte versuche es nochmals.\n<\/form>\n  Merci pour votre message! Nous vous r\u00e9pondrons dans les plus brefs d\u00e9lais.\n\t\t<h2>\n\t\t\tSandra D&#8217;Angelo\n\t\t<\/h2>\n\t\t\t<strong>Founder and Country Manager Uniqueles<\/strong><br \/>\n<strong>Switzerland\/Europe<\/strong>\n        LANGUAGES:\n        Portuguese, English, Italian, German\n        PHONE:\n        0041 78 406 27 47\n        EMAIL:\n        <a href=\"mailto:sandra.dangelo@uniqueles.ch\">sandra.dangelo@uniqueles.ch<\/a>\n        ADRESS:\n        Schwerzenbachstr. 7a, 8604 Volketswil, Switzerland\n\t\t\t\t<img decoding=\"async\" src=\"https:\/\/uniqueles.ch\/wp-content\/uploads\/sandra-d-angelo.jpg\" alt=\"sandra d angelo\" itemprop=\"image\" height=\"496\" width=\"487\" title=\"Sandra D Angelo\" onerror=\"this.style.display='none'\"  \/>\n\n","protected":false},"excerpt":{"rendered":"<p>CONTACTE-NOUS \u00c0 TOUT MOMENT. NOUS AVONS TOUT LE PLAISIR DE T&#8217;AIDER TU AS DES QUESTIONS ? CONTACT Tu as des questions sur un produit, perte de cheveux ou chimioth\u00e9rapie? Contacte-nous sans engagement. Nous sommes heureux de t&#8217;aider. Nom * Please enter your name. E-Mail * Please enter a valid email address. T\u00e9l\u00e9phone Please enter a [&hellip;]<\/p>\n","protected":false},"author":1,"featured_media":0,"parent":0,"menu_order":0,"comment_status":"closed","ping_status":"closed","template":"","meta":{"site-sidebar-layout":"no-sidebar","site-content-layout":"page-builder","ast-site-content-layout":"full-width-container","site-content-style":"unboxed","site-sidebar-style":"unboxed","ast-global-header-display":"","ast-banner-title-visibility":"","ast-main-header-display":"","ast-hfb-above-header-display":"","ast-hfb-below-header-display":"","ast-hfb-mobile-header-display":"","site-post-title":"disabled","ast-breadcrumbs-content":"","ast-featured-img":"disabled","footer-sml-layout":"","theme-transparent-header-meta":"default","adv-header-id-meta":"","stick-header-meta":"","header-above-stick-meta":"","header-main-stick-meta":"","header-below-stick-meta":"","astra-migrate-meta-layouts":"default","ast-page-background-enabled":"default","ast-page-background-meta":{"desktop":{"background-color":"","background-image":"","background-repeat":"repeat","background-position":"center center","background-size":"auto","background-attachment":"scroll","background-type":"","background-media":"","overlay-type":"","overlay-color":"","overlay-opacity":"","overlay-gradient":""},"tablet":{"background-color":"","background-image":"","background-repeat":"repeat","background-position":"center center","background-size":"auto","background-attachment":"scroll","background-type":"","background-media":"","overlay-type":"","overlay-color":"","overlay-opacity":"","overlay-gradient":""},"mobile":{"background-color":"","background-image":"","background-repeat":"repeat","background-position":"center center","background-size":"auto","background-attachment":"scroll","background-type":"","background-media":"","overlay-type":"","overlay-color":"","overlay-opacity":"","overlay-gradient":""}},"ast-content-background-meta":{"desktop":{"background-color":"var(--ast-global-color-5)","background-image":"","background-repeat":"repeat","background-position":"center center","background-size":"auto","background-attachment":"scroll","background-type":"","background-media":"","overlay-type":"","overlay-color":"","overlay-opacity":"","overlay-gradient":""},"tablet":{"background-color":"var(--ast-global-color-5)","background-image":"","background-repeat":"repeat","background-position":"center center","background-size":"auto","background-attachment":"scroll","background-type":"","background-media":"","overlay-type":"","overlay-color":"","overlay-opacity":"","overlay-gradient":""},"mobile":{"background-color":"var(--ast-global-color-5)","background-image":"","background-repeat":"repeat","background-position":"center center","background-size":"auto","background-attachment":"scroll","background-type":"","background-media":"","overlay-type":"","overlay-color":"","overlay-opacity":"","overlay-gradient":""}},"footnotes":""},"class_list":["post-1420","page","type-page","status-publish","hentry"],"acf":[],"yoast_head":"<!-- This site is optimized with the Yoast SEO plugin v23.1 - https:\/\/yoast.com\/wordpress\/plugins\/seo\/ -->\n<title>Kontaktiere Uniqueles! Unser Team hilf jederzeit und gerne!<\/title>\n<meta name=\"description\" content=\"Egal ob du Fragen zu deinem Kopftuch oder deiner Erkrankung hast, oder ob du einen Austausch brauchst. Wir von Uniqueles helfen dir gerne!\" \/>\n<meta name=\"robots\" content=\"index, follow, max-snippet:-1, max-image-preview:large, max-video-preview:-1\" \/>\n<link rel=\"canonical\" href=\"https:\/\/uniqueles.ch\/fr\/contacter\/\" \/>\n<meta property=\"og:locale\" content=\"fr_FR\" \/>\n<meta property=\"og:type\" content=\"article\" \/>\n<meta property=\"og:title\" content=\"Kontaktiere Uniqueles! Unser Team hilf jederzeit und gerne!\" \/>\n<meta property=\"og:description\" content=\"Egal ob du Fragen zu deinem Kopftuch oder deiner Erkrankung hast, oder ob du einen Austausch brauchst. Wir von Uniqueles helfen dir gerne!\" \/>\n<meta property=\"og:url\" content=\"https:\/\/uniqueles.ch\/fr\/contacter\/\" \/>\n<meta property=\"og:site_name\" content=\"Uniqueles\" \/>\n<meta property=\"article:publisher\" content=\"https:\/\/www.facebook.com\/uniqueles2020\" \/>\n<meta property=\"article:modified_time\" content=\"2021-06-24T02:04:49+00:00\" \/>\n<meta property=\"og:image\" content=\"https:\/\/uniqueles.ch\/wp-content\/uploads\/sandra-d-angelo.jpg\" \/>\n<meta name=\"twitter:card\" content=\"summary_large_image\" \/>\n<script type=\"application\/ld+json\" class=\"yoast-schema-graph\">{\"@context\":\"https:\/\/schema.org\",\"@graph\":[{\"@type\":\"WebPage\",\"@id\":\"https:\/\/uniqueles.ch\/fr\/contacter\/\",\"url\":\"https:\/\/uniqueles.ch\/fr\/contacter\/\",\"name\":\"Kontaktiere Uniqueles! Unser Team hilf jederzeit und gerne!\",\"isPartOf\":{\"@id\":\"https:\/\/uniqueles.ch\/fr\/#website\"},\"primaryImageOfPage\":{\"@id\":\"https:\/\/uniqueles.ch\/fr\/contacter\/#primaryimage\"},\"image\":{\"@id\":\"https:\/\/uniqueles.ch\/fr\/contacter\/#primaryimage\"},\"thumbnailUrl\":\"https:\/\/uniqueles.ch\/wp-content\/uploads\/sandra-d-angelo.jpg\",\"datePublished\":\"2021-05-06T04:17:35+00:00\",\"dateModified\":\"2021-06-24T02:04:49+00:00\",\"description\":\"Egal ob du Fragen zu deinem Kopftuch oder deiner Erkrankung hast, oder ob du einen Austausch brauchst. Wir von Uniqueles helfen dir gerne!\",\"breadcrumb\":{\"@id\":\"https:\/\/uniqueles.ch\/fr\/contacter\/#breadcrumb\"},\"inLanguage\":\"fr-FR\",\"potentialAction\":[{\"@type\":\"ReadAction\",\"target\":[\"https:\/\/uniqueles.ch\/fr\/contacter\/\"]}]},{\"@type\":\"ImageObject\",\"inLanguage\":\"fr-FR\",\"@id\":\"https:\/\/uniqueles.ch\/fr\/contacter\/#primaryimage\",\"url\":\"https:\/\/uniqueles.ch\/wp-content\/uploads\/sandra-d-angelo.jpg\",\"contentUrl\":\"https:\/\/uniqueles.ch\/wp-content\/uploads\/sandra-d-angelo.jpg\"},{\"@type\":\"BreadcrumbList\",\"@id\":\"https:\/\/uniqueles.ch\/fr\/contacter\/#breadcrumb\",\"itemListElement\":[{\"@type\":\"ListItem\",\"position\":1,\"name\":\"Startseite\",\"item\":\"https:\/\/uniqueles.ch\/fr\/\"},{\"@type\":\"ListItem\",\"position\":2,\"name\":\"Contacter\"}]},{\"@type\":\"WebSite\",\"@id\":\"https:\/\/uniqueles.ch\/fr\/#website\",\"url\":\"https:\/\/uniqueles.ch\/fr\/\",\"name\":\"Uniqueles\",\"description\":\"\",\"potentialAction\":[{\"@type\":\"SearchAction\",\"target\":{\"@type\":\"EntryPoint\",\"urlTemplate\":\"https:\/\/uniqueles.ch\/fr\/?s={search_term_string}\"},\"query-input\":\"required name=search_term_string\"}],\"inLanguage\":\"fr-FR\"}]}<\/script>\n<!-- \/ Yoast SEO plugin. -->","yoast_head_json":{"title":"Kontaktiere Uniqueles! Unser Team hilf jederzeit und gerne!","description":"Egal ob du Fragen zu deinem Kopftuch oder deiner Erkrankung hast, oder ob du einen Austausch brauchst. Wir von Uniqueles helfen dir gerne!","robots":{"index":"index","follow":"follow","max-snippet":"max-snippet:-1","max-image-preview":"max-image-preview:large","max-video-preview":"max-video-preview:-1"},"canonical":"https:\/\/uniqueles.ch\/fr\/contacter\/","og_locale":"fr_FR","og_type":"article","og_title":"Kontaktiere Uniqueles! Unser Team hilf jederzeit und gerne!","og_description":"Egal ob du Fragen zu deinem Kopftuch oder deiner Erkrankung hast, oder ob du einen Austausch brauchst. Wir von Uniqueles helfen dir gerne!","og_url":"https:\/\/uniqueles.ch\/fr\/contacter\/","og_site_name":"Uniqueles","article_publisher":"https:\/\/www.facebook.com\/uniqueles2020","article_modified_time":"2021-06-24T02:04:49+00:00","og_image":[{"url":"https:\/\/uniqueles.ch\/wp-content\/uploads\/sandra-d-angelo.jpg"}],"twitter_card":"summary_large_image","schema":{"@context":"https:\/\/schema.org","@graph":[{"@type":"WebPage","@id":"https:\/\/uniqueles.ch\/fr\/contacter\/","url":"https:\/\/uniqueles.ch\/fr\/contacter\/","name":"Kontaktiere Uniqueles! Unser Team hilf jederzeit und gerne!","isPartOf":{"@id":"https:\/\/uniqueles.ch\/fr\/#website"},"primaryImageOfPage":{"@id":"https:\/\/uniqueles.ch\/fr\/contacter\/#primaryimage"},"image":{"@id":"https:\/\/uniqueles.ch\/fr\/contacter\/#primaryimage"},"thumbnailUrl":"https:\/\/uniqueles.ch\/wp-content\/uploads\/sandra-d-angelo.jpg","datePublished":"2021-05-06T04:17:35+00:00","dateModified":"2021-06-24T02:04:49+00:00","description":"Egal ob du Fragen zu deinem Kopftuch oder deiner Erkrankung hast, oder ob du einen Austausch brauchst. Wir von Uniqueles helfen dir gerne!","breadcrumb":{"@id":"https:\/\/uniqueles.ch\/fr\/contacter\/#breadcrumb"},"inLanguage":"fr-FR","potentialAction":[{"@type":"ReadAction","target":["https:\/\/uniqueles.ch\/fr\/contacter\/"]}]},{"@type":"ImageObject","inLanguage":"fr-FR","@id":"https:\/\/uniqueles.ch\/fr\/contacter\/#primaryimage","url":"https:\/\/uniqueles.ch\/wp-content\/uploads\/sandra-d-angelo.jpg","contentUrl":"https:\/\/uniqueles.ch\/wp-content\/uploads\/sandra-d-angelo.jpg"},{"@type":"BreadcrumbList","@id":"https:\/\/uniqueles.ch\/fr\/contacter\/#breadcrumb","itemListElement":[{"@type":"ListItem","position":1,"name":"Startseite","item":"https:\/\/uniqueles.ch\/fr\/"},{"@type":"ListItem","position":2,"name":"Contacter"}]},{"@type":"WebSite","@id":"https:\/\/uniqueles.ch\/fr\/#website","url":"https:\/\/uniqueles.ch\/fr\/","name":"Uniqueles","description":"","potentialAction":[{"@type":"SearchAction","target":{"@type":"EntryPoint","urlTemplate":"https:\/\/uniqueles.ch\/fr\/?s={search_term_string}"},"query-input":"required name=search_term_string"}],"inLanguage":"fr-FR"}]}},"_links":{"self":[{"href":"https:\/\/uniqueles.ch\/fr\/wp-json\/wp\/v2\/pages\/1420"}],"collection":[{"href":"https:\/\/uniqueles.ch\/fr\/wp-json\/wp\/v2\/pages"}],"about":[{"href":"https:\/\/uniqueles.ch\/fr\/wp-json\/wp\/v2\/types\/page"}],"author":[{"embeddable":true,"href":"https:\/\/uniqueles.ch\/fr\/wp-json\/wp\/v2\/users\/1"}],"replies":[{"embeddable":true,"href":"https:\/\/uniqueles.ch\/fr\/wp-json\/wp\/v2\/comments?post=1420"}],"version-history":[{"count":4,"href":"https:\/\/uniqueles.ch\/fr\/wp-json\/wp\/v2\/pages\/1420\/revisions"}],"predecessor-version":[{"id":1786,"href":"https:\/\/uniqueles.ch\/fr\/wp-json\/wp\/v2\/pages\/1420\/revisions\/1786"}],"wp:attachment":[{"href":"https:\/\/uniqueles.ch\/fr\/wp-json\/wp\/v2\/media?parent=1420"}],"curies":[{"name":"wp","href":"https:\/\/api.w.org\/{rel}","templated":true}]}}