{"id":1425,"date":"2021-05-06T04:30:31","date_gmt":"2021-05-06T04:30:31","guid":{"rendered":"http:\/\/dev.uniqueles.ch\/questions-frequentes\/"},"modified":"2021-07-02T13:05:23","modified_gmt":"2021-07-02T13:05:23","slug":"questions-frequentes","status":"publish","type":"page","link":"https:\/\/uniqueles.ch\/fr\/questions-frequentes\/","title":{"rendered":"Questions fr\u00e9quentes"},"content":{"rendered":"\n\n\t\t<h1>\n\t\t\tFAQs\n\t\t\t\t\t\t\t\t\t\t\tQuestions fr\u00e9quentes \n\t\t<\/h1>\n\t\t\t\t\t\t\t\tL&#8217;AI prendra-t-il le relais ?\n\t\t\t\t<p>Selon la situation de la femme, l&#8217;AI prend en charge les co\u00fbts du bandana Uniqueles jusqu&#8217;\u00e0 CHF 1&#8217;500.-.<\/p>\n\n<p>ou online<\/p>\n\n\t\t\t\t\t\t\t\tQuelle est la longueur des extensions?\n\t\t\t\t<p>Les cheveux raides mesurent 50 cm de long et 45 cm ondul\u00e9s.<\/p>\n\t\t\t\t\t\t\t\tLes extensions r\u00e9sistent-elles \u00e0 la chaleur?\n\t\t\t\t<p>Les cheveux raides peuvent \u00eatre travaill\u00e9s avec le lisseur \u00e0 200 degr\u00e9s et les cheveux ondul\u00e9s peuvent \u00eatre travaill\u00e9s jusqu&#8217;\u00e0 160 degr\u00e9s.<\/p>\n\t\t\t\t\t\t\t\tDe quel mat\u00e9riau sont constitu\u00e9s les foulards?\n\t\t\t\t<p>Les foulards sont en polyester. Le polyester est une fibre textile synth\u00e9tique, qui a \u00e9t\u00e9 d\u00e9velopp\u00e9e comme alternative \u00e0 la soie. Il est facile \u00e0 traiter, r\u00e9sistant \u00e0 l&#8217;humidit\u00e9, doux et agr\u00e9able au toucher. Mat\u00e9riau l\u00e9ger et durable, pr\u00e9sentant une stabilit\u00e9 dimensionnelle \u00e9lev\u00e9e.<\/p>\n\t\t\t\t\t\t\t\tDe quel mat\u00e9riau sont contitu\u00e9s les serre-t\u00eates?\n\t\t\t\t<p>Les larges bandeaux sont en coton (SNAKE sont en polyester). Le coton est une fibre naturelle, souvent utilis\u00e9e dans la production de textiles. Conseill\u00e9 pour les peaux d\u00e9licates, perm\u00e9ables \u00e0 l&#8217;air, r\u00e9sistantes aux rayons UV avec une grande capacit\u00e9 d&#8217;\u00e9lasticit\u00e9.<\/p>\n\t\t\t\t\t\t\t\tPouvons-nous utiliser le fer sur les foulards?\n\t\t\t\t<p>Il est conseill\u00e9 de repasser l&#8217;\u00e9charpe sur l&#8217;envers \u00e0 basse temp\u00e9rature. Les plis d&#8217;\u00e9charpe peuvent \u00eatre facilement enlev\u00e9s avec de la vapeur.<\/p>\n\t\t\t\t\t\t\t\tPuis-je \u00e9changer mon produit?\n\t\t\t\t<p>Du fait du produit \u00e9tant personnalis\u00e9 et de son hygi\u00e8ne, le consommateur n&#8217;a aucun droit de r\u00e9tractation, sauf s&#8217;il est d\u00e9fectueux.<\/p>\n\t\t<h2>\n\t\t\tAIDE AVEC DES QUESTIONS\n\t\t\t\t\t\t\t\t\t\t\tAs-tu des questions qui ne figurent pas ici?\n\t\t<\/h2>\n\t\t\tSi tu as des questions sur ton foulard, tu peux <a href=\"https:\/\/uniqueles.ch\/fr\/contacter\/\">me contacter \u00e0 tout moment<\/a>. Je suis heureuse de t&#8217;aider avec tous les sujets li\u00e9s \u00e0 ton nouvel accessoire.\t\t\n\t<a href=\"https:\/\/uniqueles.ch\/kopftuch-mit-stirnband\/\" target=\"_self\" role=\"button\" aria-label=\"CR\u00c9E TON Uniqueles Bandana\" rel=\"noopener\">\n\t\t\t\tCR\u00c9E TON Uniqueles Bandana\n\t\t\t<\/a>\n\n","protected":false},"excerpt":{"rendered":"<p>FAQs Questions fr\u00e9quentes L&#8217;AI prendra-t-il le relais ? Selon la situation de la femme, l&#8217;AI prend en charge les co\u00fbts du bandana Uniqueles jusqu&#8217;\u00e0 CHF 1&#8217;500.-. ou online Quelle est la longueur des extensions? Les cheveux raides mesurent 50 cm de long et 45 cm ondul\u00e9s. Les extensions r\u00e9sistent-elles \u00e0 la chaleur? Les cheveux raides [&hellip;]<\/p>\n","protected":false},"author":1,"featured_media":0,"parent":0,"menu_order":0,"comment_status":"closed","ping_status":"closed","template":"","meta":{"site-sidebar-layout":"no-sidebar","site-content-layout":"page-builder","ast-site-content-layout":"full-width-container","site-content-style":"unboxed","site-sidebar-style":"unboxed","ast-global-header-display":"","ast-banner-title-visibility":"","ast-main-header-display":"","ast-hfb-above-header-display":"","ast-hfb-below-header-display":"","ast-hfb-mobile-header-display":"","site-post-title":"disabled","ast-breadcrumbs-content":"","ast-featured-img":"disabled","footer-sml-layout":"","theme-transparent-header-meta":"default","adv-header-id-meta":"","stick-header-meta":"","header-above-stick-meta":"","header-main-stick-meta":"","header-below-stick-meta":"","astra-migrate-meta-layouts":"default","ast-page-background-enabled":"default","ast-page-background-meta":{"desktop":{"background-color":"","background-image":"","background-repeat":"repeat","background-position":"center center","background-size":"auto","background-attachment":"scroll","background-type":"","background-media":"","overlay-type":"","overlay-color":"","overlay-opacity":"","overlay-gradient":""},"tablet":{"background-color":"","background-image":"","background-repeat":"repeat","background-position":"center center","background-size":"auto","background-attachment":"scroll","background-type":"","background-media":"","overlay-type":"","overlay-color":"","overlay-opacity":"","overlay-gradient":""},"mobile":{"background-color":"","background-image":"","background-repeat":"repeat","background-position":"center center","background-size":"auto","background-attachment":"scroll","background-type":"","background-media":"","overlay-type":"","overlay-color":"","overlay-opacity":"","overlay-gradient":""}},"ast-content-background-meta":{"desktop":{"background-color":"var(--ast-global-color-5)","background-image":"","background-repeat":"repeat","background-position":"center center","background-size":"auto","background-attachment":"scroll","background-type":"","background-media":"","overlay-type":"","overlay-color":"","overlay-opacity":"","overlay-gradient":""},"tablet":{"background-color":"var(--ast-global-color-5)","background-image":"","background-repeat":"repeat","background-position":"center center","background-size":"auto","background-attachment":"scroll","background-type":"","background-media":"","overlay-type":"","overlay-color":"","overlay-opacity":"","overlay-gradient":""},"mobile":{"background-color":"var(--ast-global-color-5)","background-image":"","background-repeat":"repeat","background-position":"center center","background-size":"auto","background-attachment":"scroll","background-type":"","background-media":"","overlay-type":"","overlay-color":"","overlay-opacity":"","overlay-gradient":""}},"footnotes":""},"class_list":["post-1425","page","type-page","status-publish","hentry"],"acf":[],"yoast_head":"<!-- This site is optimized with the Yoast SEO plugin v23.1 - https:\/\/yoast.com\/wordpress\/plugins\/seo\/ -->\n<title>Fragen und Antworten rund um Deine Kopfbedeckung von Uniqueles<\/title>\n<meta name=\"description\" content=\"Hier findest du h\u00e4ufig gestellte Fragen rund um die Kopfbedeckung. Falls deine Frage unbeantwortet bleibt, kontaktiere uns unter: 078 406 27 47!\" \/>\n<meta name=\"robots\" content=\"index, follow, max-snippet:-1, max-image-preview:large, max-video-preview:-1\" \/>\n<link rel=\"canonical\" href=\"https:\/\/uniqueles.ch\/fr\/questions-frequentes\/\" \/>\n<meta property=\"og:locale\" content=\"fr_FR\" \/>\n<meta property=\"og:type\" content=\"article\" \/>\n<meta property=\"og:title\" content=\"Fragen und Antworten rund um Deine Kopfbedeckung von Uniqueles\" \/>\n<meta property=\"og:description\" content=\"Hier findest du h\u00e4ufig gestellte Fragen rund um die Kopfbedeckung. Falls deine Frage unbeantwortet bleibt, kontaktiere uns unter: 078 406 27 47!\" \/>\n<meta property=\"og:url\" content=\"https:\/\/uniqueles.ch\/fr\/questions-frequentes\/\" \/>\n<meta property=\"og:site_name\" content=\"Uniqueles\" \/>\n<meta property=\"article:publisher\" content=\"https:\/\/www.facebook.com\/uniqueles2020\" \/>\n<meta property=\"article:modified_time\" content=\"2021-07-02T13:05:23+00:00\" \/>\n<meta name=\"twitter:card\" content=\"summary_large_image\" \/>\n<script type=\"application\/ld+json\" class=\"yoast-schema-graph\">{\"@context\":\"https:\/\/schema.org\",\"@graph\":[{\"@type\":\"WebPage\",\"@id\":\"https:\/\/uniqueles.ch\/fr\/questions-frequentes\/\",\"url\":\"https:\/\/uniqueles.ch\/fr\/questions-frequentes\/\",\"name\":\"Fragen und Antworten rund um Deine Kopfbedeckung von Uniqueles\",\"isPartOf\":{\"@id\":\"https:\/\/uniqueles.ch\/fr\/#website\"},\"datePublished\":\"2021-05-06T04:30:31+00:00\",\"dateModified\":\"2021-07-02T13:05:23+00:00\",\"description\":\"Hier findest du h\u00e4ufig gestellte Fragen rund um die Kopfbedeckung. Falls deine Frage unbeantwortet bleibt, kontaktiere uns unter: 078 406 27 47!\",\"breadcrumb\":{\"@id\":\"https:\/\/uniqueles.ch\/fr\/questions-frequentes\/#breadcrumb\"},\"inLanguage\":\"fr-FR\",\"potentialAction\":[{\"@type\":\"ReadAction\",\"target\":[\"https:\/\/uniqueles.ch\/fr\/questions-frequentes\/\"]}]},{\"@type\":\"BreadcrumbList\",\"@id\":\"https:\/\/uniqueles.ch\/fr\/questions-frequentes\/#breadcrumb\",\"itemListElement\":[{\"@type\":\"ListItem\",\"position\":1,\"name\":\"Startseite\",\"item\":\"https:\/\/uniqueles.ch\/fr\/\"},{\"@type\":\"ListItem\",\"position\":2,\"name\":\"Questions fr\u00e9quentes\"}]},{\"@type\":\"WebSite\",\"@id\":\"https:\/\/uniqueles.ch\/fr\/#website\",\"url\":\"https:\/\/uniqueles.ch\/fr\/\",\"name\":\"Uniqueles\",\"description\":\"\",\"potentialAction\":[{\"@type\":\"SearchAction\",\"target\":{\"@type\":\"EntryPoint\",\"urlTemplate\":\"https:\/\/uniqueles.ch\/fr\/?s={search_term_string}\"},\"query-input\":\"required name=search_term_string\"}],\"inLanguage\":\"fr-FR\"}]}<\/script>\n<!-- \/ Yoast SEO plugin. -->","yoast_head_json":{"title":"Fragen und Antworten rund um Deine Kopfbedeckung von Uniqueles","description":"Hier findest du h\u00e4ufig gestellte Fragen rund um die Kopfbedeckung. Falls deine Frage unbeantwortet bleibt, kontaktiere uns unter: 078 406 27 47!","robots":{"index":"index","follow":"follow","max-snippet":"max-snippet:-1","max-image-preview":"max-image-preview:large","max-video-preview":"max-video-preview:-1"},"canonical":"https:\/\/uniqueles.ch\/fr\/questions-frequentes\/","og_locale":"fr_FR","og_type":"article","og_title":"Fragen und Antworten rund um Deine Kopfbedeckung von Uniqueles","og_description":"Hier findest du h\u00e4ufig gestellte Fragen rund um die Kopfbedeckung. Falls deine Frage unbeantwortet bleibt, kontaktiere uns unter: 078 406 27 47!","og_url":"https:\/\/uniqueles.ch\/fr\/questions-frequentes\/","og_site_name":"Uniqueles","article_publisher":"https:\/\/www.facebook.com\/uniqueles2020","article_modified_time":"2021-07-02T13:05:23+00:00","twitter_card":"summary_large_image","schema":{"@context":"https:\/\/schema.org","@graph":[{"@type":"WebPage","@id":"https:\/\/uniqueles.ch\/fr\/questions-frequentes\/","url":"https:\/\/uniqueles.ch\/fr\/questions-frequentes\/","name":"Fragen und Antworten rund um Deine Kopfbedeckung von Uniqueles","isPartOf":{"@id":"https:\/\/uniqueles.ch\/fr\/#website"},"datePublished":"2021-05-06T04:30:31+00:00","dateModified":"2021-07-02T13:05:23+00:00","description":"Hier findest du h\u00e4ufig gestellte Fragen rund um die Kopfbedeckung. Falls deine Frage unbeantwortet bleibt, kontaktiere uns unter: 078 406 27 47!","breadcrumb":{"@id":"https:\/\/uniqueles.ch\/fr\/questions-frequentes\/#breadcrumb"},"inLanguage":"fr-FR","potentialAction":[{"@type":"ReadAction","target":["https:\/\/uniqueles.ch\/fr\/questions-frequentes\/"]}]},{"@type":"BreadcrumbList","@id":"https:\/\/uniqueles.ch\/fr\/questions-frequentes\/#breadcrumb","itemListElement":[{"@type":"ListItem","position":1,"name":"Startseite","item":"https:\/\/uniqueles.ch\/fr\/"},{"@type":"ListItem","position":2,"name":"Questions fr\u00e9quentes"}]},{"@type":"WebSite","@id":"https:\/\/uniqueles.ch\/fr\/#website","url":"https:\/\/uniqueles.ch\/fr\/","name":"Uniqueles","description":"","potentialAction":[{"@type":"SearchAction","target":{"@type":"EntryPoint","urlTemplate":"https:\/\/uniqueles.ch\/fr\/?s={search_term_string}"},"query-input":"required name=search_term_string"}],"inLanguage":"fr-FR"}]}},"_links":{"self":[{"href":"https:\/\/uniqueles.ch\/fr\/wp-json\/wp\/v2\/pages\/1425"}],"collection":[{"href":"https:\/\/uniqueles.ch\/fr\/wp-json\/wp\/v2\/pages"}],"about":[{"href":"https:\/\/uniqueles.ch\/fr\/wp-json\/wp\/v2\/types\/page"}],"author":[{"embeddable":true,"href":"https:\/\/uniqueles.ch\/fr\/wp-json\/wp\/v2\/users\/1"}],"replies":[{"embeddable":true,"href":"https:\/\/uniqueles.ch\/fr\/wp-json\/wp\/v2\/comments?post=1425"}],"version-history":[{"count":6,"href":"https:\/\/uniqueles.ch\/fr\/wp-json\/wp\/v2\/pages\/1425\/revisions"}],"predecessor-version":[{"id":1867,"href":"https:\/\/uniqueles.ch\/fr\/wp-json\/wp\/v2\/pages\/1425\/revisions\/1867"}],"wp:attachment":[{"href":"https:\/\/uniqueles.ch\/fr\/wp-json\/wp\/v2\/media?parent=1425"}],"curies":[{"name":"wp","href":"https:\/\/api.w.org\/{rel}","templated":true}]}}