{"id":1430,"date":"2021-05-06T05:29:20","date_gmt":"2021-05-06T05:29:20","guid":{"rendered":"http:\/\/dev.uniqueles.ch\/impression\/"},"modified":"2021-06-09T07:18:40","modified_gmt":"2021-06-09T07:18:40","slug":"imprimer","status":"publish","type":"page","link":"https:\/\/uniqueles.ch\/fr\/imprimer\/","title":{"rendered":"Imprimer"},"content":{"rendered":"\n\n\t\t<h1>\n\t\t\tImpression\n\t\t<\/h1>\n\t<ul>\n<li>POLITIQUE DE CONFIDENTIALIT\u00c9 DU SITE WEB<\/li>\n<\/ul>\n<strong>Uniqueles GmbH<\/strong><br \/>\nSchwerzenbachstrasse 7a<br \/>\n8604 Volketswil\n<p>&nbsp;<\/p>\n<ul>\n<li>RESPONSABILIT\u00c9S<\/li>\n<\/ul>\n<p>Tous les textes et liens ont \u00e9t\u00e9 soigneusement v\u00e9rifi\u00e9s et sont constamment mis \u00e0 jour. Sur ce site Web, nous faisons tous les efforts pour fournir des informations exactes et compl\u00e8tes, mais n&#8217;assumons aucune responsabilit\u00e9 ni ne garantissons que les informations fournies via ce site Web soient exactes, compl\u00e8tes ou \u00e0 jour. Nous sommes dans le droit de modifier les informations de ce site \u00e0 tout moment et sans pr\u00e9avis, et nous ne nous engageons pas \u00e0 mettre \u00e0 jour les informations qui y sont contenues. L&#8217;exactitude de tous les liens vers des fournisseurs externes a \u00e9t\u00e9 v\u00e9rifi\u00e9e au moment de leur inclusion, mais nous ne sommes pas responsables du contenu et de la disponibilit\u00e9 des sites accessibles via des liens. Le fournisseur de la page vis\u00e9e est seul responsable des contenus ill\u00e9gaux, incorrects ou incomplets et notamment des dommages caus\u00e9s par le contenu des pages li\u00e9es. Peu importe que le dommage soit direct, indirect ou financier, ou tout autre dommage pouvant r\u00e9sulter d&#8217;une perte de donn\u00e9es, d&#8217;une perte d&#8217;utilisation ou d&#8217;autres raisons de quelque nature que ce soit.<\/p>\n<ul>\n<li>S\u00c9CURIT\u00c9 ET CONFIDENTIALIT\u00c9<\/li>\n<\/ul>\n<p>Nous ne pouvons assumer aucune responsabilit\u00e9 quant \u00e0 la s\u00e9curit\u00e9 de la transmission de donn\u00e9es sur Internet, en particulier, il existe un risque d&#8217;acc\u00e8s par des tiers lors de la transmission de donn\u00e9es par courrier \u00e9lectronique.<\/p>\n<p>L&#8217;utilisation des donn\u00e9es de contact publi\u00e9es pour fins publicitaires par des tiers est strictement interdite. L&#8217;exploitant se r\u00e9serve le droit d&#8217;intenter une action en justice en cas de publicit\u00e9 ou de mat\u00e9riel d&#8217;information non sollicit\u00e9s.<\/p>\n<p>Si les dispositions ou formulations individuelles de cette clause de non-responsabilit\u00e9 sont ou deviennent inefficaces, les dispositions restantes dans leur contenu et leur validit\u00e9 ne seront pas affect\u00e9es.<\/p>\n<p>&nbsp;<\/p>\n<ul>\n<li>GOOGLE ANALYTICS<\/li>\n<\/ul>\n<p>Ce site Web utilise Google Analytics, un service d&#8217;analyse Web fourni par Google Inc. (\u00ab Google \u00bb). Google Analytics utilise des \u00ab cookies \u00bb, qui sont des fichiers texte stock\u00e9s sur votre ordinateur qui permettent une analyse de votre utilisation sur le site. Les informations g\u00e9n\u00e9r\u00e9es par les cookies concernant votre utilisation de ce site Web sont g\u00e9n\u00e9ralement transmises \u00e0 un serveur de Google aux \u00c9tats-Unis et y sont stock\u00e9es. Cependant, si l&#8217;anonymisation IP est activ\u00e9e sur ce site, votre adresse IP sera s\u00e9par\u00e9e par Google dans les \u00c9tats membres de l&#8217;Union europ\u00e9enne ou dans d&#8217;autres \u00c9tats signataires de l&#8217;accord sur l&#8217;Espace \u00e9conomique europ\u00e9en. Ce n&#8217;est que dans des cas exceptionnels que l&#8217;adresse IP compl\u00e8te sera transmise \u00e0 un serveur de Google aux \u00c9tats-Unis et y sera s\u00e9par\u00e9e. Au nom de l&#8217;exploitant de ce site Web, Google utilisera ces informations dans le but d&#8217;\u00e9valuer l&#8217;utilisation du site Web, de copier des rapports sur l&#8217;activit\u00e9 du site Web et de fournir d&#8217;autres services li\u00e9s \u00e0 l&#8217;activit\u00e9 du site Web et \u00e0 l&#8217;utilisation d&#8217;Internet \u00e0 l&#8217;exploitant du site Web. L&#8217;adresse IP transmise par votre navigateur dans le cadre de Google Analytics ne sera pas m\u00e9lang\u00e9e avec d&#8217;autres donn\u00e9es Google. Vous pouvez emp\u00eacher le stockage de cookies en param\u00e9trant votre logiciel de navigation ; cependant, nous attirons votre attention sur le fait que dans ce cas, vous ne pourrez peut-\u00eatre pas utiliser pleinement toutes les fonctions de ce site Web. Vous pouvez \u00e9galement emp\u00eacher la collecte de donn\u00e9es g\u00e9n\u00e9r\u00e9es par les cookies et li\u00e9es \u00e0 l&#8217;utilisation du site Web (y compris votre adresse IP) pour Google et au traitement de ces donn\u00e9es par Google en t\u00e9l\u00e9chargeant et en installant le plug-in de navigateur disponible sur le lien suivant. Le lien actuel est http:\/\/tools.google.com\/dlpage\/gaoptout?hl=de.<\/p>\n<p>&nbsp;<\/p>\n<p>Conditions g\u00e9n\u00e9rales de Google Analytics : http:\/\/www.google.com\/analytics\/terms\/de.html<\/p>\n\n","protected":false},"excerpt":{"rendered":"<p>Impression POLITIQUE DE CONFIDENTIALIT\u00c9 DU SITE WEB Uniqueles GmbH Schwerzenbachstrasse 7a 8604 Volketswil &nbsp; RESPONSABILIT\u00c9S Tous les textes et liens ont \u00e9t\u00e9 soigneusement v\u00e9rifi\u00e9s et sont constamment mis \u00e0 jour. Sur ce site Web, nous faisons tous les efforts pour fournir des informations exactes et compl\u00e8tes, mais n&#8217;assumons aucune responsabilit\u00e9 ni ne garantissons que les [&hellip;]<\/p>\n","protected":false},"author":1,"featured_media":1300,"parent":0,"menu_order":0,"comment_status":"closed","ping_status":"closed","template":"","meta":{"site-sidebar-layout":"no-sidebar","site-content-layout":"page-builder","ast-site-content-layout":"","site-content-style":"default","site-sidebar-style":"default","ast-global-header-display":"","ast-banner-title-visibility":"","ast-main-header-display":"","ast-hfb-above-header-display":"","ast-hfb-below-header-display":"","ast-hfb-mobile-header-display":"","site-post-title":"disabled","ast-breadcrumbs-content":"","ast-featured-img":"disabled","footer-sml-layout":"","theme-transparent-header-meta":"default","adv-header-id-meta":"","stick-header-meta":"","header-above-stick-meta":"","header-main-stick-meta":"","header-below-stick-meta":"","astra-migrate-meta-layouts":"default","ast-page-background-enabled":"default","ast-page-background-meta":{"desktop":{"background-color":"","background-image":"","background-repeat":"repeat","background-position":"center center","background-size":"auto","background-attachment":"scroll","background-type":"","background-media":"","overlay-type":"","overlay-color":"","overlay-opacity":"","overlay-gradient":""},"tablet":{"background-color":"","background-image":"","background-repeat":"repeat","background-position":"center center","background-size":"auto","background-attachment":"scroll","background-type":"","background-media":"","overlay-type":"","overlay-color":"","overlay-opacity":"","overlay-gradient":""},"mobile":{"background-color":"","background-image":"","background-repeat":"repeat","background-position":"center center","background-size":"auto","background-attachment":"scroll","background-type":"","background-media":"","overlay-type":"","overlay-color":"","overlay-opacity":"","overlay-gradient":""}},"ast-content-background-meta":{"desktop":{"background-color":"var(--ast-global-color-5)","background-image":"","background-repeat":"repeat","background-position":"center center","background-size":"auto","background-attachment":"scroll","background-type":"","background-media":"","overlay-type":"","overlay-color":"","overlay-opacity":"","overlay-gradient":""},"tablet":{"background-color":"var(--ast-global-color-5)","background-image":"","background-repeat":"repeat","background-position":"center center","background-size":"auto","background-attachment":"scroll","background-type":"","background-media":"","overlay-type":"","overlay-color":"","overlay-opacity":"","overlay-gradient":""},"mobile":{"background-color":"var(--ast-global-color-5)","background-image":"","background-repeat":"repeat","background-position":"center center","background-size":"auto","background-attachment":"scroll","background-type":"","background-media":"","overlay-type":"","overlay-color":"","overlay-opacity":"","overlay-gradient":""}},"footnotes":""},"class_list":["post-1430","page","type-page","status-publish","has-post-thumbnail","hentry"],"acf":[],"yoast_head":"<!-- This site is optimized with the Yoast SEO plugin v23.1 - https:\/\/yoast.com\/wordpress\/plugins\/seo\/ -->\n<title>Imprimer - Uniqueles<\/title>\n<meta name=\"description\" content=\"Impression POLITIQUE DE CONFIDENTIALIT\u00c9 DU SITE WEB Uniqueles GmbH Schwerzenbachstrasse 7a 8604 Volketswil &nbsp; RESPONSABILIT\u00c9S Tous les textes et liens\" \/>\n<meta name=\"robots\" content=\"noindex, follow\" \/>\n<meta property=\"og:locale\" content=\"fr_FR\" \/>\n<meta property=\"og:type\" content=\"article\" \/>\n<meta property=\"og:title\" content=\"Imprimer - Uniqueles\" \/>\n<meta property=\"og:description\" content=\"Impression POLITIQUE DE CONFIDENTIALIT\u00c9 DU SITE WEB Uniqueles GmbH Schwerzenbachstrasse 7a 8604 Volketswil &nbsp; RESPONSABILIT\u00c9S Tous les textes et liens\" \/>\n<meta property=\"og:url\" content=\"https:\/\/uniqueles.ch\/fr\/imprimer\/\" \/>\n<meta property=\"og:site_name\" content=\"Uniqueles\" \/>\n<meta property=\"article:publisher\" content=\"https:\/\/www.facebook.com\/uniqueles2020\" \/>\n<meta property=\"article:modified_time\" content=\"2021-06-09T07:18:40+00:00\" \/>\n<meta name=\"twitter:card\" content=\"summary_large_image\" \/>\n<script type=\"application\/ld+json\" class=\"yoast-schema-graph\">{\"@context\":\"https:\/\/schema.org\",\"@graph\":[{\"@type\":\"WebPage\",\"@id\":\"https:\/\/uniqueles.ch\/fr\/imprimer\/\",\"url\":\"https:\/\/uniqueles.ch\/fr\/imprimer\/\",\"name\":\"Imprimer - Uniqueles\",\"isPartOf\":{\"@id\":\"https:\/\/uniqueles.ch\/fr\/#website\"},\"primaryImageOfPage\":{\"@id\":\"https:\/\/uniqueles.ch\/fr\/imprimer\/#primaryimage\"},\"image\":{\"@id\":\"https:\/\/uniqueles.ch\/fr\/imprimer\/#primaryimage\"},\"thumbnailUrl\":\"https:\/\/uniqueles.ch\/wp-content\/uploads\/verschiedene-kopftuecher-von-uniqueles.jpg\",\"datePublished\":\"2021-05-06T05:29:20+00:00\",\"dateModified\":\"2021-06-09T07:18:40+00:00\",\"description\":\"Impression POLITIQUE DE CONFIDENTIALIT\u00c9 DU SITE WEB Uniqueles GmbH Schwerzenbachstrasse 7a 8604 Volketswil &nbsp; RESPONSABILIT\u00c9S Tous les textes et liens\",\"breadcrumb\":{\"@id\":\"https:\/\/uniqueles.ch\/fr\/imprimer\/#breadcrumb\"},\"inLanguage\":\"fr-FR\",\"potentialAction\":[{\"@type\":\"ReadAction\",\"target\":[\"https:\/\/uniqueles.ch\/fr\/imprimer\/\"]}]},{\"@type\":\"ImageObject\",\"inLanguage\":\"fr-FR\",\"@id\":\"https:\/\/uniqueles.ch\/fr\/imprimer\/#primaryimage\",\"url\":\"https:\/\/uniqueles.ch\/wp-content\/uploads\/verschiedene-kopftuecher-von-uniqueles.jpg\",\"contentUrl\":\"https:\/\/uniqueles.ch\/wp-content\/uploads\/verschiedene-kopftuecher-von-uniqueles.jpg\",\"width\":1920,\"height\":500},{\"@type\":\"BreadcrumbList\",\"@id\":\"https:\/\/uniqueles.ch\/fr\/imprimer\/#breadcrumb\",\"itemListElement\":[{\"@type\":\"ListItem\",\"position\":1,\"name\":\"Startseite\",\"item\":\"https:\/\/uniqueles.ch\/fr\/\"},{\"@type\":\"ListItem\",\"position\":2,\"name\":\"Imprimer\"}]},{\"@type\":\"WebSite\",\"@id\":\"https:\/\/uniqueles.ch\/fr\/#website\",\"url\":\"https:\/\/uniqueles.ch\/fr\/\",\"name\":\"Uniqueles\",\"description\":\"\",\"potentialAction\":[{\"@type\":\"SearchAction\",\"target\":{\"@type\":\"EntryPoint\",\"urlTemplate\":\"https:\/\/uniqueles.ch\/fr\/?s={search_term_string}\"},\"query-input\":\"required name=search_term_string\"}],\"inLanguage\":\"fr-FR\"}]}<\/script>\n<!-- \/ Yoast SEO plugin. -->","yoast_head_json":{"title":"Imprimer - Uniqueles","description":"Impression POLITIQUE DE CONFIDENTIALIT\u00c9 DU SITE WEB Uniqueles GmbH Schwerzenbachstrasse 7a 8604 Volketswil &nbsp; RESPONSABILIT\u00c9S Tous les textes et liens","robots":{"index":"noindex","follow":"follow"},"og_locale":"fr_FR","og_type":"article","og_title":"Imprimer - Uniqueles","og_description":"Impression POLITIQUE DE CONFIDENTIALIT\u00c9 DU SITE WEB Uniqueles GmbH Schwerzenbachstrasse 7a 8604 Volketswil &nbsp; RESPONSABILIT\u00c9S Tous les textes et liens","og_url":"https:\/\/uniqueles.ch\/fr\/imprimer\/","og_site_name":"Uniqueles","article_publisher":"https:\/\/www.facebook.com\/uniqueles2020","article_modified_time":"2021-06-09T07:18:40+00:00","twitter_card":"summary_large_image","schema":{"@context":"https:\/\/schema.org","@graph":[{"@type":"WebPage","@id":"https:\/\/uniqueles.ch\/fr\/imprimer\/","url":"https:\/\/uniqueles.ch\/fr\/imprimer\/","name":"Imprimer - Uniqueles","isPartOf":{"@id":"https:\/\/uniqueles.ch\/fr\/#website"},"primaryImageOfPage":{"@id":"https:\/\/uniqueles.ch\/fr\/imprimer\/#primaryimage"},"image":{"@id":"https:\/\/uniqueles.ch\/fr\/imprimer\/#primaryimage"},"thumbnailUrl":"https:\/\/uniqueles.ch\/wp-content\/uploads\/verschiedene-kopftuecher-von-uniqueles.jpg","datePublished":"2021-05-06T05:29:20+00:00","dateModified":"2021-06-09T07:18:40+00:00","description":"Impression POLITIQUE DE CONFIDENTIALIT\u00c9 DU SITE WEB Uniqueles GmbH Schwerzenbachstrasse 7a 8604 Volketswil &nbsp; RESPONSABILIT\u00c9S Tous les textes et liens","breadcrumb":{"@id":"https:\/\/uniqueles.ch\/fr\/imprimer\/#breadcrumb"},"inLanguage":"fr-FR","potentialAction":[{"@type":"ReadAction","target":["https:\/\/uniqueles.ch\/fr\/imprimer\/"]}]},{"@type":"ImageObject","inLanguage":"fr-FR","@id":"https:\/\/uniqueles.ch\/fr\/imprimer\/#primaryimage","url":"https:\/\/uniqueles.ch\/wp-content\/uploads\/verschiedene-kopftuecher-von-uniqueles.jpg","contentUrl":"https:\/\/uniqueles.ch\/wp-content\/uploads\/verschiedene-kopftuecher-von-uniqueles.jpg","width":1920,"height":500},{"@type":"BreadcrumbList","@id":"https:\/\/uniqueles.ch\/fr\/imprimer\/#breadcrumb","itemListElement":[{"@type":"ListItem","position":1,"name":"Startseite","item":"https:\/\/uniqueles.ch\/fr\/"},{"@type":"ListItem","position":2,"name":"Imprimer"}]},{"@type":"WebSite","@id":"https:\/\/uniqueles.ch\/fr\/#website","url":"https:\/\/uniqueles.ch\/fr\/","name":"Uniqueles","description":"","potentialAction":[{"@type":"SearchAction","target":{"@type":"EntryPoint","urlTemplate":"https:\/\/uniqueles.ch\/fr\/?s={search_term_string}"},"query-input":"required name=search_term_string"}],"inLanguage":"fr-FR"}]}},"_links":{"self":[{"href":"https:\/\/uniqueles.ch\/fr\/wp-json\/wp\/v2\/pages\/1430"}],"collection":[{"href":"https:\/\/uniqueles.ch\/fr\/wp-json\/wp\/v2\/pages"}],"about":[{"href":"https:\/\/uniqueles.ch\/fr\/wp-json\/wp\/v2\/types\/page"}],"author":[{"embeddable":true,"href":"https:\/\/uniqueles.ch\/fr\/wp-json\/wp\/v2\/users\/1"}],"replies":[{"embeddable":true,"href":"https:\/\/uniqueles.ch\/fr\/wp-json\/wp\/v2\/comments?post=1430"}],"version-history":[{"count":2,"href":"https:\/\/uniqueles.ch\/fr\/wp-json\/wp\/v2\/pages\/1430\/revisions"}],"predecessor-version":[{"id":1712,"href":"https:\/\/uniqueles.ch\/fr\/wp-json\/wp\/v2\/pages\/1430\/revisions\/1712"}],"wp:featuredmedia":[{"embeddable":true,"href":"https:\/\/uniqueles.ch\/fr\/wp-json\/wp\/v2\/media\/1300"}],"wp:attachment":[{"href":"https:\/\/uniqueles.ch\/fr\/wp-json\/wp\/v2\/media?parent=1430"}],"curies":[{"name":"wp","href":"https:\/\/api.w.org\/{rel}","templated":true}]}}