{"id":1431,"date":"2021-05-06T05:30:35","date_gmt":"2021-05-06T05:30:35","guid":{"rendered":"http:\/\/dev.uniqueles.ch\/intimite\/"},"modified":"2021-06-09T07:17:05","modified_gmt":"2021-06-09T07:17:05","slug":"intimite","status":"publish","type":"page","link":"https:\/\/uniqueles.ch\/fr\/intimite\/","title":{"rendered":"Intimit\u00e9"},"content":{"rendered":"\n\n\t\t<h1>\n\t\t\tIntimit\u00e9\n\t\t<\/h1>\n\t<ul>\n<li>COLLECTE ET TRAITEMENT DES DONN\u00c9ES PERSONNELLES<\/li>\n<\/ul>\n<p>Nous vous informons du traitement de vos donn\u00e9es personnelles lors de l&#8217;utilisation de notre site Web. La \u00ab personne responsable \u00bb du RGPD et des autres lois et r\u00e9glementations nationales sur la protection des donn\u00e9es, qui d\u00e9cide des finalit\u00e9s et des moyens de traitement des donn\u00e9es personnelles, est :<\/p>\n<strong>Uniqueles GmbH<\/strong><br \/>\nSchwerzenbachstrasse 7a<br \/>\n8604 Volketswil\n<p>Lorsque vous nous contactez par e-mail, nous stockons les donn\u00e9es personnelles que vous nous fournissez pour r\u00e9pondre \u00e0 vos questions. Nous supprimons les donn\u00e9es g\u00e9n\u00e9r\u00e9es sur cette connexion une fois que le stockage n&#8217;est plus n\u00e9cessaire ou limitons le traitement s&#8217;il existe des obligations l\u00e9gales de conservation.<\/p>\n<p>Nous souhaitons que des prestataires de services soient mandat\u00e9s pour des fonctions individuelles de notre offre ou si nous souhaitons utiliser vos donn\u00e9es \u00e0 des fins publicitaires, nous vous informerons en d\u00e9tail sur les processus respectifs ci-dessous. Nous mentionnons \u00e9galement les crit\u00e8res de temps de stockage sp\u00e9cifi\u00e9s.<\/p>\n<p>PRINCIPES G\u00c9N\u00c9RAUX APPLICABLES AU TRAITEMENT DES DONN\u00c9ES PERSONNELLES<\/p>\n<p>En termes de principes g\u00e9n\u00e9raux, nous ne traitons vos donn\u00e9es personnelles que dans la mesure n\u00e9cessaire pour fournir un site Web fonctionnel, ainsi que nos contenus et services. Le traitement de vos donn\u00e9es personnelles n&#8217;a lieu r\u00e9guli\u00e8rement qu&#8217;apr\u00e8s avoir obtenu votre consentement. Une exception s&#8217;applique dans les cas o\u00f9 le consentement pr\u00e9alable n&#8217;est pas possible pour des raisons r\u00e9elles et le traitement des donn\u00e9es est autoris\u00e9 par des dispositions l\u00e9gales.<\/p>\n<p>Dans la mesure o\u00f9 nous obtenons votre consentement pour le traitement de vos donn\u00e9es personnelles, l&#8217;article 6 sec. 1 lit. &#8211; RGPD, cela sert de base l\u00e9gale pour le traitement. Si le traitement est n\u00e9cessaire pour sauvegarder un int\u00e9r\u00eat l\u00e9gitime dans notre entreprise, vos int\u00e9r\u00eats, droits fondamentaux et libert\u00e9s fondamentales, ne d\u00e9passent pas le premier int\u00e9r\u00eat. Article 6, paragraphe 1, lit. f &#8211; GDPR, sert de base l\u00e9gale pour le traitement.<\/p>\n<p>&nbsp;<\/p>\n<ul>\n<li>CONSERVATION DES DONN\u00c9ES<\/li>\n<\/ul>\n<p>Vos donn\u00e9es personnelles seront supprim\u00e9es ou bloqu\u00e9es d\u00e8s que l&#8217;objectif de stockage est omis. Le stockage peut \u00e9galement avoir lieu si cela a \u00e9t\u00e9 pr\u00e9vu par la r\u00e9glementation, la loi ou d&#8217;autres r\u00e9glementations auxquelles le responsable du traitement est soumis. Les donn\u00e9es seront \u00e9galement bloqu\u00e9es ou supprim\u00e9es si une p\u00e9riode de stockage prescrite par les normes susmentionn\u00e9es expire, sauf si un stockage de donn\u00e9es suppl\u00e9mentaire est n\u00e9cessaire, pour la conclusion d&#8217;un contrat ou l&#8217;ex\u00e9cution du contrat.<\/p>\n<p>&nbsp;<\/p>\n<ul>\n<li>DROITS DE L&#8217;UTILISATEUR<\/li>\n<\/ul>\n<p>&nbsp;<\/p>\n<p>Vous disposez des droits suivants concernant vos donn\u00e9es personnelles :<\/p>\n<p>Droit \u00e0 l&#8217;information sur vos donn\u00e9es personnelles que nous stockons<\/p>\n<p>Droit de rectification ou d&#8217;exclusion<\/p>\n<p>Droit de restreindre le traitement<\/p>\n<p>Droit d&#8217;opposition au traitement<\/p>\n<p>Droit \u00e0 la portabilit\u00e9 des donn\u00e9es.<\/p>\n<p>Vous avez \u00e9galement le droit de vous plaindre aupr\u00e8s d&#8217;une autorit\u00e9 de contr\u00f4le de la protection des donn\u00e9es concernant le traitement de vos donn\u00e9es personnelles par nos soins.<\/p>\n<ul>\n<li>COLLECTE DE DONN\u00c9ES PERSONNELLES<\/li>\n<\/ul>\n<p>Lorsque vous utilisez le site de mani\u00e8re informative, c&#8217;est-\u00e0-dire si vous ne vous inscrivez pas ou ne nous fournissez pas d&#8217;informations, nous ne collectons que les donn\u00e9es personnelles que votre navigateur transmet \u00e0 notre serveur. Si vous souhaitez consulter notre site Web, notre syst\u00e8me collecte les donn\u00e9es suivantes, qui nous sont techniquement n\u00e9cessaires pour afficher notre site Web et garantir la stabilit\u00e9 et la s\u00e9curit\u00e9 :<\/p>\n<p>Votre adresse IP<\/p>\n<p>La date et heure de la demande<\/p>\n<p>D\u00e9calage horaire par rapport \u00e0 l&#8217;heure moyenne de Greenwich (GMT)<\/p>\n<p>Demander du contenu (page sp\u00e9cifique)<\/p>\n<p>Code d&#8217;acc\u00e8s \/ d&#8217;\u00e9tat HTTP<\/p>\n<p>La quantit\u00e9 de donn\u00e9es transf\u00e9r\u00e9es dans chaque cas<\/p>\n<p>Site d&#8217;o\u00f9 provient la demande<\/p>\n<p>Syst\u00e8me d&#8217;exploitation et son interface<\/p>\n<p>Langue et version du logiciel du navigateur<\/p>\n<p>Les donn\u00e9es sont \u00e9galement stock\u00e9es dans les archives de notre syst\u00e8me. Ces donn\u00e9es ne sont pas stock\u00e9es avec d&#8217;autres donn\u00e9es personnelles. La base juridique de la collecte et du stockage temporaire des donn\u00e9es est l&#8217;article 6 sec. 1 p. 1 lit. f &#8211; RGPD. \u00c9tant donn\u00e9 que la collecte de donn\u00e9es pour la mise \u00e0 disposition du site Web et le stockage des donn\u00e9es dans les fichiers d&#8217;enregistrement est obligatoire pour le fonctionnement du site Web, il n&#8217;y a pas de droit d&#8217;opposition.<\/p>\n<p>&nbsp;<\/p>\n<ul>\n<li>UTILISATION DE COOKIES<\/li>\n<\/ul>\n<p>En plus des donn\u00e9es mentionn\u00e9es ci-dessus, des cookies sont stock\u00e9s sur votre ordinateur lorsque vous utilisez notre site Web. Les cookies sont de petits fichiers texte qui sont stock\u00e9s sur votre disque dur en association avec le navigateur que vous utilisez et \u00e0 travers lesquels certaines informations nous parviennent. Les cookies ne peuvent pas ex\u00e9cuter de programmes ni transmettre de virus \u00e0 votre ordinateur. Ils sont utilis\u00e9s pour que l&#8217;Internet devienne plus facile et plus efficace, en g\u00e9n\u00e9ral.<\/p>\n<p>La plupart des navigateurs acceptent automatiquement les cookies. Cependant, vous pouvez configurer votre navigateur en fonction de vos souhaits, vous pouvez refuser, par exemple, les cookies tiers ou tous les cookies. Cependant, il est possible que dans ces cas, vous ne puissiez pas utiliser toutes les ressources disponibles sur ce site Web.<\/p>\n<p>Les cookies persistants sont automatiquement supprim\u00e9s apr\u00e8s une dur\u00e9e pr\u00e9d\u00e9termin\u00e9e, qui peut varier en fonction d&#8217;eux. Vous pouvez supprimer les cookies dans les param\u00e8tres de s\u00e9curit\u00e9 de votre navigateur \u00e0 tout moment.<\/p>\n<p>La base juridique du traitement des donn\u00e9es personnelles \u00e0 l&#8217;aide de cookies est l&#8217;article 6 sec. 1 p. 1 lit. f &#8211; RGPD<\/p>\n<p>&nbsp;<\/p>\n<ul>\n<li>UTILISATION DE GOOGLE ANALYTICS<\/li>\n<\/ul>\n<p>Ce site Web utilise Google Analytics. Il s&#8217;agit d&#8217;un service d&#8217;analyse Web fourni par Google Inc. (\u00ab Google \u00bb). Google Analytics utilise des cookies stock\u00e9s sur votre ordinateur et qui permettent une analyse de l&#8217;utilisation du site. Les informations g\u00e9n\u00e9r\u00e9es par les cookies concernant votre utilisation de ce site Web sont g\u00e9n\u00e9ralement transmises \u00e0 un serveur de Google aux \u00c9tats-Unis et y sont stock\u00e9es. Cependant, si l&#8217;anonymisation IP est activ\u00e9e sur ce site, votre adresse IP sera affich\u00e9e sur Google dans les \u00c9tats membres de l&#8217;Union europ\u00e9enne ou ailleurs, dans le cadre de l&#8217;Accord sur l&#8217;Espace \u00e9conomique europ\u00e9en. Ce n&#8217;est que dans des cas exceptionnels que l&#8217;adresse IP compl\u00e8te sera transmise \u00e0 un serveur de Google aux \u00c9tats-Unis et y sera s\u00e9par\u00e9e. Au nom de l&#8217;exploitant de ce site Web, Google utilisera ces informations dans le but d&#8217;\u00e9valuer l&#8217;utilisation du site Web, avec la compilation, des rapports sur l&#8217;activit\u00e9 du site Web et fournira d&#8217;autres services li\u00e9s \u00e0 l&#8217;activit\u00e9 du site Web et \u00e0 l&#8217;utilisation d&#8217;Internet \u00e0 l&#8217;exploitant du site Web. L&#8217;adresse IP transmise par votre navigateur dans le cadre de Google Analytics ne sera pas m\u00e9lang\u00e9e avec d&#8217;autres donn\u00e9es Google. Vous pouvez emp\u00eacher le stockage de cookies en param\u00e9trant votre logiciel de navigation en cons\u00e9quence ; cependant, nous attirons votre attention sur le fait que dans ce cas, vous ne pourrez peut-\u00eatre pas utiliser pleinement toutes les fonctions de ce site Web. Vous pouvez \u00e9galement emp\u00eacher la collecte de donn\u00e9es g\u00e9n\u00e9r\u00e9es par les cookies et connexes, l&#8217;utilisation du site Web (y compris votre adresse IP) pour Google et le traitement de ces donn\u00e9es par Google en t\u00e9l\u00e9chargeant et en installant le plug-in de navigateur disponible sur le lien suivant: http:\/\/tools.google.com\/dlpage\/gaoptout?hl=de.<\/p>\n<p>Nous utilisons Google Analytics pour analyser et am\u00e9liorer r\u00e9guli\u00e8rement l&#8217;utilisation de notre site Web. Gr\u00e2ce aux statistiques obtenues, nous pouvons am\u00e9liorer notre offre et la rendre plus int\u00e9ressante pour vous en tant qu&#8217;utilisateur. Dans des cas exceptionnels, lorsque des donn\u00e9es personnelles sont transf\u00e9r\u00e9es aux \u00c9tats-Unis, Google s&#8217;est soumis au cadre EU-US Privacy Shield, https:\/\/www.privacyshield.gov\/EU-US.<\/p>\n<p>Informations de tiers : Google Dublin, Google Ireland Ltd., Gordon House, Barrow Street, Dublin 4, Irlande, Fax : +353 (1) 436 1001.<\/p>\n<p>Conditions d&#8217;utilisation : http:\/\/www.google.com\/analytics\/terms\/de.html,<\/p>\n<p>Pr\u00e9sentation de la politique de confidentialit\u00e9 : http:\/\/www.google.com\/intl\/de\/analytics\/learn\/privacy.html et<\/p>\n<p>Politique de confidentialit\u00e9 : http:\/\/www.google.de\/intl\/de\/policies\/privacy.<\/p>\n<p>Ce site utilise \u00e9galement Google Analytics pour l&#8217;analyse multi-appareil des flux de visiteurs, qui est effectu\u00e9e \u00e0 l&#8217;aide d&#8217;un identifiant d&#8217;utilisateur. Vous pouvez d\u00e9sactiver l&#8217;analyse multi-appareils pour votre utilisation dans votre compte client sous \u00ab Mes donn\u00e9es \u00bb, \u00ab Donn\u00e9es personnelles \u00bb. La base juridique du traitement des donn\u00e9es personnelles \u00e0 l&#8217;aide de Google Analytics est l&#8217;article 6 sec. 1 lit. f RGPD. Nous avons sign\u00e9 un accord avec Google pour le traitement des donn\u00e9es de commande et qui met pleinement en \u0153uvre les exigences strictes du RGPD lors de l&#8217;utilisation de Google Analytics.<\/p>\n<p>&nbsp;<\/p>\n<ul>\n<li>UTILISATION DU GOOGLE TAG MANAGER<\/li>\n<\/ul>\n<p>Notre site Web utilise l&#8217;outil &#8220;Google Tag Manager&#8221;. Google Tag Manager permet de g\u00e9rer les balises de site \u00e0 partir d&#8217;une seule interface. Google Tag Manager ne collecte pas de donn\u00e9es personnelles, mais entra\u00eene la configuration d&#8217;autres balises, qui \u00e0 leur tour peuvent collecter des donn\u00e9es. Google Tag Manager n&#8217;acc\u00e8de pas \u00e0 ces donn\u00e9es. S&#8217;il est d\u00e9sactiv\u00e9 au niveau du domaine ou du cookie, il restera pour toutes les balises de suivi impl\u00e9ment\u00e9es avec Google Tag Manager.<\/p>\n<p>&nbsp;<\/p>\n<ul>\n<li>S\u00c9CURIT\u00c9<\/li>\n<\/ul>\n<p>Notre site Web et d&#8217;autres syst\u00e8mes, est assur\u00e9 au moyen de mesures techniques et organisationnelles, contre la perte, la destruction, l&#8217;acc\u00e8s, la modification ou la divulgation de vos donn\u00e9es par des personnes non autoris\u00e9es. Malgr\u00e9 des contr\u00f4les r\u00e9guliers, une protection compl\u00e8te contre tous les dangers n&#8217;est pas possible. Le site utilise SSL (Secure Sockets Layer), qui est la norme de l&#8217;industrie, \u00e0 certains endroits pour le cryptage. Cela garantit la confidentialit\u00e9 de vos informations personnelles sur Internet.<\/p>\n\n","protected":false},"excerpt":{"rendered":"<p>Intimit\u00e9 COLLECTE ET TRAITEMENT DES DONN\u00c9ES PERSONNELLES Nous vous informons du traitement de vos donn\u00e9es personnelles lors de l&#8217;utilisation de notre site Web. La \u00ab personne responsable \u00bb du RGPD et des autres lois et r\u00e9glementations nationales sur la protection des donn\u00e9es, qui d\u00e9cide des finalit\u00e9s et des moyens de traitement des donn\u00e9es personnelles, est [&hellip;]<\/p>\n","protected":false},"author":1,"featured_media":1300,"parent":0,"menu_order":0,"comment_status":"closed","ping_status":"closed","template":"","meta":{"site-sidebar-layout":"no-sidebar","site-content-layout":"page-builder","ast-site-content-layout":"","site-content-style":"default","site-sidebar-style":"default","ast-global-header-display":"","ast-banner-title-visibility":"","ast-main-header-display":"","ast-hfb-above-header-display":"","ast-hfb-below-header-display":"","ast-hfb-mobile-header-display":"","site-post-title":"disabled","ast-breadcrumbs-content":"","ast-featured-img":"disabled","footer-sml-layout":"","theme-transparent-header-meta":"default","adv-header-id-meta":"","stick-header-meta":"","header-above-stick-meta":"","header-main-stick-meta":"","header-below-stick-meta":"","astra-migrate-meta-layouts":"default","ast-page-background-enabled":"default","ast-page-background-meta":{"desktop":{"background-color":"","background-image":"","background-repeat":"repeat","background-position":"center center","background-size":"auto","background-attachment":"scroll","background-type":"","background-media":"","overlay-type":"","overlay-color":"","overlay-opacity":"","overlay-gradient":""},"tablet":{"background-color":"","background-image":"","background-repeat":"repeat","background-position":"center center","background-size":"auto","background-attachment":"scroll","background-type":"","background-media":"","overlay-type":"","overlay-color":"","overlay-opacity":"","overlay-gradient":""},"mobile":{"background-color":"","background-image":"","background-repeat":"repeat","background-position":"center center","background-size":"auto","background-attachment":"scroll","background-type":"","background-media":"","overlay-type":"","overlay-color":"","overlay-opacity":"","overlay-gradient":""}},"ast-content-background-meta":{"desktop":{"background-color":"var(--ast-global-color-5)","background-image":"","background-repeat":"repeat","background-position":"center center","background-size":"auto","background-attachment":"scroll","background-type":"","background-media":"","overlay-type":"","overlay-color":"","overlay-opacity":"","overlay-gradient":""},"tablet":{"background-color":"var(--ast-global-color-5)","background-image":"","background-repeat":"repeat","background-position":"center center","background-size":"auto","background-attachment":"scroll","background-type":"","background-media":"","overlay-type":"","overlay-color":"","overlay-opacity":"","overlay-gradient":""},"mobile":{"background-color":"var(--ast-global-color-5)","background-image":"","background-repeat":"repeat","background-position":"center center","background-size":"auto","background-attachment":"scroll","background-type":"","background-media":"","overlay-type":"","overlay-color":"","overlay-opacity":"","overlay-gradient":""}},"footnotes":""},"class_list":["post-1431","page","type-page","status-publish","has-post-thumbnail","hentry"],"acf":[],"yoast_head":"<!-- This site is optimized with the Yoast SEO plugin v23.1 - https:\/\/yoast.com\/wordpress\/plugins\/seo\/ -->\n<title>Intimit\u00e9 - Uniqueles<\/title>\n<meta name=\"description\" content=\"Intimit\u00e9 COLLECTE ET TRAITEMENT DES DONN\u00c9ES PERSONNELLES Nous vous informons du traitement de vos donn\u00e9es personnelles lors de l&#039;utilisation de notre site\" \/>\n<meta name=\"robots\" content=\"noindex, follow\" \/>\n<meta property=\"og:locale\" content=\"fr_FR\" \/>\n<meta property=\"og:type\" content=\"article\" \/>\n<meta property=\"og:title\" content=\"Intimit\u00e9 - Uniqueles\" \/>\n<meta property=\"og:description\" content=\"Intimit\u00e9 COLLECTE ET TRAITEMENT DES DONN\u00c9ES PERSONNELLES Nous vous informons du traitement de vos donn\u00e9es personnelles lors de l&#039;utilisation de notre site\" \/>\n<meta property=\"og:url\" content=\"https:\/\/uniqueles.ch\/fr\/intimite\/\" \/>\n<meta property=\"og:site_name\" content=\"Uniqueles\" \/>\n<meta property=\"article:publisher\" content=\"https:\/\/www.facebook.com\/uniqueles2020\" \/>\n<meta property=\"article:modified_time\" content=\"2021-06-09T07:17:05+00:00\" \/>\n<meta name=\"twitter:card\" content=\"summary_large_image\" \/>\n<script type=\"application\/ld+json\" class=\"yoast-schema-graph\">{\"@context\":\"https:\/\/schema.org\",\"@graph\":[{\"@type\":\"WebPage\",\"@id\":\"https:\/\/uniqueles.ch\/fr\/intimite\/\",\"url\":\"https:\/\/uniqueles.ch\/fr\/intimite\/\",\"name\":\"Intimit\u00e9 - Uniqueles\",\"isPartOf\":{\"@id\":\"https:\/\/uniqueles.ch\/fr\/#website\"},\"primaryImageOfPage\":{\"@id\":\"https:\/\/uniqueles.ch\/fr\/intimite\/#primaryimage\"},\"image\":{\"@id\":\"https:\/\/uniqueles.ch\/fr\/intimite\/#primaryimage\"},\"thumbnailUrl\":\"https:\/\/uniqueles.ch\/wp-content\/uploads\/verschiedene-kopftuecher-von-uniqueles.jpg\",\"datePublished\":\"2021-05-06T05:30:35+00:00\",\"dateModified\":\"2021-06-09T07:17:05+00:00\",\"description\":\"Intimit\u00e9 COLLECTE ET TRAITEMENT DES DONN\u00c9ES PERSONNELLES Nous vous informons du traitement de vos donn\u00e9es personnelles lors de l'utilisation de notre site\",\"breadcrumb\":{\"@id\":\"https:\/\/uniqueles.ch\/fr\/intimite\/#breadcrumb\"},\"inLanguage\":\"fr-FR\",\"potentialAction\":[{\"@type\":\"ReadAction\",\"target\":[\"https:\/\/uniqueles.ch\/fr\/intimite\/\"]}]},{\"@type\":\"ImageObject\",\"inLanguage\":\"fr-FR\",\"@id\":\"https:\/\/uniqueles.ch\/fr\/intimite\/#primaryimage\",\"url\":\"https:\/\/uniqueles.ch\/wp-content\/uploads\/verschiedene-kopftuecher-von-uniqueles.jpg\",\"contentUrl\":\"https:\/\/uniqueles.ch\/wp-content\/uploads\/verschiedene-kopftuecher-von-uniqueles.jpg\",\"width\":1920,\"height\":500},{\"@type\":\"BreadcrumbList\",\"@id\":\"https:\/\/uniqueles.ch\/fr\/intimite\/#breadcrumb\",\"itemListElement\":[{\"@type\":\"ListItem\",\"position\":1,\"name\":\"Startseite\",\"item\":\"https:\/\/uniqueles.ch\/fr\/\"},{\"@type\":\"ListItem\",\"position\":2,\"name\":\"Intimit\u00e9\"}]},{\"@type\":\"WebSite\",\"@id\":\"https:\/\/uniqueles.ch\/fr\/#website\",\"url\":\"https:\/\/uniqueles.ch\/fr\/\",\"name\":\"Uniqueles\",\"description\":\"\",\"potentialAction\":[{\"@type\":\"SearchAction\",\"target\":{\"@type\":\"EntryPoint\",\"urlTemplate\":\"https:\/\/uniqueles.ch\/fr\/?s={search_term_string}\"},\"query-input\":\"required name=search_term_string\"}],\"inLanguage\":\"fr-FR\"}]}<\/script>\n<!-- \/ Yoast SEO plugin. -->","yoast_head_json":{"title":"Intimit\u00e9 - Uniqueles","description":"Intimit\u00e9 COLLECTE ET TRAITEMENT DES DONN\u00c9ES PERSONNELLES Nous vous informons du traitement de vos donn\u00e9es personnelles lors de l'utilisation de notre site","robots":{"index":"noindex","follow":"follow"},"og_locale":"fr_FR","og_type":"article","og_title":"Intimit\u00e9 - Uniqueles","og_description":"Intimit\u00e9 COLLECTE ET TRAITEMENT DES DONN\u00c9ES PERSONNELLES Nous vous informons du traitement de vos donn\u00e9es personnelles lors de l'utilisation de notre site","og_url":"https:\/\/uniqueles.ch\/fr\/intimite\/","og_site_name":"Uniqueles","article_publisher":"https:\/\/www.facebook.com\/uniqueles2020","article_modified_time":"2021-06-09T07:17:05+00:00","twitter_card":"summary_large_image","schema":{"@context":"https:\/\/schema.org","@graph":[{"@type":"WebPage","@id":"https:\/\/uniqueles.ch\/fr\/intimite\/","url":"https:\/\/uniqueles.ch\/fr\/intimite\/","name":"Intimit\u00e9 - Uniqueles","isPartOf":{"@id":"https:\/\/uniqueles.ch\/fr\/#website"},"primaryImageOfPage":{"@id":"https:\/\/uniqueles.ch\/fr\/intimite\/#primaryimage"},"image":{"@id":"https:\/\/uniqueles.ch\/fr\/intimite\/#primaryimage"},"thumbnailUrl":"https:\/\/uniqueles.ch\/wp-content\/uploads\/verschiedene-kopftuecher-von-uniqueles.jpg","datePublished":"2021-05-06T05:30:35+00:00","dateModified":"2021-06-09T07:17:05+00:00","description":"Intimit\u00e9 COLLECTE ET TRAITEMENT DES DONN\u00c9ES PERSONNELLES Nous vous informons du traitement de vos donn\u00e9es personnelles lors de l'utilisation de notre site","breadcrumb":{"@id":"https:\/\/uniqueles.ch\/fr\/intimite\/#breadcrumb"},"inLanguage":"fr-FR","potentialAction":[{"@type":"ReadAction","target":["https:\/\/uniqueles.ch\/fr\/intimite\/"]}]},{"@type":"ImageObject","inLanguage":"fr-FR","@id":"https:\/\/uniqueles.ch\/fr\/intimite\/#primaryimage","url":"https:\/\/uniqueles.ch\/wp-content\/uploads\/verschiedene-kopftuecher-von-uniqueles.jpg","contentUrl":"https:\/\/uniqueles.ch\/wp-content\/uploads\/verschiedene-kopftuecher-von-uniqueles.jpg","width":1920,"height":500},{"@type":"BreadcrumbList","@id":"https:\/\/uniqueles.ch\/fr\/intimite\/#breadcrumb","itemListElement":[{"@type":"ListItem","position":1,"name":"Startseite","item":"https:\/\/uniqueles.ch\/fr\/"},{"@type":"ListItem","position":2,"name":"Intimit\u00e9"}]},{"@type":"WebSite","@id":"https:\/\/uniqueles.ch\/fr\/#website","url":"https:\/\/uniqueles.ch\/fr\/","name":"Uniqueles","description":"","potentialAction":[{"@type":"SearchAction","target":{"@type":"EntryPoint","urlTemplate":"https:\/\/uniqueles.ch\/fr\/?s={search_term_string}"},"query-input":"required name=search_term_string"}],"inLanguage":"fr-FR"}]}},"_links":{"self":[{"href":"https:\/\/uniqueles.ch\/fr\/wp-json\/wp\/v2\/pages\/1431"}],"collection":[{"href":"https:\/\/uniqueles.ch\/fr\/wp-json\/wp\/v2\/pages"}],"about":[{"href":"https:\/\/uniqueles.ch\/fr\/wp-json\/wp\/v2\/types\/page"}],"author":[{"embeddable":true,"href":"https:\/\/uniqueles.ch\/fr\/wp-json\/wp\/v2\/users\/1"}],"replies":[{"embeddable":true,"href":"https:\/\/uniqueles.ch\/fr\/wp-json\/wp\/v2\/comments?post=1431"}],"version-history":[{"count":2,"href":"https:\/\/uniqueles.ch\/fr\/wp-json\/wp\/v2\/pages\/1431\/revisions"}],"predecessor-version":[{"id":1711,"href":"https:\/\/uniqueles.ch\/fr\/wp-json\/wp\/v2\/pages\/1431\/revisions\/1711"}],"wp:featuredmedia":[{"embeddable":true,"href":"https:\/\/uniqueles.ch\/fr\/wp-json\/wp\/v2\/media\/1300"}],"wp:attachment":[{"href":"https:\/\/uniqueles.ch\/fr\/wp-json\/wp\/v2\/media?parent=1431"}],"curies":[{"name":"wp","href":"https:\/\/api.w.org\/{rel}","templated":true}]}}