{"id":1560,"date":"2021-06-02T04:28:02","date_gmt":"2021-06-02T04:28:02","guid":{"rendered":"http:\/\/dev.uniqueles.ch\/conditions-generales\/"},"modified":"2021-07-02T12:10:16","modified_gmt":"2021-07-02T12:10:16","slug":"conditions-generales","status":"publish","type":"page","link":"https:\/\/uniqueles.ch\/fr\/conditions-generales\/","title":{"rendered":"Conditions G\u00e9n\u00e9rales"},"content":{"rendered":"\n\n\t\t<h1>\n\t\t\tConditions G\u00e9n\u00e9rales\n\t\t<\/h1>\n\t\nLes pr\u00e9sentes conditions g\u00e9n\u00e9rales (CG) s&#8217;appliquent \u00e0 toutes les livraisons effectu\u00e9es par Uniqueles GmbH aux consommateurs (article 13 du code civil allemand).<br \/>\nLe consommateur est toute personne physique qui conclut une transaction l\u00e9gale dans un but qui ne peut \u00eatre attribu\u00e9 \u00e0 son activit\u00e9 professionnelle commerciale ou ind\u00e9pendante.\n<p>&nbsp;<\/p>\n\n<p>Le contrat d&#8217;achat est conclu avec :<\/p>\n<strong>Uniqueles GmbH<\/strong><br \/>\nSchwerzenbachstrasse 7a<br \/>\n8604 Volketswil\n<p>Vous pouvez contacter notre service client pour des questions ou des r\u00e9clamations. Pendant la semaine de 9h00 \u00e0 17h00.<\/p>\n<p>&nbsp;<\/p>\n\n<p>3.1 La pr\u00e9sentation des produits dans la boutique en ligne ne constitue pas une offre juridiquement contraignante, mais une invitation \u00e0 commander. Erreurs r\u00e9serv\u00e9es.<\/p>\n<p>3.2 En cliquant sur le bouton &#8220;Acheter&#8221; dans la derni\u00e8re \u00e9tape du processus de commande, vous passez une commande ferme pour les produits contenus dans le panier. Le contrat d&#8217;achat est conclu lorsque nous acceptons votre commande par e-mail de confirmation de commande, imm\u00e9diatement apr\u00e8s r\u00e9ception de votre commande.<\/p>\n<p>&nbsp;<\/p>\n\n<p>Le texte du contrat est stock\u00e9 dans nos syst\u00e8mes internes. Vous pouvez consulter les conditions g\u00e9n\u00e9rales \u00e0 tout moment sur cette page. Les donn\u00e9es de la commande seront envoy\u00e9es par e-mail. Une fois la commande termin\u00e9e, le texte du contrat n&#8217;est pas accessible via Internet, pour des raisons de s\u00e9curit\u00e9.<\/p>\n<p>&nbsp;<\/p>\n<strong>5. RETOURS<\/strong><br \/>\n5.1 Si un d\u00e9faut de l&#8217;article survient, apr\u00e8s utilisation, la demande de dommages-int\u00e9r\u00eats du client est exclue\n<p>5.2 UNIQUELES n&#8217;est pas responsable des dommages qui ne sont pas survenus dans le produit lui-m\u00eame ou des pertes financi\u00e8res du client<\/p>\n<p>5.3 La limitation de responsabilit\u00e9 ne s&#8217;applique pas si la cause du dommage est fond\u00e9e sur l&#8217;intention ou s&#8217;il y a des dommages corporels (\u00e0 la vie ou \u00e0 la sant\u00e9).<\/p>\n<p>5.4 Si UNIQUELES viole par n\u00e9gligence une obligation contractuelle essentielle, l&#8217;obligation d&#8217;indemnisation est limit\u00e9e<\/p>\n5.5 Le droit de r\u00e9tractation ne s&#8217;applique pas aux contrats suivants:<br \/>\nDu fait de la personnalisation du produit et raison d&#8217; hygi\u00e8ne, le consommateur n&#8217;a pas droit \u00e0 l&#8217;\u00e9change ou au retour.\n<p>&nbsp;<\/p>\n<strong>6. PRIX ET FRAIS D&#8217;EXP\u00c9DITION<\/strong><br \/>\n6.1 Pour la Suisse, les prix indiqu\u00e9s incluent la taxe de 7.7% sur la valeur ajout\u00e9e.\n6.2 Les frais d&#8217;exp\u00e9dition d\u00e9pendent de la quantit\u00e9 de marchandises command\u00e9es et vous seront clairement communiqu\u00e9s avant de soumettre votre commande ferme. Vous pouvez trouver un aper\u00e7u sur la page Exp\u00e9dition. Nous proposons les m\u00e9thodes d&#8217;exp\u00e9dition suivantes dans notre magasin:<br \/>\nFrais de port &#8211; CHF 9.- par envoi en Suisse.\n<p>&nbsp;<\/p>\n\n7.1 UNIQUELES s&#8217;engage \u00e0 livrer l&#8217;article en Suisse dans un d\u00e9lai de 7 \u00e0 14 jours ouvr\u00e9s, apr\u00e8s r\u00e9ception de la commande par email. L&#8217;obligation de livraison ne s&#8217;applique pas si les articles command\u00e9s ne sont pas en stock. L&#8217;obligation de livraison ne s&#8217;applique pas non plus si cela n&#8217;est pas possible en raison de gr\u00e8ves ou d&#8217;une pand\u00e9mie.<br \/>\nSi l&#8217;article n&#8217;est pas disponible, UNIQUELES s&#8217;engage \u00e0 en informer imm\u00e9diatement le client, afin de proc\u00e9der \u00e0 son remplacement. Les acomptes du client seront rembours\u00e9s imm\u00e9diatement.<br \/>\n7.2 Vous pouvez trouver des informations sur les d\u00e9lais de livraison sur la page produit respective.\n<p>&nbsp;<\/p>\n<strong>8. PAIEMENT<\/strong><br \/>\n8.1 Nous proposons les options de paiement suivantes dans notre boutique en ligne:\nVisa<br \/>\nMaster Card<br \/>\nPayPal<br \/>\nTwint\n8.2 Vous n&#8217;avez droit \u00e0 une compensation que si vos demandes reconventionnelles ont \u00e9t\u00e9 l\u00e9galement \u00e9tablies par un tribunal ou sont incontestables ou reconnues par nous par \u00e9crit.<br \/>\n8.3 Vous ne pouvez exercer le droit de r\u00e9tention que si les r\u00e9clamations r\u00e9sultent de la m\u00eame relation contractuelle\n<p>&nbsp;<\/p>\n<strong>9. R\u00c9SERVE DE DROIT<\/strong><br \/>\nJusqu&#8217;\u00e0 ce que le paiement complet soit effectu\u00e9, les marchandises restent sur notre propri\u00e9t\u00e9.\n<p>&nbsp;<\/p>\n<strong>10. Propri\u00e9t\u00e9 intellectuelle<\/strong><br \/>\nTous les droits d&#8217;image et autres droits de propri\u00e9t\u00e9 intellectuelle sont la propri\u00e9t\u00e9 d&#8217;UNIQUELES. L&#8217;utilisation sans l&#8217;autorisation expresse d&#8217;UNIQUELES n&#8217;est pas autoris\u00e9e.\n<p>&nbsp;<\/p>\n\n<p>Uniqueles contient des liens vers des sites externes, et Uniqueles n&#8217;est pas responsable de ces sites, n&#8217;a aucun contr\u00f4le sur leur contenu.<\/p>\n\n","protected":false},"excerpt":{"rendered":"<p>Conditions G\u00e9n\u00e9rales Les pr\u00e9sentes conditions g\u00e9n\u00e9rales (CG) s&#8217;appliquent \u00e0 toutes les livraisons effectu\u00e9es par Uniqueles GmbH aux consommateurs (article 13 du code civil allemand). Le consommateur est toute personne physique qui conclut une transaction l\u00e9gale dans un but qui ne peut \u00eatre attribu\u00e9 \u00e0 son activit\u00e9 professionnelle commerciale ou ind\u00e9pendante. &nbsp; Le contrat d&#8217;achat est [&hellip;]<\/p>\n","protected":false},"author":1,"featured_media":1300,"parent":0,"menu_order":0,"comment_status":"closed","ping_status":"closed","template":"","meta":{"site-sidebar-layout":"no-sidebar","site-content-layout":"page-builder","ast-site-content-layout":"","site-content-style":"default","site-sidebar-style":"default","ast-global-header-display":"","ast-banner-title-visibility":"","ast-main-header-display":"","ast-hfb-above-header-display":"","ast-hfb-below-header-display":"","ast-hfb-mobile-header-display":"","site-post-title":"disabled","ast-breadcrumbs-content":"","ast-featured-img":"disabled","footer-sml-layout":"","theme-transparent-header-meta":"default","adv-header-id-meta":"","stick-header-meta":"","header-above-stick-meta":"","header-main-stick-meta":"","header-below-stick-meta":"","astra-migrate-meta-layouts":"default","ast-page-background-enabled":"default","ast-page-background-meta":{"desktop":{"background-color":"","background-image":"","background-repeat":"repeat","background-position":"center center","background-size":"auto","background-attachment":"scroll","background-type":"","background-media":"","overlay-type":"","overlay-color":"","overlay-opacity":"","overlay-gradient":""},"tablet":{"background-color":"","background-image":"","background-repeat":"repeat","background-position":"center center","background-size":"auto","background-attachment":"scroll","background-type":"","background-media":"","overlay-type":"","overlay-color":"","overlay-opacity":"","overlay-gradient":""},"mobile":{"background-color":"","background-image":"","background-repeat":"repeat","background-position":"center center","background-size":"auto","background-attachment":"scroll","background-type":"","background-media":"","overlay-type":"","overlay-color":"","overlay-opacity":"","overlay-gradient":""}},"ast-content-background-meta":{"desktop":{"background-color":"var(--ast-global-color-5)","background-image":"","background-repeat":"repeat","background-position":"center center","background-size":"auto","background-attachment":"scroll","background-type":"","background-media":"","overlay-type":"","overlay-color":"","overlay-opacity":"","overlay-gradient":""},"tablet":{"background-color":"var(--ast-global-color-5)","background-image":"","background-repeat":"repeat","background-position":"center center","background-size":"auto","background-attachment":"scroll","background-type":"","background-media":"","overlay-type":"","overlay-color":"","overlay-opacity":"","overlay-gradient":""},"mobile":{"background-color":"var(--ast-global-color-5)","background-image":"","background-repeat":"repeat","background-position":"center center","background-size":"auto","background-attachment":"scroll","background-type":"","background-media":"","overlay-type":"","overlay-color":"","overlay-opacity":"","overlay-gradient":""}},"footnotes":""},"class_list":["post-1560","page","type-page","status-publish","has-post-thumbnail","hentry"],"acf":[],"yoast_head":"<!-- This site is optimized with the Yoast SEO plugin v23.1 - https:\/\/yoast.com\/wordpress\/plugins\/seo\/ -->\n<title>Die Allgemeine Gesch\u00e4ftsbedingungen von Uniqueles<\/title>\n<meta name=\"description\" content=\"Hier findest du unsere allgemeinen Gesch\u00e4ftsbedingungen. Bei Fragen oder Unklarheiten kontaktiere Uniqueles direkt unter: 078 406 27 47\" \/>\n<meta name=\"robots\" content=\"index, follow, max-snippet:-1, max-image-preview:large, max-video-preview:-1\" \/>\n<link rel=\"canonical\" href=\"https:\/\/uniqueles.ch\/fr\/conditions-generales\/\" \/>\n<meta property=\"og:locale\" content=\"fr_FR\" \/>\n<meta property=\"og:type\" content=\"article\" \/>\n<meta property=\"og:title\" content=\"Die Allgemeine Gesch\u00e4ftsbedingungen von Uniqueles\" \/>\n<meta property=\"og:description\" content=\"Hier findest du unsere allgemeinen Gesch\u00e4ftsbedingungen. Bei Fragen oder Unklarheiten kontaktiere Uniqueles direkt unter: 078 406 27 47\" \/>\n<meta property=\"og:url\" content=\"https:\/\/uniqueles.ch\/fr\/conditions-generales\/\" \/>\n<meta property=\"og:site_name\" content=\"Uniqueles\" \/>\n<meta property=\"article:publisher\" content=\"https:\/\/www.facebook.com\/uniqueles2020\" \/>\n<meta property=\"article:modified_time\" content=\"2021-07-02T12:10:16+00:00\" \/>\n<meta name=\"twitter:card\" content=\"summary_large_image\" \/>\n<script type=\"application\/ld+json\" class=\"yoast-schema-graph\">{\"@context\":\"https:\/\/schema.org\",\"@graph\":[{\"@type\":\"WebPage\",\"@id\":\"https:\/\/uniqueles.ch\/fr\/conditions-generales\/\",\"url\":\"https:\/\/uniqueles.ch\/fr\/conditions-generales\/\",\"name\":\"Die Allgemeine Gesch\u00e4ftsbedingungen von Uniqueles\",\"isPartOf\":{\"@id\":\"https:\/\/uniqueles.ch\/fr\/#website\"},\"primaryImageOfPage\":{\"@id\":\"https:\/\/uniqueles.ch\/fr\/conditions-generales\/#primaryimage\"},\"image\":{\"@id\":\"https:\/\/uniqueles.ch\/fr\/conditions-generales\/#primaryimage\"},\"thumbnailUrl\":\"https:\/\/uniqueles.ch\/wp-content\/uploads\/verschiedene-kopftuecher-von-uniqueles.jpg\",\"datePublished\":\"2021-06-02T04:28:02+00:00\",\"dateModified\":\"2021-07-02T12:10:16+00:00\",\"description\":\"Hier findest du unsere allgemeinen Gesch\u00e4ftsbedingungen. Bei Fragen oder Unklarheiten kontaktiere Uniqueles direkt unter: 078 406 27 47\",\"breadcrumb\":{\"@id\":\"https:\/\/uniqueles.ch\/fr\/conditions-generales\/#breadcrumb\"},\"inLanguage\":\"fr-FR\",\"potentialAction\":[{\"@type\":\"ReadAction\",\"target\":[\"https:\/\/uniqueles.ch\/fr\/conditions-generales\/\"]}]},{\"@type\":\"ImageObject\",\"inLanguage\":\"fr-FR\",\"@id\":\"https:\/\/uniqueles.ch\/fr\/conditions-generales\/#primaryimage\",\"url\":\"https:\/\/uniqueles.ch\/wp-content\/uploads\/verschiedene-kopftuecher-von-uniqueles.jpg\",\"contentUrl\":\"https:\/\/uniqueles.ch\/wp-content\/uploads\/verschiedene-kopftuecher-von-uniqueles.jpg\",\"width\":1920,\"height\":500},{\"@type\":\"BreadcrumbList\",\"@id\":\"https:\/\/uniqueles.ch\/fr\/conditions-generales\/#breadcrumb\",\"itemListElement\":[{\"@type\":\"ListItem\",\"position\":1,\"name\":\"Startseite\",\"item\":\"https:\/\/uniqueles.ch\/fr\/\"},{\"@type\":\"ListItem\",\"position\":2,\"name\":\"Conditions G\u00e9n\u00e9rales\"}]},{\"@type\":\"WebSite\",\"@id\":\"https:\/\/uniqueles.ch\/fr\/#website\",\"url\":\"https:\/\/uniqueles.ch\/fr\/\",\"name\":\"Uniqueles\",\"description\":\"\",\"potentialAction\":[{\"@type\":\"SearchAction\",\"target\":{\"@type\":\"EntryPoint\",\"urlTemplate\":\"https:\/\/uniqueles.ch\/fr\/?s={search_term_string}\"},\"query-input\":\"required name=search_term_string\"}],\"inLanguage\":\"fr-FR\"}]}<\/script>\n<!-- \/ Yoast SEO plugin. -->","yoast_head_json":{"title":"Die Allgemeine Gesch\u00e4ftsbedingungen von Uniqueles","description":"Hier findest du unsere allgemeinen Gesch\u00e4ftsbedingungen. Bei Fragen oder Unklarheiten kontaktiere Uniqueles direkt unter: 078 406 27 47","robots":{"index":"index","follow":"follow","max-snippet":"max-snippet:-1","max-image-preview":"max-image-preview:large","max-video-preview":"max-video-preview:-1"},"canonical":"https:\/\/uniqueles.ch\/fr\/conditions-generales\/","og_locale":"fr_FR","og_type":"article","og_title":"Die Allgemeine Gesch\u00e4ftsbedingungen von Uniqueles","og_description":"Hier findest du unsere allgemeinen Gesch\u00e4ftsbedingungen. Bei Fragen oder Unklarheiten kontaktiere Uniqueles direkt unter: 078 406 27 47","og_url":"https:\/\/uniqueles.ch\/fr\/conditions-generales\/","og_site_name":"Uniqueles","article_publisher":"https:\/\/www.facebook.com\/uniqueles2020","article_modified_time":"2021-07-02T12:10:16+00:00","twitter_card":"summary_large_image","schema":{"@context":"https:\/\/schema.org","@graph":[{"@type":"WebPage","@id":"https:\/\/uniqueles.ch\/fr\/conditions-generales\/","url":"https:\/\/uniqueles.ch\/fr\/conditions-generales\/","name":"Die Allgemeine Gesch\u00e4ftsbedingungen von Uniqueles","isPartOf":{"@id":"https:\/\/uniqueles.ch\/fr\/#website"},"primaryImageOfPage":{"@id":"https:\/\/uniqueles.ch\/fr\/conditions-generales\/#primaryimage"},"image":{"@id":"https:\/\/uniqueles.ch\/fr\/conditions-generales\/#primaryimage"},"thumbnailUrl":"https:\/\/uniqueles.ch\/wp-content\/uploads\/verschiedene-kopftuecher-von-uniqueles.jpg","datePublished":"2021-06-02T04:28:02+00:00","dateModified":"2021-07-02T12:10:16+00:00","description":"Hier findest du unsere allgemeinen Gesch\u00e4ftsbedingungen. Bei Fragen oder Unklarheiten kontaktiere Uniqueles direkt unter: 078 406 27 47","breadcrumb":{"@id":"https:\/\/uniqueles.ch\/fr\/conditions-generales\/#breadcrumb"},"inLanguage":"fr-FR","potentialAction":[{"@type":"ReadAction","target":["https:\/\/uniqueles.ch\/fr\/conditions-generales\/"]}]},{"@type":"ImageObject","inLanguage":"fr-FR","@id":"https:\/\/uniqueles.ch\/fr\/conditions-generales\/#primaryimage","url":"https:\/\/uniqueles.ch\/wp-content\/uploads\/verschiedene-kopftuecher-von-uniqueles.jpg","contentUrl":"https:\/\/uniqueles.ch\/wp-content\/uploads\/verschiedene-kopftuecher-von-uniqueles.jpg","width":1920,"height":500},{"@type":"BreadcrumbList","@id":"https:\/\/uniqueles.ch\/fr\/conditions-generales\/#breadcrumb","itemListElement":[{"@type":"ListItem","position":1,"name":"Startseite","item":"https:\/\/uniqueles.ch\/fr\/"},{"@type":"ListItem","position":2,"name":"Conditions G\u00e9n\u00e9rales"}]},{"@type":"WebSite","@id":"https:\/\/uniqueles.ch\/fr\/#website","url":"https:\/\/uniqueles.ch\/fr\/","name":"Uniqueles","description":"","potentialAction":[{"@type":"SearchAction","target":{"@type":"EntryPoint","urlTemplate":"https:\/\/uniqueles.ch\/fr\/?s={search_term_string}"},"query-input":"required name=search_term_string"}],"inLanguage":"fr-FR"}]}},"_links":{"self":[{"href":"https:\/\/uniqueles.ch\/fr\/wp-json\/wp\/v2\/pages\/1560"}],"collection":[{"href":"https:\/\/uniqueles.ch\/fr\/wp-json\/wp\/v2\/pages"}],"about":[{"href":"https:\/\/uniqueles.ch\/fr\/wp-json\/wp\/v2\/types\/page"}],"author":[{"embeddable":true,"href":"https:\/\/uniqueles.ch\/fr\/wp-json\/wp\/v2\/users\/1"}],"replies":[{"embeddable":true,"href":"https:\/\/uniqueles.ch\/fr\/wp-json\/wp\/v2\/comments?post=1560"}],"version-history":[{"count":7,"href":"https:\/\/uniqueles.ch\/fr\/wp-json\/wp\/v2\/pages\/1560\/revisions"}],"predecessor-version":[{"id":1850,"href":"https:\/\/uniqueles.ch\/fr\/wp-json\/wp\/v2\/pages\/1560\/revisions\/1850"}],"wp:featuredmedia":[{"embeddable":true,"href":"https:\/\/uniqueles.ch\/fr\/wp-json\/wp\/v2\/media\/1300"}],"wp:attachment":[{"href":"https:\/\/uniqueles.ch\/fr\/wp-json\/wp\/v2\/media?parent=1560"}],"curies":[{"name":"wp","href":"https:\/\/api.w.org\/{rel}","templated":true}]}}