{"id":1404,"date":"2021-05-06T00:59:00","date_gmt":"2021-05-06T00:59:00","guid":{"rendered":"http:\/\/dev.uniqueles.ch\/su-di-me\/"},"modified":"2021-07-08T15:18:18","modified_gmt":"2021-07-08T15:18:18","slug":"su-di-me","status":"publish","type":"page","link":"https:\/\/uniqueles.ch\/it\/su-di-me\/","title":{"rendered":"Su di me"},"content":{"rendered":"\n\n\t\t<h1>\n\t\t\tSU DI ME. LA MIA STORIA E \n\t\t\t\t\t\t\t\t\t\t\tL&#8217;IDEA DELLA CREAZIONE DI UNIQUELES\n\t\t<\/h1>\n\t\t\t\t<img decoding=\"async\" src=\"https:\/\/uniqueles.ch\/wp-content\/uploads\/sandra-gruenderin-von-uniqueles.jpg\" alt=\"sandra gruenderin von uniqueles\" itemprop=\"image\" height=\"768\" width=\"538\" title=\"Sandra Gruenderin Von Uniqueles\" onerror=\"this.style.display='none'\"  \/>\n\t\t<h2>\n\t\t\tL&#8217;IMPORTANTE \u00c8 LA SALUTE\n\t\t\t\t\t\t\t\t\t\t\tLA MIA STORIA\n\t\t<\/h2>\n\t\t\t<p>Il mio nome \u00e8 Sandra e sono nata nel 1975, sposata, con due figlie. Nel gennaio del 2019 mio marito ha scoperto che avevo un nodulo al seno. Mi sono recata immediatamente dal medico il quale mi ha diagnosticato un cancro al seno triplo- negativo con metastasi ai linfonodi. Un incubo per ogni donna! Iniziai subito un trattamento settimanale di chemioterapia, che dur\u00f2 oltre mesi. Successivamente, ho affrontato un intervento chirurgico conservativo al seno con rimozione dei linfonodi. Da ultimo ma non per questo meno importante, per cinque settimane mi sono sottoposta a delle sedute quotidiane di radioterapia.<br \/>Attualmente sono libera dal tumore ma purtroppo devo ancora lottare contro gli effetti collaterali dei trattamenti.<br \/>\u00c8 stato un percorso lungo e faticoso. Grazie al mio atteggiamento positivo e la mia forte volont\u00e0 di sopravvivenza, sono rinchiusa a superare questo difficile periodo della mia vita.<\/p>\t\t\n<p>Desidero ringraziare di cuore la mia famiglia e i miei amici, che mi hanno sostenuta con tanto amore e comprensione. Anche per i miei parenti \u00e8 stato un evento delicato e spaventoso, nel quale ognuno a modo suo ha sofferto insieme a me. All&#8217;inizio tutto era nuovo e incerto. Non si sapeva come sarebbe andata avanti e non si sa come sarebbe finito. Ti senti impotente. Quando attraversi una situazione come questa, si diventa consapevoli di quanto tutto sia irrilevante.<\/p>\n<p>La cosa pi\u00f9 importante \u00e8 la salute!<\/p>\n<p>Tastatevi regolarmente e andate a fare i controlli!!<\/p>\n\t<a href=\"https:\/\/uniqueles.ch\/it\/prodotto\/uniqueles-bandana\/\" target=\"_self\" role=\"button\" aria-label=\"Realizza la tua UNIQUELES BANDANA\u00a9\" rel=\"noopener\">\n\t\t\t\tRealizza la tua UNIQUELES BANDANA<sup>\u00a9<\/sup>\n\t\t\t<\/a>\n\t<p>Desidero ringraziare di cuore la mia famiglia e  i miei amici che mi hanno sostenuta con tanto amore e comprensione. Anche per i miei parenti \u00e8 stato un evento delicato e spaventoso nel quale ognuno a modo suo ha sofferto insieme a me. All&#8217;inizio tutto era nuovo e incerto. Non si sapeva come sarebbe andata avanti e non si sa come finir\u00e0. Ti senti impotente. Quando attraversi una situazione come questa, si diventa consapevoli di quanto tutto sia irrilevante.<\/p>\n<p>La cosa pi\u00f9 importante \u00e8 la salute!<\/p>\n<p>Tastatevi regolarmente e andate a fare i controlli!!<\/p>\n\t<a href=\"https:\/\/uniqueles.ch\/it\/prodotto\/uniqueles-bandana\/\" target=\"_self\" role=\"button\" aria-label=\"Realizza il tuo UNIQUELES BANDANA\u00a9\" rel=\"noopener\">\n\t\t\t\tRealizza il tuo UNIQUELES BANDANA<sup>\u00a9<\/sup>\n\t\t\t<\/a>\n\t\t<h2>\n\t\t\tSTAMPA\n\t\t\t\t\t\t\t\t\t\t\tINTERVISTE\n\t\t<\/h2>\n\t<iframe allowfullscreen allow=\"autoplay\" src=\"https:\/\/www.youtube-nocookie.com\/embed\/Ge9CWtPJrLg?feature=oembed&amp;start&amp;end&amp;wmode=opaque&amp;loop=0&amp;controls=1&amp;mute=0&amp;rel=0&amp;modestbranding=1\"><\/iframe>\t\n\t<iframe allowfullscreen allow=\"autoplay\" src=\"https:\/\/www.youtube-nocookie.com\/embed\/woL8k5xfVP8?feature=oembed&amp;start&amp;end&amp;wmode=opaque&amp;loop=0&amp;controls=1&amp;mute=0&amp;rel=0&amp;modestbranding=1\"><\/iframe>\t\n\t\t<h2>\n\t\t\tUniqueles\n\t\t\t\t\t\t\t\t\t\t\tL&#8217;ORIGINE DELLA MIA IDEA\n\t\t<\/h2>\n\t\t\t<p>Tutte le terapie contro i tumori sono gi\u00e0 di per s\u00e9 molto difficili da affrontare. Ma quando nel corso della chemioterapia si perdono pure i capelli, ci si sente profondamente ferite e smarrite. Si ha la sensazione di essere nude. Prima di iniziare il trattamento, mi recai in un negozio specializzato in parrucche per ordinarne una da indossare quando sarebbe arrivato il temuto momento. Da subito ho avuto una strana percezione. Quando ho iniziato a perdere i primi ciuffi di capelli, mi sono fatta radere la testa preventivamente da mio marito e dalle mie figlie. In questo modo mi ero lasciata subito questa fase alle spalle! Sorprendentemente non mi sono trovata cos\u00ec male con la testa rasata. Per la vita quotidiana avevo gi\u00e0 la parrucca che avevo precedentemente acquistato, ma presto scoprii che non faceva per me. Quella non ero io! Per strada avevo la sensazione, che tutti sapessero che portavo dei capelli finti e che avevo il cancro. Non riuscivo a sopportare nemmeno i berretti per la chemio o dei semplici foulard. Cos\u00ec trascorrevo la maggior parte del tempo rintanata in casa, influenzando negativamente il processo di guarigione.<\/p>\t\t\n\t\t\t\t<img decoding=\"async\" src=\"https:\/\/uniqueles.ch\/wp-content\/uploads\/gruenderin-von-uniqueles-sandra-mit-ihrer-katze.jpg\" alt=\"gruenderin von uniqueles sandra mit ihrer katze\" itemprop=\"image\" height=\"588\" width=\"560\" title=\"Gruenderin Von Uniqueles Sandra Mit Ihrer Katze\" onerror=\"this.style.display='none'\"  \/>\n\t\t\t\t<img decoding=\"async\" src=\"https:\/\/uniqueles.ch\/wp-content\/uploads\/sandra-von-uniqueles-mit-kopftuch-und-blonden-extensions.jpg\" alt=\"sandra von uniqueles mit kopftuch und blonden extensions\" itemprop=\"image\" height=\"588\" width=\"560\" title=\"Sandra Von Uniqueles Mit Kopftuch Und Blonden Extensions\" onerror=\"this.style.display='none'\"  \/>\n\tDovevo assolutamente trovare qualcosa che mi facesse sentire me stessa. Qualcosa che mi permetteva di essere, malgrado tutto, ancora carina ed alla moda. E pi\u00f9 importante ancora, che avesse DEI CAPELLI! Doveva essere gradevole da indossare, facile da trattare e che fosse variato. Per necessit\u00e0, ho quindi creato la mia nuova Bandana attingendo ad un foulard, una fascia e delle Extensions. Mia madre, che era una sarta, mi ha aiutato a realizzare la mia visione. La mia prima Bandana era nato. Volevo provarlo immediatamente e lo indossai per uscire tra la gente. Le reazioni sono state incredibili! La gente mit trattavana nuovamente con naturalezza e le donne, che si sottoponevano alla chemio, la adoravano! Ho sperimentato molto, fino a quando la Bandana perfetta \u00e8 nata in diverse varianti.<br \/>\nFinalmente avevo ritrovato il piacere di fare qualcosa insieme la famiglia e amici. Mi sentivo a mio agio nella mia pelle e potevo godermi la giornata in ogni circostanza.\n\t<a href=\"https:\/\/uniqueles.ch\/it\/prodotto\/uniqueles-bandana\/\" target=\"_self\" role=\"button\" aria-label=\"Al configuratore del UNIQUELES BANDANA\u00a9\" rel=\"noopener\">\n\t\t\t\tAl configuratore del UNIQUELES BANDANA<sup>\u00a9<\/sup>\n\t\t\t<\/a>\n\t\t<h2>\n\t\t\tCOSA MI HA AIUTATO\n\t\t\t\t\t\t\t\t\t\t\tCONSIGLI DALLA MIA ESPERIENZA PERSONALE \n\t\t<\/h2>\n\t<ul>\n\t\t\t<li>\n\t\t\t\tAnnunciati da subito presso un\u2019infermiera in senologia (Breast Care Nurse). Queste figure professionali ti accompagnano e consigliano durante tutto il tuo percorso, sia dal punto di vista fisico che psicosociale. \n\t\t\t<\/li>\n\t\t\t<li>\n\t\t\t\tFai il meglio della tua giornata, anche se non ti senti ancora bene dopo una chemio. Fai ogni giorno una passeggiata nella natura o concediti un caff\u00e8 con le amiche. Fai quello che desideri al momento. Serve a distrarti e ti d\u00e0 motivazione e forza per superare tutto il resto. \n\t\t\t<\/li>\n\t\t\t<li>\n\t\t\t\t\u00c8 fantastico se possiedi un cane. Ti costringe ad uscire. In generale, gli animali domestici sono una risorsa in questo periodo. Si accorgono che non stai bene e cercano sempre la tua vicinanza. \n\t\t\t<\/li>\n\t\t\t<li>\n\t\t\t\tCerca di tanto in tanto di praticare dello sport. Stimola la circolazione ed \u00e8 complementare alle cure. Ma non lavorare troppo! Lo yoga, ad esempio, pu\u00f2 facilmente diventare il tuo rituale quotidiano.\n\t\t\t<\/li>\n\t\t\t<li>\n\t\t\t\tFatti ogni giorno bella. Truccati, indossa vestiti colorati. Soprattutto in periodo in particolare, fa bene ricevere complimenti. Concediti un giorno di spa a casa ogni tanto.\n\t\t\t<\/li>\n\t\t<\/ul>\n\t<ul>\n\t\t\t<li>\n\t\t\t\tQuello che pu\u00f2 anche aiutare \u00e8 tenere un diario. Comprati una bella agenda dove annotare i tuoi pensieri e sensazioni. Portala ovunque con te. Questo ti dona sicurezza. \n\t\t\t<\/li>\n\t\t\t<li>\n\t\t\t\tTieni controllata la tua alimentazione. Probabilmente aumenterai di peso a causa del cortisone, ma questo consiste principalmente nella ritenzione idrica. Non appena la terapia sar\u00e0 finita, perderai di nuovo i chili accumulati. Forse ti aiuter\u00e0 andare da nutrizionista, preferibilmente PRIMA di iniziare la terapia. Per quanto riguarda i postumi della chemio, la medicina complementare potrebbe aiutarti. Ma discutine sempre prima con il tuo medico qualsiasi cosa tu voglia assumere. \n\t\t\t<\/li>\n\t\t\t<li>\n\t\t\t\tScegli tu quando e con chi parlare del tumore. Un dialogo dovrebbe alleviarti e non deprimerti. Fallo sapere ai tuoi cari in modo che possano adattarsi alla situazione ma non dimenticare che anche per loro \u00e8 un momento molto difficile. Soprattutto quando hai figli, dovresti educarli in modo appropriato all'et\u00e0 e rendere loro partecipi della situazione. Sii aperta sull'argomento, ti \u00e8 utile a rendere la vita pi\u00f9 facile. \n\t\t\t<\/li>\n\t\t<\/ul>\n\t\t<h2>\n\t\t\tSPERIMENTA\n\t\t\t\t\t\t\t\t\t\t\tSCOPRI UNA NUOVA TE\n\t\t<\/h2>\n\t\t\tOvviamente ero felice quando i miei capelli sono nuovamente cresciuti. Prima di allora non avrei mai avuto il coraggio di provare un taglio cos\u00ec corto. Ora ne sono entusiasta e sperimento sempre qualcosa di nuovo.\t\t\n\t<a href=\"https:\/\/uniqueles.ch\/it\/prodotto\/uniqueles-bandana\/\" target=\"_self\" role=\"button\" aria-label=\"Componi ora il tuo UNIQUELES BANDANA\u00a9\" rel=\"noopener\">\n\t\t\t\tComponi ora il tuo UNIQUELES BANDANA<sup>\u00a9<\/sup>\n\t\t\t<\/a>\n\t\t\t\t<img decoding=\"async\" src=\"https:\/\/uniqueles.ch\/wp-content\/uploads\/sandra-von-uniqueles-mit-kurzen-schwarzen-haaren-und-gelbem-top.jpg\" alt=\"sandra von uniqueles mit kurzen schwarzen haaren und gelbem top\" itemprop=\"image\" height=\"645\" width=\"480\" title=\"Sandra Von Uniqueles Mit Kurzen Schwarzen Haaren Und Gelbem Top\" onerror=\"this.style.display='none'\"  \/>\n\t\t\t\t<img decoding=\"async\" src=\"https:\/\/uniqueles.ch\/wp-content\/uploads\/sandra-von-uniqueles-mit-kurzen-gestylten-schwarzen-haaren.jpg\" alt=\"sandra von uniqueles mit kurzen gestylten schwarzen haaren\" itemprop=\"image\" height=\"645\" width=\"480\" title=\"Sandra Von Uniqueles Mit Kurzen Gestylten Schwarzen Haaren\" onerror=\"this.style.display='none'\"  \/>\n\t\t\t\t<img decoding=\"async\" src=\"https:\/\/uniqueles.ch\/wp-content\/uploads\/sandra-von-uniqueles-mit-zurueckgegelten-blondierten-haaren.jpg\" alt=\"sandra von uniqueles mit zurueckgegelten blondierten haaren\" itemprop=\"image\" height=\"645\" width=\"480\" title=\"Sandra Von Uniqueles Mit Zurueckgegelten Blondierten Haaren\" onerror=\"this.style.display='none'\"  \/>\n\t\t\t\t<img decoding=\"async\" src=\"https:\/\/uniqueles.ch\/wp-content\/uploads\/sandra-von-uniqueles-mit-blond-gefaerbten-kurzen-haaren.jpg\" alt=\"sandra von uniqueles mit blond gefaerbten kurzen haaren\" itemprop=\"image\" height=\"645\" width=\"480\" title=\"Sandra Von Uniqueles Mit Blond Gefaerbten Kurzen Haaren\" onerror=\"this.style.display='none'\"  \/>\n\n","protected":false},"excerpt":{"rendered":"<p>SU DI ME. LA MIA STORIA E L&#8217;IDEA DELLA CREAZIONE DI UNIQUELES L&#8217;IMPORTANTE \u00c8 LA SALUTE LA MIA STORIA Il mio nome \u00e8 Sandra e sono nata nel 1975, sposata, con due figlie. Nel gennaio del 2019 mio marito ha scoperto che avevo un nodulo al seno. Mi sono recata immediatamente dal medico il quale [&hellip;]<\/p>\n","protected":false},"author":1,"featured_media":0,"parent":0,"menu_order":0,"comment_status":"closed","ping_status":"closed","template":"","meta":{"site-sidebar-layout":"no-sidebar","site-content-layout":"page-builder","ast-site-content-layout":"full-width-container","site-content-style":"unboxed","site-sidebar-style":"unboxed","ast-global-header-display":"","ast-banner-title-visibility":"","ast-main-header-display":"","ast-hfb-above-header-display":"","ast-hfb-below-header-display":"","ast-hfb-mobile-header-display":"","site-post-title":"disabled","ast-breadcrumbs-content":"","ast-featured-img":"disabled","footer-sml-layout":"","theme-transparent-header-meta":"default","adv-header-id-meta":"","stick-header-meta":"","header-above-stick-meta":"","header-main-stick-meta":"","header-below-stick-meta":"","astra-migrate-meta-layouts":"default","ast-page-background-enabled":"default","ast-page-background-meta":{"desktop":{"background-color":"","background-image":"","background-repeat":"repeat","background-position":"center center","background-size":"auto","background-attachment":"scroll","background-type":"","background-media":"","overlay-type":"","overlay-color":"","overlay-opacity":"","overlay-gradient":""},"tablet":{"background-color":"","background-image":"","background-repeat":"repeat","background-position":"center center","background-size":"auto","background-attachment":"scroll","background-type":"","background-media":"","overlay-type":"","overlay-color":"","overlay-opacity":"","overlay-gradient":""},"mobile":{"background-color":"","background-image":"","background-repeat":"repeat","background-position":"center center","background-size":"auto","background-attachment":"scroll","background-type":"","background-media":"","overlay-type":"","overlay-color":"","overlay-opacity":"","overlay-gradient":""}},"ast-content-background-meta":{"desktop":{"background-color":"var(--ast-global-color-5)","background-image":"","background-repeat":"repeat","background-position":"center center","background-size":"auto","background-attachment":"scroll","background-type":"","background-media":"","overlay-type":"","overlay-color":"","overlay-opacity":"","overlay-gradient":""},"tablet":{"background-color":"var(--ast-global-color-5)","background-image":"","background-repeat":"repeat","background-position":"center center","background-size":"auto","background-attachment":"scroll","background-type":"","background-media":"","overlay-type":"","overlay-color":"","overlay-opacity":"","overlay-gradient":""},"mobile":{"background-color":"var(--ast-global-color-5)","background-image":"","background-repeat":"repeat","background-position":"center center","background-size":"auto","background-attachment":"scroll","background-type":"","background-media":"","overlay-type":"","overlay-color":"","overlay-opacity":"","overlay-gradient":""}},"footnotes":""},"class_list":["post-1404","page","type-page","status-publish","hentry"],"acf":[],"yoast_head":"<!-- This site is optimized with the Yoast SEO plugin v23.1 - https:\/\/yoast.com\/wordpress\/plugins\/seo\/ -->\n<title>\u00dcber mich, meine Geschichte und die Idee hinter Uniqueles<\/title>\n<meta name=\"description\" content=\"Gemeinsam Stark! Lese hier Tipps, die Entstehungsgeschichte von Uniqueles und lass dich von der Geschichte hinter Uniqueles inspirieren.\" \/>\n<meta name=\"robots\" content=\"index, follow, max-snippet:-1, max-image-preview:large, max-video-preview:-1\" \/>\n<link rel=\"canonical\" href=\"https:\/\/uniqueles.ch\/it\/su-di-me\/\" \/>\n<meta property=\"og:locale\" content=\"it_IT\" \/>\n<meta property=\"og:type\" content=\"article\" \/>\n<meta property=\"og:title\" content=\"\u00dcber mich, meine Geschichte und die Idee hinter Uniqueles\" \/>\n<meta property=\"og:description\" content=\"Gemeinsam Stark! Lese hier Tipps, die Entstehungsgeschichte von Uniqueles und lass dich von der Geschichte hinter Uniqueles inspirieren.\" \/>\n<meta property=\"og:url\" content=\"https:\/\/uniqueles.ch\/it\/su-di-me\/\" \/>\n<meta property=\"og:site_name\" content=\"Uniqueles\" \/>\n<meta property=\"article:publisher\" content=\"https:\/\/www.facebook.com\/uniqueles2020\" \/>\n<meta property=\"article:modified_time\" content=\"2021-07-08T15:18:18+00:00\" \/>\n<meta property=\"og:image\" content=\"https:\/\/uniqueles.ch\/wp-content\/uploads\/sandra-gruenderin-von-uniqueles.jpg\" \/>\n<meta name=\"twitter:card\" content=\"summary_large_image\" \/>\n<script type=\"application\/ld+json\" class=\"yoast-schema-graph\">{\"@context\":\"https:\/\/schema.org\",\"@graph\":[{\"@type\":\"WebPage\",\"@id\":\"https:\/\/uniqueles.ch\/it\/su-di-me\/\",\"url\":\"https:\/\/uniqueles.ch\/it\/su-di-me\/\",\"name\":\"\u00dcber mich, meine Geschichte und die Idee hinter Uniqueles\",\"isPartOf\":{\"@id\":\"https:\/\/uniqueles.ch\/it\/#website\"},\"primaryImageOfPage\":{\"@id\":\"https:\/\/uniqueles.ch\/it\/su-di-me\/#primaryimage\"},\"image\":{\"@id\":\"https:\/\/uniqueles.ch\/it\/su-di-me\/#primaryimage\"},\"thumbnailUrl\":\"https:\/\/uniqueles.ch\/wp-content\/uploads\/sandra-gruenderin-von-uniqueles.jpg\",\"datePublished\":\"2021-05-06T00:59:00+00:00\",\"dateModified\":\"2021-07-08T15:18:18+00:00\",\"description\":\"Gemeinsam Stark! Lese hier Tipps, die Entstehungsgeschichte von Uniqueles und lass dich von der Geschichte hinter Uniqueles inspirieren.\",\"breadcrumb\":{\"@id\":\"https:\/\/uniqueles.ch\/it\/su-di-me\/#breadcrumb\"},\"inLanguage\":\"it-IT\",\"potentialAction\":[{\"@type\":\"ReadAction\",\"target\":[\"https:\/\/uniqueles.ch\/it\/su-di-me\/\"]}]},{\"@type\":\"ImageObject\",\"inLanguage\":\"it-IT\",\"@id\":\"https:\/\/uniqueles.ch\/it\/su-di-me\/#primaryimage\",\"url\":\"https:\/\/uniqueles.ch\/wp-content\/uploads\/sandra-gruenderin-von-uniqueles.jpg\",\"contentUrl\":\"https:\/\/uniqueles.ch\/wp-content\/uploads\/sandra-gruenderin-von-uniqueles.jpg\"},{\"@type\":\"BreadcrumbList\",\"@id\":\"https:\/\/uniqueles.ch\/it\/su-di-me\/#breadcrumb\",\"itemListElement\":[{\"@type\":\"ListItem\",\"position\":1,\"name\":\"Startseite\",\"item\":\"https:\/\/uniqueles.ch\/it\/\"},{\"@type\":\"ListItem\",\"position\":2,\"name\":\"Su di me\"}]},{\"@type\":\"WebSite\",\"@id\":\"https:\/\/uniqueles.ch\/it\/#website\",\"url\":\"https:\/\/uniqueles.ch\/it\/\",\"name\":\"Uniqueles\",\"description\":\"\",\"potentialAction\":[{\"@type\":\"SearchAction\",\"target\":{\"@type\":\"EntryPoint\",\"urlTemplate\":\"https:\/\/uniqueles.ch\/it\/?s={search_term_string}\"},\"query-input\":\"required name=search_term_string\"}],\"inLanguage\":\"it-IT\"}]}<\/script>\n<!-- \/ Yoast SEO plugin. -->","yoast_head_json":{"title":"\u00dcber mich, meine Geschichte und die Idee hinter Uniqueles","description":"Gemeinsam Stark! Lese hier Tipps, die Entstehungsgeschichte von Uniqueles und lass dich von der Geschichte hinter Uniqueles inspirieren.","robots":{"index":"index","follow":"follow","max-snippet":"max-snippet:-1","max-image-preview":"max-image-preview:large","max-video-preview":"max-video-preview:-1"},"canonical":"https:\/\/uniqueles.ch\/it\/su-di-me\/","og_locale":"it_IT","og_type":"article","og_title":"\u00dcber mich, meine Geschichte und die Idee hinter Uniqueles","og_description":"Gemeinsam Stark! Lese hier Tipps, die Entstehungsgeschichte von Uniqueles und lass dich von der Geschichte hinter Uniqueles inspirieren.","og_url":"https:\/\/uniqueles.ch\/it\/su-di-me\/","og_site_name":"Uniqueles","article_publisher":"https:\/\/www.facebook.com\/uniqueles2020","article_modified_time":"2021-07-08T15:18:18+00:00","og_image":[{"url":"https:\/\/uniqueles.ch\/wp-content\/uploads\/sandra-gruenderin-von-uniqueles.jpg"}],"twitter_card":"summary_large_image","schema":{"@context":"https:\/\/schema.org","@graph":[{"@type":"WebPage","@id":"https:\/\/uniqueles.ch\/it\/su-di-me\/","url":"https:\/\/uniqueles.ch\/it\/su-di-me\/","name":"\u00dcber mich, meine Geschichte und die Idee hinter Uniqueles","isPartOf":{"@id":"https:\/\/uniqueles.ch\/it\/#website"},"primaryImageOfPage":{"@id":"https:\/\/uniqueles.ch\/it\/su-di-me\/#primaryimage"},"image":{"@id":"https:\/\/uniqueles.ch\/it\/su-di-me\/#primaryimage"},"thumbnailUrl":"https:\/\/uniqueles.ch\/wp-content\/uploads\/sandra-gruenderin-von-uniqueles.jpg","datePublished":"2021-05-06T00:59:00+00:00","dateModified":"2021-07-08T15:18:18+00:00","description":"Gemeinsam Stark! Lese hier Tipps, die Entstehungsgeschichte von Uniqueles und lass dich von der Geschichte hinter Uniqueles inspirieren.","breadcrumb":{"@id":"https:\/\/uniqueles.ch\/it\/su-di-me\/#breadcrumb"},"inLanguage":"it-IT","potentialAction":[{"@type":"ReadAction","target":["https:\/\/uniqueles.ch\/it\/su-di-me\/"]}]},{"@type":"ImageObject","inLanguage":"it-IT","@id":"https:\/\/uniqueles.ch\/it\/su-di-me\/#primaryimage","url":"https:\/\/uniqueles.ch\/wp-content\/uploads\/sandra-gruenderin-von-uniqueles.jpg","contentUrl":"https:\/\/uniqueles.ch\/wp-content\/uploads\/sandra-gruenderin-von-uniqueles.jpg"},{"@type":"BreadcrumbList","@id":"https:\/\/uniqueles.ch\/it\/su-di-me\/#breadcrumb","itemListElement":[{"@type":"ListItem","position":1,"name":"Startseite","item":"https:\/\/uniqueles.ch\/it\/"},{"@type":"ListItem","position":2,"name":"Su di me"}]},{"@type":"WebSite","@id":"https:\/\/uniqueles.ch\/it\/#website","url":"https:\/\/uniqueles.ch\/it\/","name":"Uniqueles","description":"","potentialAction":[{"@type":"SearchAction","target":{"@type":"EntryPoint","urlTemplate":"https:\/\/uniqueles.ch\/it\/?s={search_term_string}"},"query-input":"required name=search_term_string"}],"inLanguage":"it-IT"}]}},"_links":{"self":[{"href":"https:\/\/uniqueles.ch\/it\/wp-json\/wp\/v2\/pages\/1404"}],"collection":[{"href":"https:\/\/uniqueles.ch\/it\/wp-json\/wp\/v2\/pages"}],"about":[{"href":"https:\/\/uniqueles.ch\/it\/wp-json\/wp\/v2\/types\/page"}],"author":[{"embeddable":true,"href":"https:\/\/uniqueles.ch\/it\/wp-json\/wp\/v2\/users\/1"}],"replies":[{"embeddable":true,"href":"https:\/\/uniqueles.ch\/it\/wp-json\/wp\/v2\/comments?post=1404"}],"version-history":[{"count":13,"href":"https:\/\/uniqueles.ch\/it\/wp-json\/wp\/v2\/pages\/1404\/revisions"}],"predecessor-version":[{"id":1882,"href":"https:\/\/uniqueles.ch\/it\/wp-json\/wp\/v2\/pages\/1404\/revisions\/1882"}],"wp:attachment":[{"href":"https:\/\/uniqueles.ch\/it\/wp-json\/wp\/v2\/media?parent=1404"}],"curies":[{"name":"wp","href":"https:\/\/api.w.org\/{rel}","templated":true}]}}