{"id":1407,"date":"2021-05-06T02:22:58","date_gmt":"2021-05-06T02:22:58","guid":{"rendered":"http:\/\/dev.uniqueles.ch\/inizio\/"},"modified":"2021-07-08T15:53:04","modified_gmt":"2021-07-08T15:53:04","slug":"inizio","status":"publish","type":"page","link":"https:\/\/uniqueles.ch\/it\/","title":{"rendered":"Inizio"},"content":{"rendered":"\n\n    <a href=\"https:\/\/uniqueles.ch\/wp-content\/uploads\/Richiesta-per-adulti.pdf\" target=\"_blank\" rel=\"noopener\">\n    <\/a>\n\t\t<h1>\n\t\t\tCome sentirsi bella e sicura di s\u00e9 nonostante tutto\n\t\t<\/h1>\n\t<a href=\"https:\/\/uniqueles.ch\/it\/prodotto\/uniqueles-bandana\/\" target=\"_self\" role=\"button\" aria-label=\"CREA LA TUA UNIQUELES BANDANA\u00a9\" rel=\"noopener\">\n\t\t\t\tCREA LA TUA UNIQUELES BANDANA<sup>\u00a9<\/sup>\n\t\t\t<\/a>\n    <a href=\"https:\/\/uniqueles.ch\/wp-content\/uploads\/Richiesta-per-adulti.pdf\" target=\"_blank\" rel=\"noopener\">\n    <\/a>\n\t\t\t\t<img decoding=\"async\" src=\"https:\/\/uniqueles.ch\/wp-content\/uploads\/junge-laechelnde-frau.jpg\" alt=\"junge laechelnde frau\" itemprop=\"image\" height=\"630\" width=\"600\" title=\"Junge Laechelnde Frau\" onerror=\"this.style.display='none'\"  \/>\n\t\t<h2>\n\t\t\tINSIEME PI\u00d9 FORTI\n\t\t\t\t\t\t\t\t\t\t\tIf anyone can beat this, You can!\n\t\t<\/h2>\n\t\t\t<p>Il percorso \u00e8 lungo e rocciosa ma resta positiva e sicura di te. Nonostante lo stress fisico e psicologico della chemoterapia, sentirsi ugualmente come donna , senza subire occhiate critiche e pregiudizi.Purtroppo, ogni anno in Svizzer oltre 6&#8217;000 donne si ammalano di tumore al seno (carcinoma mammario). Questa tipologia \u00e8 il tumore pi\u00f9 frequente nelle donne.Il rischio di tumore al seno accresce esponenzialmente dopo i cinquant&#8217;anni ma ciononostante questa malattia colpisce anche le giovani donne: il 20 % delle pazienti sono, al momento della diagnosi, al di sotto di questa et\u00e0.Che si tratti di <strong>Chemioterapia<\/strong>,\u00a0<strong>alopecia<\/strong>,\u00a0<strong>perdita di capelli <\/strong>oppure \u00a0semplicemente desiderio di <strong>cambiamento<\/strong>, crea tu stessa il tuo stile con i nostri Bandana trend: fascia foulard ed extensions.<\/p>\t\t\n\t\t<h2>\n\t\t\tCOSA CI RENDE SPECIALI\n\t\t\t\t\t\t\t\t\t\t\tPERCH\u00c9 UNIQUELES\n\t\t<\/h2>\n            Combinazione personalizzata\n            Taglia unica\n            Antiallergico\n            Le extensions si possono accorciare ed arricciare\n            Non scivola ed \u00e8 gradevole da indossare\n            Semplice, facile da trattare  \n    <a href=\"https:\/\/uniqueles.ch\/wp-content\/uploads\/Richiesta-per-adulti.pdf\" target=\"_blank\" rel=\"noopener\">\n    <\/a>\n\t\t<h2>\n\t\t\tFORTI INSIEME \n\t\t\t\t\t\t\t\t\t\t\tFAI DEL BENE A TE STESSA ED ALLE ALTRE DONNE COINVOLTE\n\t\t<\/h2>\n\t\t\t<p>La produzione \u00e8 effettuata da <a href=\"https:\/\/www.markt-luecke.ch\/\" target=\"_blank\" rel=\"noopener\"><strong>Marktl\u00fccke Zurigo in Svizzera<\/strong><\/a>. Con questa collaborazione le sarte ricevono un aiuto, e loro, a loro volta aiutano altre donne, VOI!Per ogni prodotto venduto, Uniqueles dona un importo di CHF 5.- alla Lega del Cancro e Pink Ribbon Svizzera. Queste donazioni vengono utilizzate per sostenere progetti nel campo della ricerca e della prevenzione, nonch\u00e9 consulenze per le persone malate di cancro e i loro familiari.<\/p>\t\t\n\t\t\t\t<img decoding=\"async\" src=\"https:\/\/uniqueles.ch\/wp-content\/uploads\/laechelnde-inhaberin-von-uniqueles-mit-kopfbedeckung.jpg\" alt=\"laechelnde inhaberin von uniqueles mit kopfbedeckung\" itemprop=\"image\" height=\"588\" width=\"560\" title=\"Laechelnde Inhaberin Von Uniqueles Mit Kopfbedeckung\" onerror=\"this.style.display='none'\"  \/>\n\t\t<h2>\n\t\t\tPratico e facile da ordinare\n\t\t\t\t\t\t\t\t\t\t\tSOLO 3 PASSI PER LA TUA UNIQUELES BANDANA PERSONALIZZATO\n\t\t<\/h2>\n            Scegli il foulard\n            Scegli la fascia \n            Scegli le extensions\n            Sentiti bella e sicura\n            Scegli il foulard \n            Scegli la fascia\n            Sentiti bella e sicura\n            Scegli le extensions\n\t<a href=\"https:\/\/uniqueles.ch\/it\/prodotto\/uniqueles-bandana\/\" target=\"_self\" role=\"button\" aria-label=\"Crea ora la tua UNIQUELES BANDANA\u00a9\" rel=\"noopener\">\n\t\t\t\tCrea ora la tua UNIQUELES BANDANA<sup>\u00a9<\/sup>\n\t\t\t<\/a>\n\t\t<h2>\n\t\t\tISPIRAZIONI\n\t\t\t\t\t\t\t\t\t\t\tLE COMBINAZIONI FAVORITE\n\t\t<\/h2>\n\t\t\tClicca su una delle combinazioni per selezionarla direttamente nel configuratore.<br \/>\nPuoi trovare ulteriori combinazioni nei nostri account social media\n\t\t\t\t<img decoding=\"async\" src=\"https:\/\/uniqueles.ch\/wp-content\/plugins\/bb-plugin\/img\/pixel.png\" alt=\"\" itemprop=\"image\" onerror=\"this.style.display='none'\"  \/>\n\t<a href=\"\/it\/prodotto\/uniqueles-bandana\/?kopftuch=LUCIDO%20MARRONE&#038;stirnband=LEOPARDATO%20MARRONE&#038;extensionsBool=Senza%20extensions\"><\/a>\n\t\t\t\t<img decoding=\"async\" src=\"https:\/\/uniqueles.ch\/wp-content\/plugins\/bb-plugin\/img\/pixel.png\" alt=\"\" itemprop=\"image\" onerror=\"this.style.display='none'\"  \/>\n\t<a href=\"\/it\/prodotto\/uniqueles-bandana\/?kopftuch=ELEGANTE%20ROSSO%20LEOPARDATO&#038;stirnband=STRASS%20BEIGE&#038;extensionsBool=Con%20extensions&#038;extensions=Castano%20scuro%20con%20M\u00e8ches%20chiare%20lisci\"><\/a>\n\t\t\t\t<img decoding=\"async\" src=\"https:\/\/uniqueles.ch\/wp-content\/plugins\/bb-plugin\/img\/pixel.png\" alt=\"\" itemprop=\"image\" onerror=\"this.style.display='none'\"  \/>\n\t<a href=\"\/it\/prodotto\/uniqueles-bandana\/?kopftuch=LEOPARDATO%20MARRONE&#038;stirnband=NERO&#038;extensionsBool=Con%20extensions&#038;extensions=Castano%20medio%20lisci\"><\/a>\n\t\t\t\t<img decoding=\"async\" src=\"https:\/\/uniqueles.ch\/wp-content\/plugins\/bb-plugin\/img\/pixel.png\" alt=\"\" itemprop=\"image\" onerror=\"this.style.display='none'\"  \/>\n\t<a href=\"\/it\/prodotto\/uniqueles-bandana\/?kopftuch=LUCIDO%20GRIGIO&#038;stirnband=STRASS%20NERO&#038;extensionsBool=Con%20extensions&#038;extensions=Castano%20scuro%20lisci\"><\/a>\n\t\t\t\t<a href=\"http:\/\/www.fotowelle.ch\/\" target=\"_blank\" rel=\"noopener\" itemprop=\"url\">\n\t\t\t\t<img decoding=\"async\" src=\"https:\/\/uniqueles.ch\/wp-content\/uploads\/fotowelle-logo.png\" alt=\"fotowelle logo\" itemprop=\"image\" height=\"300\" width=\"300\" title=\"Fotowelle Logo\" onerror=\"this.style.display='none'\"  \/>\n\t\t\t\t<\/a>\n\t\t\t\t<a href=\"https:\/\/www.markt-luecke.ch\/de\" target=\"_blank\" rel=\"noopener\" itemprop=\"url\">\n\t\t\t\t<img decoding=\"async\" src=\"https:\/\/uniqueles.ch\/wp-content\/uploads\/markt-luecke-logo.jpg\" alt=\"markt luecke logo\" itemprop=\"image\" height=\"300\" width=\"300\" title=\"Markt Luecke Logo\" onerror=\"this.style.display='none'\"  \/>\n\t\t\t\t<\/a>\n\t\t\t\t<a href=\"https:\/\/homepagelabor.ch\/\" target=\"_blank\" rel=\"noopener\" itemprop=\"url\">\n\t\t\t\t<img decoding=\"async\" src=\"https:\/\/uniqueles.ch\/wp-content\/uploads\/logo-homepage-labor.png\" alt=\"logo homepage labor\" itemprop=\"image\" height=\"157\" width=\"268\" title=\"Logo Homepage Labor\" onerror=\"this.style.display='none'\"  \/>\n\t\t\t\t<\/a>\n\n","protected":false},"excerpt":{"rendered":"<p>Come sentirsi bella e sicura di s\u00e9 nonostante tutto CREA LA TUA UNIQUELES BANDANA\u00a9 INSIEME PI\u00d9 FORTI If anyone can beat this, You can! Il percorso \u00e8 lungo e rocciosa ma resta positiva e sicura di te. Nonostante lo stress fisico e psicologico della chemoterapia, sentirsi ugualmente come donna , senza subire occhiate critiche e [&hellip;]<\/p>\n","protected":false},"author":1,"featured_media":0,"parent":0,"menu_order":0,"comment_status":"closed","ping_status":"closed","template":"","meta":{"site-sidebar-layout":"no-sidebar","site-content-layout":"page-builder","ast-site-content-layout":"full-width-container","site-content-style":"unboxed","site-sidebar-style":"unboxed","ast-global-header-display":"","ast-banner-title-visibility":"","ast-main-header-display":"","ast-hfb-above-header-display":"","ast-hfb-below-header-display":"","ast-hfb-mobile-header-display":"","site-post-title":"disabled","ast-breadcrumbs-content":"","ast-featured-img":"disabled","footer-sml-layout":"","theme-transparent-header-meta":"default","adv-header-id-meta":"","stick-header-meta":"","header-above-stick-meta":"","header-main-stick-meta":"","header-below-stick-meta":"","astra-migrate-meta-layouts":"default","ast-page-background-enabled":"default","ast-page-background-meta":{"desktop":{"background-color":"","background-image":"","background-repeat":"repeat","background-position":"center center","background-size":"auto","background-attachment":"scroll","background-type":"","background-media":"","overlay-type":"","overlay-color":"","overlay-opacity":"","overlay-gradient":""},"tablet":{"background-color":"","background-image":"","background-repeat":"repeat","background-position":"center center","background-size":"auto","background-attachment":"scroll","background-type":"","background-media":"","overlay-type":"","overlay-color":"","overlay-opacity":"","overlay-gradient":""},"mobile":{"background-color":"","background-image":"","background-repeat":"repeat","background-position":"center center","background-size":"auto","background-attachment":"scroll","background-type":"","background-media":"","overlay-type":"","overlay-color":"","overlay-opacity":"","overlay-gradient":""}},"ast-content-background-meta":{"desktop":{"background-color":"var(--ast-global-color-5)","background-image":"","background-repeat":"repeat","background-position":"center center","background-size":"auto","background-attachment":"scroll","background-type":"","background-media":"","overlay-type":"","overlay-color":"","overlay-opacity":"","overlay-gradient":""},"tablet":{"background-color":"var(--ast-global-color-5)","background-image":"","background-repeat":"repeat","background-position":"center center","background-size":"auto","background-attachment":"scroll","background-type":"","background-media":"","overlay-type":"","overlay-color":"","overlay-opacity":"","overlay-gradient":""},"mobile":{"background-color":"var(--ast-global-color-5)","background-image":"","background-repeat":"repeat","background-position":"center center","background-size":"auto","background-attachment":"scroll","background-type":"","background-media":"","overlay-type":"","overlay-color":"","overlay-opacity":"","overlay-gradient":""}},"footnotes":""},"class_list":["post-1407","page","type-page","status-publish","hentry"],"acf":[],"yoast_head":"<!-- This site is optimized with the Yoast SEO plugin v23.1 - https:\/\/yoast.com\/wordpress\/plugins\/seo\/ -->\n<title>Mit Uniqueles trotz Haarausfall sch\u00f6n &amp; selbstbewusst f\u00fchlen!<\/title>\n<meta name=\"description\" content=\"Bei Erkrankung, Haarausfall oder einfach zur Typver\u00e4nderung. Stell Dir jetzt aus trendigen Produkten Deine eigene Kopfbedeckung zusammen!\" \/>\n<meta name=\"robots\" content=\"index, follow, max-snippet:-1, max-image-preview:large, max-video-preview:-1\" \/>\n<link rel=\"canonical\" href=\"https:\/\/uniqueles.ch\/it\/\" \/>\n<meta property=\"og:locale\" content=\"it_IT\" \/>\n<meta property=\"og:type\" content=\"article\" \/>\n<meta property=\"og:title\" content=\"Mit Uniqueles trotz Haarausfall sch\u00f6n &amp; selbstbewusst f\u00fchlen!\" \/>\n<meta property=\"og:description\" content=\"Bei Erkrankung, Haarausfall oder einfach zur Typver\u00e4nderung. Stell Dir jetzt aus trendigen Produkten Deine eigene Kopfbedeckung zusammen!\" \/>\n<meta property=\"og:url\" content=\"https:\/\/uniqueles.ch\/it\/\" \/>\n<meta property=\"og:site_name\" content=\"Uniqueles\" \/>\n<meta property=\"article:publisher\" content=\"https:\/\/www.facebook.com\/uniqueles2020\" \/>\n<meta property=\"article:modified_time\" content=\"2021-07-08T15:53:04+00:00\" \/>\n<meta property=\"og:image\" content=\"https:\/\/uniqueles.ch\/wp-content\/uploads\/junge-laechelnde-frau.jpg\" \/>\n<meta name=\"twitter:card\" content=\"summary_large_image\" \/>\n<script type=\"application\/ld+json\" class=\"yoast-schema-graph\">{\"@context\":\"https:\/\/schema.org\",\"@graph\":[{\"@type\":\"WebPage\",\"@id\":\"https:\/\/uniqueles.ch\/it\/\",\"url\":\"https:\/\/uniqueles.ch\/it\/\",\"name\":\"Mit Uniqueles trotz Haarausfall sch\u00f6n & selbstbewusst f\u00fchlen!\",\"isPartOf\":{\"@id\":\"https:\/\/uniqueles.ch\/it\/#website\"},\"primaryImageOfPage\":{\"@id\":\"https:\/\/uniqueles.ch\/it\/#primaryimage\"},\"image\":{\"@id\":\"https:\/\/uniqueles.ch\/it\/#primaryimage\"},\"thumbnailUrl\":\"https:\/\/uniqueles.ch\/wp-content\/uploads\/junge-laechelnde-frau.jpg\",\"datePublished\":\"2021-05-06T02:22:58+00:00\",\"dateModified\":\"2021-07-08T15:53:04+00:00\",\"description\":\"Bei Erkrankung, Haarausfall oder einfach zur Typver\u00e4nderung. Stell Dir jetzt aus trendigen Produkten Deine eigene Kopfbedeckung zusammen!\",\"breadcrumb\":{\"@id\":\"https:\/\/uniqueles.ch\/it\/#breadcrumb\"},\"inLanguage\":\"it-IT\",\"potentialAction\":[{\"@type\":\"ReadAction\",\"target\":[\"https:\/\/uniqueles.ch\/it\/\"]}]},{\"@type\":\"ImageObject\",\"inLanguage\":\"it-IT\",\"@id\":\"https:\/\/uniqueles.ch\/it\/#primaryimage\",\"url\":\"https:\/\/uniqueles.ch\/wp-content\/uploads\/junge-laechelnde-frau.jpg\",\"contentUrl\":\"https:\/\/uniqueles.ch\/wp-content\/uploads\/junge-laechelnde-frau.jpg\"},{\"@type\":\"BreadcrumbList\",\"@id\":\"https:\/\/uniqueles.ch\/it\/#breadcrumb\",\"itemListElement\":[{\"@type\":\"ListItem\",\"position\":1,\"name\":\"Startseite\",\"item\":\"https:\/\/uniqueles.ch\/it\/\"},{\"@type\":\"ListItem\",\"position\":2,\"name\":\"Inizio\"}]},{\"@type\":\"WebSite\",\"@id\":\"https:\/\/uniqueles.ch\/it\/#website\",\"url\":\"https:\/\/uniqueles.ch\/it\/\",\"name\":\"Uniqueles\",\"description\":\"\",\"potentialAction\":[{\"@type\":\"SearchAction\",\"target\":{\"@type\":\"EntryPoint\",\"urlTemplate\":\"https:\/\/uniqueles.ch\/it\/?s={search_term_string}\"},\"query-input\":\"required name=search_term_string\"}],\"inLanguage\":\"it-IT\"}]}<\/script>\n<!-- \/ Yoast SEO plugin. -->","yoast_head_json":{"title":"Mit Uniqueles trotz Haarausfall sch\u00f6n & selbstbewusst f\u00fchlen!","description":"Bei Erkrankung, Haarausfall oder einfach zur Typver\u00e4nderung. Stell Dir jetzt aus trendigen Produkten Deine eigene Kopfbedeckung zusammen!","robots":{"index":"index","follow":"follow","max-snippet":"max-snippet:-1","max-image-preview":"max-image-preview:large","max-video-preview":"max-video-preview:-1"},"canonical":"https:\/\/uniqueles.ch\/it\/","og_locale":"it_IT","og_type":"article","og_title":"Mit Uniqueles trotz Haarausfall sch\u00f6n & selbstbewusst f\u00fchlen!","og_description":"Bei Erkrankung, Haarausfall oder einfach zur Typver\u00e4nderung. Stell Dir jetzt aus trendigen Produkten Deine eigene Kopfbedeckung zusammen!","og_url":"https:\/\/uniqueles.ch\/it\/","og_site_name":"Uniqueles","article_publisher":"https:\/\/www.facebook.com\/uniqueles2020","article_modified_time":"2021-07-08T15:53:04+00:00","og_image":[{"url":"https:\/\/uniqueles.ch\/wp-content\/uploads\/junge-laechelnde-frau.jpg"}],"twitter_card":"summary_large_image","schema":{"@context":"https:\/\/schema.org","@graph":[{"@type":"WebPage","@id":"https:\/\/uniqueles.ch\/it\/","url":"https:\/\/uniqueles.ch\/it\/","name":"Mit Uniqueles trotz Haarausfall sch\u00f6n & selbstbewusst f\u00fchlen!","isPartOf":{"@id":"https:\/\/uniqueles.ch\/it\/#website"},"primaryImageOfPage":{"@id":"https:\/\/uniqueles.ch\/it\/#primaryimage"},"image":{"@id":"https:\/\/uniqueles.ch\/it\/#primaryimage"},"thumbnailUrl":"https:\/\/uniqueles.ch\/wp-content\/uploads\/junge-laechelnde-frau.jpg","datePublished":"2021-05-06T02:22:58+00:00","dateModified":"2021-07-08T15:53:04+00:00","description":"Bei Erkrankung, Haarausfall oder einfach zur Typver\u00e4nderung. Stell Dir jetzt aus trendigen Produkten Deine eigene Kopfbedeckung zusammen!","breadcrumb":{"@id":"https:\/\/uniqueles.ch\/it\/#breadcrumb"},"inLanguage":"it-IT","potentialAction":[{"@type":"ReadAction","target":["https:\/\/uniqueles.ch\/it\/"]}]},{"@type":"ImageObject","inLanguage":"it-IT","@id":"https:\/\/uniqueles.ch\/it\/#primaryimage","url":"https:\/\/uniqueles.ch\/wp-content\/uploads\/junge-laechelnde-frau.jpg","contentUrl":"https:\/\/uniqueles.ch\/wp-content\/uploads\/junge-laechelnde-frau.jpg"},{"@type":"BreadcrumbList","@id":"https:\/\/uniqueles.ch\/it\/#breadcrumb","itemListElement":[{"@type":"ListItem","position":1,"name":"Startseite","item":"https:\/\/uniqueles.ch\/it\/"},{"@type":"ListItem","position":2,"name":"Inizio"}]},{"@type":"WebSite","@id":"https:\/\/uniqueles.ch\/it\/#website","url":"https:\/\/uniqueles.ch\/it\/","name":"Uniqueles","description":"","potentialAction":[{"@type":"SearchAction","target":{"@type":"EntryPoint","urlTemplate":"https:\/\/uniqueles.ch\/it\/?s={search_term_string}"},"query-input":"required name=search_term_string"}],"inLanguage":"it-IT"}]}},"_links":{"self":[{"href":"https:\/\/uniqueles.ch\/it\/wp-json\/wp\/v2\/pages\/1407"}],"collection":[{"href":"https:\/\/uniqueles.ch\/it\/wp-json\/wp\/v2\/pages"}],"about":[{"href":"https:\/\/uniqueles.ch\/it\/wp-json\/wp\/v2\/types\/page"}],"author":[{"embeddable":true,"href":"https:\/\/uniqueles.ch\/it\/wp-json\/wp\/v2\/users\/1"}],"replies":[{"embeddable":true,"href":"https:\/\/uniqueles.ch\/it\/wp-json\/wp\/v2\/comments?post=1407"}],"version-history":[{"count":20,"href":"https:\/\/uniqueles.ch\/it\/wp-json\/wp\/v2\/pages\/1407\/revisions"}],"predecessor-version":[{"id":1884,"href":"https:\/\/uniqueles.ch\/it\/wp-json\/wp\/v2\/pages\/1407\/revisions\/1884"}],"wp:attachment":[{"href":"https:\/\/uniqueles.ch\/it\/wp-json\/wp\/v2\/media?parent=1407"}],"curies":[{"name":"wp","href":"https:\/\/api.w.org\/{rel}","templated":true}]}}