{"id":1412,"date":"2021-05-06T03:09:40","date_gmt":"2021-05-06T03:09:40","guid":{"rendered":"http:\/\/dev.uniqueles.ch\/cosmetica-cura-della-pelle\/"},"modified":"2021-06-23T05:32:31","modified_gmt":"2021-06-23T05:32:31","slug":"cosmetica-cura-della-pelle","status":"publish","type":"page","link":"https:\/\/uniqueles.ch\/it\/cosmetica-cura-della-pelle\/","title":{"rendered":"Cosmetica &#038; cura della pelle"},"content":{"rendered":"\n\n\t\t<h1>\n\t\t\tCOSMETICA &#038; CURA\n\t\t\t\t\t\t\t\t\t\t\tTRUCCHI &#038; SUGGERIMENTI PER LA CURA QUOTIDIANA &#038;<br \/> LA COSMETICI DURANTE LA TERAPIA CONTRO IL TUMORE\n\t\t<\/h1>\n\t\t\t\t<img decoding=\"async\" src=\"https:\/\/uniqueles.ch\/wp-content\/uploads\/junge-laechelnde-frau-mit-schoener-haut-trotz-krebs.jpg\" alt=\"junge laechelnde frau mit schoener haut trotz krebs\" itemprop=\"image\" height=\"588\" width=\"560\" title=\"Junge Laechelnde Frau Mit Schoener Haut Trotz Krebs\" onerror=\"this.style.display='none'\"  \/>\n\t\t<h2>\n\t\t\tLA TUA CURA DURANTE LA MALATTIA\n\t\t\t\t\t\t\t\t\t\t\tLA CORRETTA CURA DELLA PELLE\n\t\t<\/h2>\n\t\t\tEssere belle. Sentirsi bene nel proprio corpo. Dimenticare per un attimo la malattia&#8230; Durante la terapia contro il tumore, una corretta cura della pelle non \u00e8 solo importante da un punto di vista fisico, ma fa anche bene all&#8217;anima.\nSfortunatamente, la terapia contro il cancro \u00e8 raramente priva di effetti collaterali. Che si tratti di chemioterapia, radioterapia, terapia ormonale o chirurgica: solitamente la pelle \u00e8 colpita. Si secca molto e quindi ha bisogno di cure pi\u00f9 intensive:\t\t\n\t<a href=\"https:\/\/uniqueles.ch\/it\/prodotto\/uniqueles-bandana\/\" target=\"_self\" role=\"button\" aria-label=\"CREO LA MIA UNIQUELES BANDANA\u00a9 PERSONALIZZATA\" rel=\"noopener\">\n\t\t\t\tCREO LA MIA UNIQUELES BANDANA<sup>\u00a9<\/sup> PERSONALIZZATA\n\t\t\t<\/a>\n\t<ul>\n\t\t\t<li>\n\t\t\t\tDurante la terapia, lavati principalmente con acqua tiepida (non bollente !) e utilizza solo gel per la doccia e shampoo delicati a pH neutro. Evita di usare panni ruvidi e spazzole rigide. Bisogna anche evitare bagni durante il periodo della terapia, perch\u00e9 questo secca ulteriormente la pelle. Applica sempre una buona crema, soprattutto dopo la doccia.\n\t\t\t<\/li>\n\t\t\t<li>\n\t\t\t\tIn estate \u00e8 essenziale proteggere la pelle dai raggi UV del sole. In caso di perdita di capelli a causa della chemioterapia, il cuoio capelluto ha bisogno di una protezione speciale, perch\u00e9 in genere \u00e8 molto sensibile alla luce solare. Si raccomanda una protezione solare con almeno SPF 50, e non dimenticarti di applicare la protezione solare anche sul tuo corpo prima di uscire. In ogni caso, si dovrebbe evitare il sole durante la terapia. \n\t\t\t<\/li>\n\t\t\t<li>\n\t\t\t\tBevi molto. Preferibilmente acqua e t\u00e8. I liquidi aiutano a filtrare le sostanze chimiche nel sangue e fanno bene anche alla pelle.\n\t\t\t<\/li>\n\t\t<\/ul>\n\t<ul>\n\t\t\t<li>\n\t\t\t\tVai dal dentista PRIMA della terapia e fai attenzione alla tua igiene orale. Dato che la tua mucosa si seccher\u00e0 estremamente, i collutori speciali possono aiutarti ulteriormente. Inoltre, avrai sempre uno strano sapore di piombo in bocca, pertanto assicurati di avere sempre a portata di mano una bevanda e delle pastiglie. \n\t\t\t<\/li>\n\t\t\t<li>\n\t\t\t\tCome effetto collaterale della chemioterapia, possono verificarsi scurimento e alterazioni delle unghie. Tagliati le unghie piuttosto corte per la durata della terapia e fai particolare attenzione a che non si strappino. Indossa dei guanti durante le faccende domestiche come pulire o lavare i piatti, per proteggere la pelle e le unghie. Presta particolare attenzione ai tuoi piedi. Dopo la chemio, soprattutto le unghie dei piedi possono diventare malate e devono essere rimosse. Si possono anche formare dei tagli sanguinanti alla pianta dei piedi. Prenditi cura di loro e fai attenzione a non ferirti a causa della difficile guarigione delle lesioni.\n\t\t\t<\/li>\n\t\t<\/ul>\n\t\t<h2>\n\t\t\tCOSMETICA\n\t\t\t\t\t\t\t\t\t\t\tIL TRUCCO DURANTE LA CHEMIOTERAPIA\n\t\t<\/h2>\n\t\t\tUtilizza esclusivamente creme a base naturale, senza fragranze e con PH neutro. Queste sono adatte a tutti i tipi di pelle. Non applicare i cosmetici con le dita; usa sempre accessori per il trucco come pennelli o spugne. Anche la pulizia regolare degli utensili \u00e8 importante. Inoltre, dovresti applicare un prodotto per la cura con fattore di protezione solare 50 come base per il trucco.\nEcco una spiegazione dettagliata di come ci si pu\u00f2 truccare. Scegli il trucco che fa per te, con il quale ti potrai sentire finalmente a tuo agio:\t\t\n\t<ul>\n\t\t\t<li>\n\t\t\t\tDopo aver lavato e disinfettato le mani, applica con un pennello sottile una crema idratante con fattore di protezione solare 50 e stendila su collo e d\u00e9collet\u00e9. Usa una crema specifica per la zona degli occhi. Quindi lascia agire per 2-3 minuti circa e tampona l'umidit\u00e0 in eccesso con un fazzoletto. Applica anche un balsamo per le labbra.\n\t\t\t<\/li>\n\t\t\t<li>\n\t\t\t\tApplica un correttore sotto gli occhi. Scegli un tono leggermente pi\u00f9 chiaro, che ti fa sembrare pi\u00f9 fresca e copre le macchie scure. Puoi anche usarlo per nascondere i rossori come ad esempio intorno al naso.\n\t\t\t<\/li>\n\t\t\t<li>\n\t\t\t\tApplica il fondotinta sul viso con un pennello o una spugnetta per il trucco e distribuiscilo uniformemente sulla zona della mascella, fino verso il collo. La giusta tonalit\u00e0 si trova determinando il sottotono della pelle. Prova diverse tonalit\u00e0 con una striscia sottile sul mento. Cos\u00ec puoi vedere rapidamente, quale ti si adatta meglio.\n\t\t\t<\/li>\n\t\t<\/ul>\n\t<ul>\n\t\t\t<li>\n\t\t\t\tCon la cipria fissante, il trucco \u00e8 reso durevole e si evitano macchie lucide. Ci sono polveri sciolte o compatte, a seconda dell'effetto che vuoi ottenere. \u00c8 importante picchiettarlo sulla pelle, non spalmarlo.\n\t\t\t<\/li>\n\t\t\t<li>\n\t\t\t\tApplica una generosa quantit\u00e0 di polvere sotto gli occhi per \u201ccatturare\u201d eventuali residui degli ombretti sbriciolati. In seguito, spazzola via l\u2019eccesso con un pennello fine a ventaglio, in modo che il prodotto non sia pi\u00f9 visibile. Se hai rughe intorno agli occhi, per non enfatizzarle, evita di applicare polvere.\n\t\t\t<\/li>\n\t\t\t<li>\n\t\t\t\tStendi un primer come base per l'ombretto, in modo che i colori aderiscano meglio. Ora inizia con un ombretto chiaro sulla palpebra mobile, seguito da un tono leggermente pi\u00f9 scuro, che applichi dal centro all'angolo esterno dell'occhio. All'angolo esterno dell'occhio metti una tonalit\u00e0 ancora pi\u00f9 scura a forma di triangolo e mescola tutti i colori insieme. Sulla palpebra superiore fino al sopracciglio, aggiungi una tonalit\u00e0 chiara come illuminante. \n\t\t\t<\/li>\n\t\t<\/ul>\n\t\t<h2>\n\t\t\tSOPRACCIGLIA\n\t\t\t\t\t\t\t\t\t\t\tDETERMINA LA POSIZIONE\n\t\t<\/h2>\n\t\t\t<p><strong>A: <\/strong><br \/>Per la parte iniziale del sopracciglio, posiziona la matita per sopracciglia a lato della narice e sull&#8217;angolo interno dell&#8217;occhio<strong>B: <\/strong><br \/>Per la parte finale del sopracciglio, posiziona la matita a lato della narice e sull&#8217;angolo esterno dell&#8217;occhio.<strong>C: <\/strong><br \/>Trova il punto pi\u00f9 alto delle sopracciglia, mettendo la matita a lato della narice e sul bordo esterno dell&#8217;iride.<\/p>\t\t\n\t\t\t\t<img decoding=\"async\" src=\"https:\/\/uniqueles.ch\/wp-content\/uploads\/bestimmung-der-augenbrauen-position.jpg\" alt=\"bestimmung der augenbrauen position\" itemprop=\"image\" height=\"420\" width=\"560\" title=\"Bestimmung Der Augenbrauen Position\" onerror=\"this.style.display='none'\"  \/>\n\t\t\t\t<img decoding=\"async\" src=\"https:\/\/uniqueles.ch\/wp-content\/uploads\/augenbrauen-zeichnen-in-vier-schritten.jpg\" alt=\"augenbrauen zeichnen in vier schritten\" itemprop=\"image\" height=\"420\" width=\"560\" title=\"Augenbrauen Zeichnen In Vier Schritten\" onerror=\"this.style.display='none'\"  \/>\n\t\t<h2>\n\t\t\tSOPRACILIA\n\t\t\t\t\t\t\t\t\t\t\tDISEGNA LA FORMA\n\t\t<\/h2>\n\t\t\tOra puoi tracciare le sopracciglia secondo l&#8217;esempio. Con una matita apposita o la\u00a0 polvere per sopracciglia. Se il disegno a mano libera \u00e8 troppo difficile per te, ci sono anche stencil e tatuaggi per sopracciglia.\nCon un po&#8217;di pratica, otterrai le sopracciglia pi\u00f9 velocemente e pi\u00f9 belle.\t\t\n\t<ul>\n\t\t\t<li>\n\t\t\t\tTraccia una linea con l'eyeliner lungo l\u2019attaccatura delle ciglia della palpebra superiore e anche all'interno dell'occhio. Se vuoi applicalo anche lungo l\u2019attaccatura delle ciglia inferiori, secondo i tuoi gusti. Per uno sguardo intenso, usa una matita per gli occhi. Per mantenerlo pi\u00f9 naturale, disegnate la linea con un pennello fine e il vostro ombretto.\n\t\t\t<\/li>\n\t\t\t<li>\n\t\t\t\tIl blush enfatizza la forma del viso e ti fa sembrare fresca. \u00c8 meglio applicarlo mentre si sorride, per avere la massima elevazione delle guance. In questo modo applicalo con movimenti circolari, attraverso gli zigomi fino all'attaccatura dei capelli. \n\t\t\t<\/li>\n\t\t\t<li>\n\t\t\t\tDisegna le labbra con una matita e colorale, per far durare pi\u00f9 a lungo il rossetto. Le labbra appaiono pi\u00f9 piene, se le dipingi leggermente oltre la linea. Quindi applica il rossetto con un pennello.\n\t\t\t<\/li>\n\t\t<\/ul>\n\t<ul>\n\t\t\t<li>\n\t\t\t\tPrima di incollare le ciglia finte, disinfetta le pinzette. Usa la colla priva di lattice, per evitare reazioni cutanee fastidiose. Per prima cosa, posiziona le ciglia finte sull\u2019attaccatura delle ciglia e, se necessario, accorciale con le forbicine per unghie. Quindi applica la colla specifica e attendi 1-2 minuti che si asciughi. Usando un batuffolo di cotone e una pinzetta, attacca le ciglia finte, iniziando dall'interno verso l'esterno, il pi\u00f9 vicino possibile all\u2019attaccatura delle tue ciglia. La colla diventa rapidamente trasparente una volta asciutta. La sera dovresti rimuovere e lavare le ciglia finte, in modo da poterle riutilizzare.\n\t\t\t<\/li>\n\t\t<\/ul>\n\t\t<h2>\n\t\t\tAiuto in caso di ulteriori domande\n\t\t\t\t\t\t\t\t\t\t\tHai ancora domande riguardo la cura della pelle o la COSMETICA?\n\t\t<\/h2>\n\t\t\t<p>Nel caso tu abbia ulteriori domande, puoi contattarmi in qualsiasi momento. Sono lieta di poterti aiutare riguardo tutti gli argomenti relativi la cura della pelle e la cosmetica.<\/p>\n\t<a href=\"https:\/\/uniqueles.ch\/it\/contatto\/\" target=\"_self\" role=\"button\" aria-label=\"CONTATTA MI!\" rel=\"noopener\">\n\t\t\t\tCONTATTA MI!\n\t\t\t<\/a>\n\n","protected":false},"excerpt":{"rendered":"<p>COSMETICA &#038; CURA TRUCCHI &#038; SUGGERIMENTI PER LA CURA QUOTIDIANA &#038; LA COSMETICI DURANTE LA TERAPIA CONTRO IL TUMORE LA TUA CURA DURANTE LA MALATTIA LA CORRETTA CURA DELLA PELLE Essere belle. Sentirsi bene nel proprio corpo. Dimenticare per un attimo la malattia&#8230; Durante la terapia contro il tumore, una corretta cura della pelle non [&hellip;]<\/p>\n","protected":false},"author":1,"featured_media":0,"parent":0,"menu_order":0,"comment_status":"closed","ping_status":"closed","template":"","meta":{"site-sidebar-layout":"no-sidebar","site-content-layout":"page-builder","ast-site-content-layout":"full-width-container","site-content-style":"unboxed","site-sidebar-style":"unboxed","ast-global-header-display":"","ast-banner-title-visibility":"","ast-main-header-display":"","ast-hfb-above-header-display":"","ast-hfb-below-header-display":"","ast-hfb-mobile-header-display":"","site-post-title":"disabled","ast-breadcrumbs-content":"","ast-featured-img":"disabled","footer-sml-layout":"","theme-transparent-header-meta":"default","adv-header-id-meta":"","stick-header-meta":"","header-above-stick-meta":"","header-main-stick-meta":"","header-below-stick-meta":"","astra-migrate-meta-layouts":"default","ast-page-background-enabled":"default","ast-page-background-meta":{"desktop":{"background-color":"","background-image":"","background-repeat":"repeat","background-position":"center center","background-size":"auto","background-attachment":"scroll","background-type":"","background-media":"","overlay-type":"","overlay-color":"","overlay-opacity":"","overlay-gradient":""},"tablet":{"background-color":"","background-image":"","background-repeat":"repeat","background-position":"center center","background-size":"auto","background-attachment":"scroll","background-type":"","background-media":"","overlay-type":"","overlay-color":"","overlay-opacity":"","overlay-gradient":""},"mobile":{"background-color":"","background-image":"","background-repeat":"repeat","background-position":"center center","background-size":"auto","background-attachment":"scroll","background-type":"","background-media":"","overlay-type":"","overlay-color":"","overlay-opacity":"","overlay-gradient":""}},"ast-content-background-meta":{"desktop":{"background-color":"var(--ast-global-color-5)","background-image":"","background-repeat":"repeat","background-position":"center center","background-size":"auto","background-attachment":"scroll","background-type":"","background-media":"","overlay-type":"","overlay-color":"","overlay-opacity":"","overlay-gradient":""},"tablet":{"background-color":"var(--ast-global-color-5)","background-image":"","background-repeat":"repeat","background-position":"center center","background-size":"auto","background-attachment":"scroll","background-type":"","background-media":"","overlay-type":"","overlay-color":"","overlay-opacity":"","overlay-gradient":""},"mobile":{"background-color":"var(--ast-global-color-5)","background-image":"","background-repeat":"repeat","background-position":"center center","background-size":"auto","background-attachment":"scroll","background-type":"","background-media":"","overlay-type":"","overlay-color":"","overlay-opacity":"","overlay-gradient":""}},"footnotes":""},"class_list":["post-1412","page","type-page","status-publish","hentry"],"acf":[],"yoast_head":"<!-- This site is optimized with the Yoast SEO plugin v23.1 - https:\/\/yoast.com\/wordpress\/plugins\/seo\/ -->\n<title>Kosmetik, Pflegetipps &amp; Tricks von Uniqueles f\u00fcr die t\u00e4gliche Pflege<\/title>\n<meta name=\"description\" content=\"Auch bei einer Erkrankung bleibt die Pflege wichtig. Wir geben dir Tipps, wie du dich trotz Erkrankung sch\u00f6n und selbstbewusst f\u00fchlen kannst.\" \/>\n<meta name=\"robots\" content=\"index, follow, max-snippet:-1, max-image-preview:large, max-video-preview:-1\" \/>\n<link rel=\"canonical\" href=\"https:\/\/uniqueles.ch\/it\/cosmetica-cura-della-pelle\/\" \/>\n<meta property=\"og:locale\" content=\"it_IT\" \/>\n<meta property=\"og:type\" content=\"article\" \/>\n<meta property=\"og:title\" content=\"Kosmetik, Pflegetipps &amp; Tricks von Uniqueles f\u00fcr die t\u00e4gliche Pflege\" \/>\n<meta property=\"og:description\" content=\"Auch bei einer Erkrankung bleibt die Pflege wichtig. Wir geben dir Tipps, wie du dich trotz Erkrankung sch\u00f6n und selbstbewusst f\u00fchlen kannst.\" \/>\n<meta property=\"og:url\" content=\"https:\/\/uniqueles.ch\/it\/cosmetica-cura-della-pelle\/\" \/>\n<meta property=\"og:site_name\" content=\"Uniqueles\" \/>\n<meta property=\"article:publisher\" content=\"https:\/\/www.facebook.com\/uniqueles2020\" \/>\n<meta property=\"article:modified_time\" content=\"2021-06-23T05:32:31+00:00\" \/>\n<meta property=\"og:image\" content=\"https:\/\/uniqueles.ch\/wp-content\/uploads\/junge-laechelnde-frau-mit-schoener-haut-trotz-krebs.jpg\" \/>\n<meta name=\"twitter:card\" content=\"summary_large_image\" \/>\n<script type=\"application\/ld+json\" class=\"yoast-schema-graph\">{\"@context\":\"https:\/\/schema.org\",\"@graph\":[{\"@type\":\"WebPage\",\"@id\":\"https:\/\/uniqueles.ch\/it\/cosmetica-cura-della-pelle\/\",\"url\":\"https:\/\/uniqueles.ch\/it\/cosmetica-cura-della-pelle\/\",\"name\":\"Kosmetik, Pflegetipps & Tricks von Uniqueles f\u00fcr die t\u00e4gliche Pflege\",\"isPartOf\":{\"@id\":\"https:\/\/uniqueles.ch\/it\/#website\"},\"primaryImageOfPage\":{\"@id\":\"https:\/\/uniqueles.ch\/it\/cosmetica-cura-della-pelle\/#primaryimage\"},\"image\":{\"@id\":\"https:\/\/uniqueles.ch\/it\/cosmetica-cura-della-pelle\/#primaryimage\"},\"thumbnailUrl\":\"https:\/\/uniqueles.ch\/wp-content\/uploads\/junge-laechelnde-frau-mit-schoener-haut-trotz-krebs.jpg\",\"datePublished\":\"2021-05-06T03:09:40+00:00\",\"dateModified\":\"2021-06-23T05:32:31+00:00\",\"description\":\"Auch bei einer Erkrankung bleibt die Pflege wichtig. Wir geben dir Tipps, wie du dich trotz Erkrankung sch\u00f6n und selbstbewusst f\u00fchlen kannst.\",\"breadcrumb\":{\"@id\":\"https:\/\/uniqueles.ch\/it\/cosmetica-cura-della-pelle\/#breadcrumb\"},\"inLanguage\":\"it-IT\",\"potentialAction\":[{\"@type\":\"ReadAction\",\"target\":[\"https:\/\/uniqueles.ch\/it\/cosmetica-cura-della-pelle\/\"]}]},{\"@type\":\"ImageObject\",\"inLanguage\":\"it-IT\",\"@id\":\"https:\/\/uniqueles.ch\/it\/cosmetica-cura-della-pelle\/#primaryimage\",\"url\":\"https:\/\/uniqueles.ch\/wp-content\/uploads\/junge-laechelnde-frau-mit-schoener-haut-trotz-krebs.jpg\",\"contentUrl\":\"https:\/\/uniqueles.ch\/wp-content\/uploads\/junge-laechelnde-frau-mit-schoener-haut-trotz-krebs.jpg\"},{\"@type\":\"BreadcrumbList\",\"@id\":\"https:\/\/uniqueles.ch\/it\/cosmetica-cura-della-pelle\/#breadcrumb\",\"itemListElement\":[{\"@type\":\"ListItem\",\"position\":1,\"name\":\"Startseite\",\"item\":\"https:\/\/uniqueles.ch\/it\/\"},{\"@type\":\"ListItem\",\"position\":2,\"name\":\"Cosmetica &#038; cura della pelle\"}]},{\"@type\":\"WebSite\",\"@id\":\"https:\/\/uniqueles.ch\/it\/#website\",\"url\":\"https:\/\/uniqueles.ch\/it\/\",\"name\":\"Uniqueles\",\"description\":\"\",\"potentialAction\":[{\"@type\":\"SearchAction\",\"target\":{\"@type\":\"EntryPoint\",\"urlTemplate\":\"https:\/\/uniqueles.ch\/it\/?s={search_term_string}\"},\"query-input\":\"required name=search_term_string\"}],\"inLanguage\":\"it-IT\"}]}<\/script>\n<!-- \/ Yoast SEO plugin. -->","yoast_head_json":{"title":"Kosmetik, Pflegetipps & Tricks von Uniqueles f\u00fcr die t\u00e4gliche Pflege","description":"Auch bei einer Erkrankung bleibt die Pflege wichtig. Wir geben dir Tipps, wie du dich trotz Erkrankung sch\u00f6n und selbstbewusst f\u00fchlen kannst.","robots":{"index":"index","follow":"follow","max-snippet":"max-snippet:-1","max-image-preview":"max-image-preview:large","max-video-preview":"max-video-preview:-1"},"canonical":"https:\/\/uniqueles.ch\/it\/cosmetica-cura-della-pelle\/","og_locale":"it_IT","og_type":"article","og_title":"Kosmetik, Pflegetipps & Tricks von Uniqueles f\u00fcr die t\u00e4gliche Pflege","og_description":"Auch bei einer Erkrankung bleibt die Pflege wichtig. Wir geben dir Tipps, wie du dich trotz Erkrankung sch\u00f6n und selbstbewusst f\u00fchlen kannst.","og_url":"https:\/\/uniqueles.ch\/it\/cosmetica-cura-della-pelle\/","og_site_name":"Uniqueles","article_publisher":"https:\/\/www.facebook.com\/uniqueles2020","article_modified_time":"2021-06-23T05:32:31+00:00","og_image":[{"url":"https:\/\/uniqueles.ch\/wp-content\/uploads\/junge-laechelnde-frau-mit-schoener-haut-trotz-krebs.jpg"}],"twitter_card":"summary_large_image","schema":{"@context":"https:\/\/schema.org","@graph":[{"@type":"WebPage","@id":"https:\/\/uniqueles.ch\/it\/cosmetica-cura-della-pelle\/","url":"https:\/\/uniqueles.ch\/it\/cosmetica-cura-della-pelle\/","name":"Kosmetik, Pflegetipps & Tricks von Uniqueles f\u00fcr die t\u00e4gliche Pflege","isPartOf":{"@id":"https:\/\/uniqueles.ch\/it\/#website"},"primaryImageOfPage":{"@id":"https:\/\/uniqueles.ch\/it\/cosmetica-cura-della-pelle\/#primaryimage"},"image":{"@id":"https:\/\/uniqueles.ch\/it\/cosmetica-cura-della-pelle\/#primaryimage"},"thumbnailUrl":"https:\/\/uniqueles.ch\/wp-content\/uploads\/junge-laechelnde-frau-mit-schoener-haut-trotz-krebs.jpg","datePublished":"2021-05-06T03:09:40+00:00","dateModified":"2021-06-23T05:32:31+00:00","description":"Auch bei einer Erkrankung bleibt die Pflege wichtig. Wir geben dir Tipps, wie du dich trotz Erkrankung sch\u00f6n und selbstbewusst f\u00fchlen kannst.","breadcrumb":{"@id":"https:\/\/uniqueles.ch\/it\/cosmetica-cura-della-pelle\/#breadcrumb"},"inLanguage":"it-IT","potentialAction":[{"@type":"ReadAction","target":["https:\/\/uniqueles.ch\/it\/cosmetica-cura-della-pelle\/"]}]},{"@type":"ImageObject","inLanguage":"it-IT","@id":"https:\/\/uniqueles.ch\/it\/cosmetica-cura-della-pelle\/#primaryimage","url":"https:\/\/uniqueles.ch\/wp-content\/uploads\/junge-laechelnde-frau-mit-schoener-haut-trotz-krebs.jpg","contentUrl":"https:\/\/uniqueles.ch\/wp-content\/uploads\/junge-laechelnde-frau-mit-schoener-haut-trotz-krebs.jpg"},{"@type":"BreadcrumbList","@id":"https:\/\/uniqueles.ch\/it\/cosmetica-cura-della-pelle\/#breadcrumb","itemListElement":[{"@type":"ListItem","position":1,"name":"Startseite","item":"https:\/\/uniqueles.ch\/it\/"},{"@type":"ListItem","position":2,"name":"Cosmetica &#038; cura della pelle"}]},{"@type":"WebSite","@id":"https:\/\/uniqueles.ch\/it\/#website","url":"https:\/\/uniqueles.ch\/it\/","name":"Uniqueles","description":"","potentialAction":[{"@type":"SearchAction","target":{"@type":"EntryPoint","urlTemplate":"https:\/\/uniqueles.ch\/it\/?s={search_term_string}"},"query-input":"required name=search_term_string"}],"inLanguage":"it-IT"}]}},"_links":{"self":[{"href":"https:\/\/uniqueles.ch\/it\/wp-json\/wp\/v2\/pages\/1412"}],"collection":[{"href":"https:\/\/uniqueles.ch\/it\/wp-json\/wp\/v2\/pages"}],"about":[{"href":"https:\/\/uniqueles.ch\/it\/wp-json\/wp\/v2\/types\/page"}],"author":[{"embeddable":true,"href":"https:\/\/uniqueles.ch\/it\/wp-json\/wp\/v2\/users\/1"}],"replies":[{"embeddable":true,"href":"https:\/\/uniqueles.ch\/it\/wp-json\/wp\/v2\/comments?post=1412"}],"version-history":[{"count":4,"href":"https:\/\/uniqueles.ch\/it\/wp-json\/wp\/v2\/pages\/1412\/revisions"}],"predecessor-version":[{"id":1770,"href":"https:\/\/uniqueles.ch\/it\/wp-json\/wp\/v2\/pages\/1412\/revisions\/1770"}],"wp:attachment":[{"href":"https:\/\/uniqueles.ch\/it\/wp-json\/wp\/v2\/media?parent=1412"}],"curies":[{"name":"wp","href":"https:\/\/api.w.org\/{rel}","templated":true}]}}