{"id":1426,"date":"2021-05-06T04:33:20","date_gmt":"2021-05-06T04:33:20","guid":{"rendered":"http:\/\/dev.uniqueles.ch\/faq\/"},"modified":"2021-07-02T13:00:31","modified_gmt":"2021-07-02T13:00:31","slug":"faq","status":"publish","type":"page","link":"https:\/\/uniqueles.ch\/it\/faq\/","title":{"rendered":"FAQ"},"content":{"rendered":"\n\n\t\t<h1>\n\t\t\tFAQ\n\t\t\t\t\t\t\t\t\t\t\tDOMANDE FREQUENTI\n\t\t<\/h1>\n\t\t\t\t\t\t\t\tL&#8217;IAS assumer\u00e0 la Uniqueles Bandana?\n\t\t\t\t<p>A seconda della situazione della donna, l&#8217;IAS coprir\u00e0 costi fino a CHF 1&#8217;500.- per le Uniqueles Bandana.<\/p>\n\n<p>o online<\/p>\n\n\t\t\t\t\t\t\t\tQuanto sono lunghe le extensions?\n\t\t\t\t<p>I capelli lisci sono lunghi 50 cm e quelli ricci 45 cm.<\/p>\n\t\t\t\t\t\t\t\tLe extensions sono resistenti al calore?\n\t\t\t\t<p>Le extensions lisci si possono lavorare con l&#8217;arricciacapelli, con calore fino a 200 gradi, mentre quelle ricci con la piastra, con calore fino a 160 gradi. <\/p>\n\t\t\t\t\t\t\t\tDi quale materiale sono fatti i foulards?\n\t\t\t\t<p>I foulard sono di poliestere. Il poliestere \u00e8 un tessuto sintetico, sviluppato quale alternativa alla seta. \u00c8 facile da lavare, assorbe bene l&#8217;umidit\u00e0, \u00e8 morbido e delicato sulla pelle. Molto leggero ma resistente, le sue fibre non si deformano.<\/p>\n\t\t\t\t\t\t\t\tDi quale materiale sono fatte le fasce?\n\t\t\t\t<p>Le fasce sono di cotone, (i modelli  PITONE sono in poliestere). Il cotone \u00e8 una fibra naturale, che viene utilizzata maggiormente per la produzione di tessuti. E&#8217; rispettoso della pelle, permeabile all&#8217;aria, resistente ai raggi UV e ha un&#8217;alta estensibilit\u00e0. <\/p>\n\t\t\t\t\t\t\t\tSi possono stirare il foulard?\n\t\t\t\t<p>Il foulard va stirato preferibilmente al rovescio a bassa temperatura, coperto da una protezione per ferri da stiro. Le pieghe possono essere facilmente rimosse con getti di vapore.<\/p>\n\t\t\t\t\t\t\t\t\u00c8 possibile restituire il Uniqueles Bandana dopo l&#8217;acquisto?\n\t\t\t\t<p>L&#8217;acquirente non hanno diritto di recesso, a causa del prodotto personalizzato e per motivi igienici, a meno che non ci siano difetti.<\/p>\n\t\t<h2>\n\t\t\tAiuto in caso di ulteriori domande\n\t\t\t\t\t\t\t\t\t\t\tHai ancora domande che non hanno trovato qui una risposta?\n\t\t<\/h2>\n\t\t\tNel caso tu abbia ulteriori domande riguardo il tuo copricapo, puoi <a href=\"https:\/\/uniqueles.ch\/it\/contatto\/\">contattarmi in qualsiasi momento<\/a>. Sono lieta di poterti aiutare riguardo tutti gli argomenti relativi il tuo nuovo acquisto.\t\t\n\t<a href=\"https:\/\/uniqueles.ch\/kopftuch-mit-stirnband\/\" target=\"_self\" role=\"button\" aria-label=\"CREA IL TUO UNIQUELES BANDANA\" rel=\"noopener\">\n\t\t\t\tCREA IL TUO UNIQUELES BANDANA\n\t\t\t<\/a>\n\n","protected":false},"excerpt":{"rendered":"<p>FAQ DOMANDE FREQUENTI L&#8217;IAS assumer\u00e0 la Uniqueles Bandana? A seconda della situazione della donna, l&#8217;IAS coprir\u00e0 costi fino a CHF 1&#8217;500.- per le Uniqueles Bandana. o online Quanto sono lunghe le extensions? I capelli lisci sono lunghi 50 cm e quelli ricci 45 cm. Le extensions sono resistenti al calore? Le extensions lisci si possono [&hellip;]<\/p>\n","protected":false},"author":1,"featured_media":0,"parent":0,"menu_order":0,"comment_status":"closed","ping_status":"closed","template":"","meta":{"site-sidebar-layout":"no-sidebar","site-content-layout":"page-builder","ast-site-content-layout":"full-width-container","site-content-style":"unboxed","site-sidebar-style":"unboxed","ast-global-header-display":"","ast-banner-title-visibility":"","ast-main-header-display":"","ast-hfb-above-header-display":"","ast-hfb-below-header-display":"","ast-hfb-mobile-header-display":"","site-post-title":"disabled","ast-breadcrumbs-content":"","ast-featured-img":"disabled","footer-sml-layout":"","theme-transparent-header-meta":"default","adv-header-id-meta":"","stick-header-meta":"","header-above-stick-meta":"","header-main-stick-meta":"","header-below-stick-meta":"","astra-migrate-meta-layouts":"default","ast-page-background-enabled":"default","ast-page-background-meta":{"desktop":{"background-color":"","background-image":"","background-repeat":"repeat","background-position":"center center","background-size":"auto","background-attachment":"scroll","background-type":"","background-media":"","overlay-type":"","overlay-color":"","overlay-opacity":"","overlay-gradient":""},"tablet":{"background-color":"","background-image":"","background-repeat":"repeat","background-position":"center center","background-size":"auto","background-attachment":"scroll","background-type":"","background-media":"","overlay-type":"","overlay-color":"","overlay-opacity":"","overlay-gradient":""},"mobile":{"background-color":"","background-image":"","background-repeat":"repeat","background-position":"center center","background-size":"auto","background-attachment":"scroll","background-type":"","background-media":"","overlay-type":"","overlay-color":"","overlay-opacity":"","overlay-gradient":""}},"ast-content-background-meta":{"desktop":{"background-color":"var(--ast-global-color-5)","background-image":"","background-repeat":"repeat","background-position":"center center","background-size":"auto","background-attachment":"scroll","background-type":"","background-media":"","overlay-type":"","overlay-color":"","overlay-opacity":"","overlay-gradient":""},"tablet":{"background-color":"var(--ast-global-color-5)","background-image":"","background-repeat":"repeat","background-position":"center center","background-size":"auto","background-attachment":"scroll","background-type":"","background-media":"","overlay-type":"","overlay-color":"","overlay-opacity":"","overlay-gradient":""},"mobile":{"background-color":"var(--ast-global-color-5)","background-image":"","background-repeat":"repeat","background-position":"center center","background-size":"auto","background-attachment":"scroll","background-type":"","background-media":"","overlay-type":"","overlay-color":"","overlay-opacity":"","overlay-gradient":""}},"footnotes":""},"class_list":["post-1426","page","type-page","status-publish","hentry"],"acf":[],"yoast_head":"<!-- This site is optimized with the Yoast SEO plugin v23.1 - https:\/\/yoast.com\/wordpress\/plugins\/seo\/ -->\n<title>Fragen und Antworten rund um Deine Kopfbedeckung von Uniqueles<\/title>\n<meta name=\"description\" content=\"Hier findest du h\u00e4ufig gestellte Fragen rund um die Kopfbedeckung. Falls deine Frage unbeantwortet bleibt, kontaktiere uns unter: 078 406 27 47!\" \/>\n<meta name=\"robots\" content=\"index, follow, max-snippet:-1, max-image-preview:large, max-video-preview:-1\" \/>\n<link rel=\"canonical\" href=\"https:\/\/uniqueles.ch\/it\/faq\/\" \/>\n<meta property=\"og:locale\" content=\"it_IT\" \/>\n<meta property=\"og:type\" content=\"article\" \/>\n<meta property=\"og:title\" content=\"Fragen und Antworten rund um Deine Kopfbedeckung von Uniqueles\" \/>\n<meta property=\"og:description\" content=\"Hier findest du h\u00e4ufig gestellte Fragen rund um die Kopfbedeckung. Falls deine Frage unbeantwortet bleibt, kontaktiere uns unter: 078 406 27 47!\" \/>\n<meta property=\"og:url\" content=\"https:\/\/uniqueles.ch\/it\/faq\/\" \/>\n<meta property=\"og:site_name\" content=\"Uniqueles\" \/>\n<meta property=\"article:publisher\" content=\"https:\/\/www.facebook.com\/uniqueles2020\" \/>\n<meta property=\"article:modified_time\" content=\"2021-07-02T13:00:31+00:00\" \/>\n<meta name=\"twitter:card\" content=\"summary_large_image\" \/>\n<script type=\"application\/ld+json\" class=\"yoast-schema-graph\">{\"@context\":\"https:\/\/schema.org\",\"@graph\":[{\"@type\":\"WebPage\",\"@id\":\"https:\/\/uniqueles.ch\/it\/faq\/\",\"url\":\"https:\/\/uniqueles.ch\/it\/faq\/\",\"name\":\"Fragen und Antworten rund um Deine Kopfbedeckung von Uniqueles\",\"isPartOf\":{\"@id\":\"https:\/\/uniqueles.ch\/it\/#website\"},\"datePublished\":\"2021-05-06T04:33:20+00:00\",\"dateModified\":\"2021-07-02T13:00:31+00:00\",\"description\":\"Hier findest du h\u00e4ufig gestellte Fragen rund um die Kopfbedeckung. Falls deine Frage unbeantwortet bleibt, kontaktiere uns unter: 078 406 27 47!\",\"breadcrumb\":{\"@id\":\"https:\/\/uniqueles.ch\/it\/faq\/#breadcrumb\"},\"inLanguage\":\"it-IT\",\"potentialAction\":[{\"@type\":\"ReadAction\",\"target\":[\"https:\/\/uniqueles.ch\/it\/faq\/\"]}]},{\"@type\":\"BreadcrumbList\",\"@id\":\"https:\/\/uniqueles.ch\/it\/faq\/#breadcrumb\",\"itemListElement\":[{\"@type\":\"ListItem\",\"position\":1,\"name\":\"Startseite\",\"item\":\"https:\/\/uniqueles.ch\/it\/\"},{\"@type\":\"ListItem\",\"position\":2,\"name\":\"FAQ\"}]},{\"@type\":\"WebSite\",\"@id\":\"https:\/\/uniqueles.ch\/it\/#website\",\"url\":\"https:\/\/uniqueles.ch\/it\/\",\"name\":\"Uniqueles\",\"description\":\"\",\"potentialAction\":[{\"@type\":\"SearchAction\",\"target\":{\"@type\":\"EntryPoint\",\"urlTemplate\":\"https:\/\/uniqueles.ch\/it\/?s={search_term_string}\"},\"query-input\":\"required name=search_term_string\"}],\"inLanguage\":\"it-IT\"}]}<\/script>\n<!-- \/ Yoast SEO plugin. -->","yoast_head_json":{"title":"Fragen und Antworten rund um Deine Kopfbedeckung von Uniqueles","description":"Hier findest du h\u00e4ufig gestellte Fragen rund um die Kopfbedeckung. Falls deine Frage unbeantwortet bleibt, kontaktiere uns unter: 078 406 27 47!","robots":{"index":"index","follow":"follow","max-snippet":"max-snippet:-1","max-image-preview":"max-image-preview:large","max-video-preview":"max-video-preview:-1"},"canonical":"https:\/\/uniqueles.ch\/it\/faq\/","og_locale":"it_IT","og_type":"article","og_title":"Fragen und Antworten rund um Deine Kopfbedeckung von Uniqueles","og_description":"Hier findest du h\u00e4ufig gestellte Fragen rund um die Kopfbedeckung. Falls deine Frage unbeantwortet bleibt, kontaktiere uns unter: 078 406 27 47!","og_url":"https:\/\/uniqueles.ch\/it\/faq\/","og_site_name":"Uniqueles","article_publisher":"https:\/\/www.facebook.com\/uniqueles2020","article_modified_time":"2021-07-02T13:00:31+00:00","twitter_card":"summary_large_image","schema":{"@context":"https:\/\/schema.org","@graph":[{"@type":"WebPage","@id":"https:\/\/uniqueles.ch\/it\/faq\/","url":"https:\/\/uniqueles.ch\/it\/faq\/","name":"Fragen und Antworten rund um Deine Kopfbedeckung von Uniqueles","isPartOf":{"@id":"https:\/\/uniqueles.ch\/it\/#website"},"datePublished":"2021-05-06T04:33:20+00:00","dateModified":"2021-07-02T13:00:31+00:00","description":"Hier findest du h\u00e4ufig gestellte Fragen rund um die Kopfbedeckung. Falls deine Frage unbeantwortet bleibt, kontaktiere uns unter: 078 406 27 47!","breadcrumb":{"@id":"https:\/\/uniqueles.ch\/it\/faq\/#breadcrumb"},"inLanguage":"it-IT","potentialAction":[{"@type":"ReadAction","target":["https:\/\/uniqueles.ch\/it\/faq\/"]}]},{"@type":"BreadcrumbList","@id":"https:\/\/uniqueles.ch\/it\/faq\/#breadcrumb","itemListElement":[{"@type":"ListItem","position":1,"name":"Startseite","item":"https:\/\/uniqueles.ch\/it\/"},{"@type":"ListItem","position":2,"name":"FAQ"}]},{"@type":"WebSite","@id":"https:\/\/uniqueles.ch\/it\/#website","url":"https:\/\/uniqueles.ch\/it\/","name":"Uniqueles","description":"","potentialAction":[{"@type":"SearchAction","target":{"@type":"EntryPoint","urlTemplate":"https:\/\/uniqueles.ch\/it\/?s={search_term_string}"},"query-input":"required name=search_term_string"}],"inLanguage":"it-IT"}]}},"_links":{"self":[{"href":"https:\/\/uniqueles.ch\/it\/wp-json\/wp\/v2\/pages\/1426"}],"collection":[{"href":"https:\/\/uniqueles.ch\/it\/wp-json\/wp\/v2\/pages"}],"about":[{"href":"https:\/\/uniqueles.ch\/it\/wp-json\/wp\/v2\/types\/page"}],"author":[{"embeddable":true,"href":"https:\/\/uniqueles.ch\/it\/wp-json\/wp\/v2\/users\/1"}],"replies":[{"embeddable":true,"href":"https:\/\/uniqueles.ch\/it\/wp-json\/wp\/v2\/comments?post=1426"}],"version-history":[{"count":20,"href":"https:\/\/uniqueles.ch\/it\/wp-json\/wp\/v2\/pages\/1426\/revisions"}],"predecessor-version":[{"id":1865,"href":"https:\/\/uniqueles.ch\/it\/wp-json\/wp\/v2\/pages\/1426\/revisions\/1865"}],"wp:attachment":[{"href":"https:\/\/uniqueles.ch\/it\/wp-json\/wp\/v2\/media?parent=1426"}],"curies":[{"name":"wp","href":"https:\/\/api.w.org\/{rel}","templated":true}]}}