{"id":1433,"date":"2021-05-06T05:32:19","date_gmt":"2021-05-06T05:32:19","guid":{"rendered":"http:\/\/dev.uniqueles.ch\/politica-sulla-riservatezza\/"},"modified":"2021-06-09T07:20:36","modified_gmt":"2021-06-09T07:20:36","slug":"politica-sulla-riservatezza","status":"publish","type":"page","link":"https:\/\/uniqueles.ch\/it\/politica-sulla-riservatezza\/","title":{"rendered":"Politica sulla riservatezza"},"content":{"rendered":"\n\n\t\t<h1>\n\t\t\tPolitica sulla riservatezza\n\t\t<\/h1>\n\t\n\n<p>Di seguito, vi informiamo sulla raccolta dei dati personali che vi riguardano (&#8220;dati personali&#8221;) quando utilizzate il nostro sito web Il &#8220;responsabile del trattamento&#8221; ai sensi del GDPR e di altre leggi e regolamenti nazionali sulla protezione dei dati, che decide in merito alle finalit\u00e0 e ai mezzi del trattamento dei dati personali, \u00e8:<\/p>\n<p>&nbsp;<\/p>\n<strong>Uniqueles GmbH<\/strong><br \/>\nSchwerzenbachstrasse 7a<br \/>\n8604 Volketswil\n<p>&nbsp;<\/p>\n<p>Quando ci contattate via e-mail, i dati personali che ci fornite saranno conservati da noi per rispondere alle vostre domande. Cancelliamo i dati acquisiti in questo contesto dopo che la memorizzazione non \u00e8 pi\u00f9 necessaria o ne limitiamo il trattamento qualora ci fossero obblighi legali di conservazione.<\/p>\n<p>Qualora vengano utilizzati fornitori di servizi terzi per singole funzioni della nostra offerta o desiderassimo utilizzare i vostri dati per scopi pubblicitari, vi informeremo di seguito in dettaglio sui rispettivi processi. Verranno indicati anche i criteri specificati inerenti il periodo di conservazione.<\/p>\n<p>&nbsp;<\/p>\n<p>&nbsp;<\/p>\n\n<p>&nbsp;<\/p>\n<p>In linea di principio, trattiamo i vostri dati personali solo nella misura in cui ci\u00f2 \u00e8 necessario per la fornitura di un sito web funzionale e dei nostri contenuti e servizi. I vostri dati personali saranno regolarmente trattati solo dopo aver ottenuto il vostro consenso. Un&#8217;eccezione si applica nei casi in cui per motivi pratici, l&#8217;ottenimento del consenso preventivo non \u00e8 possibile e il trattamento dei dati \u00e8 consentito dalla legge.<\/p>\n<p>Nella misura in cui otteniamo il vostro consenso per il trattamento dei vostri dati personali, l&#8217;art. 6 comma 1 lit. a DSGVO serve come base giuridica per il trattamento. Se il trattamento \u00e8 necessario per proteggere un interesse legittimo della nostra azienda e i vostri interessi, diritti fondamentali e libert\u00e0 non prevalgono sul primo interesse, l&#8217;art. 6 comma 1 lit. f DSGVO serve come base giuridica per il trattamento.<\/p>\n<p>&nbsp;<\/p>\n\n<p>I vostri dati personali saranno cancellati o bloccati non appena lo scopo della memorizzazione cessa di essere valido. La memorizzazione pu\u00f2 avvenire anche oltre, se ci\u00f2 \u00e8 stato previsto da un&#8217;ordinanza, dalla legge o da altri regolamenti a cui \u00e8 soggetta la parte responsabile. I dati saranno inoltre bloccati o cancellati se un periodo di archiviazione prescritto dalle norme gi\u00e0 menzionate scade, a meno che non vi sia la necessit\u00e0 di un&#8217;ulteriore archiviazione dei dati per la conclusione o l&#8217;esecuzione di un contratto.<\/p>\n<p>&nbsp;<\/p>\n<p>&nbsp;<\/p>\n<p>&nbsp;<\/p>\n\n<p>Avete i seguenti diritti nei nostri confronti in relazione ai vostri dati personali:<\/p>\n<p>&#8211; Diritto all&#8217;informazione sui dati personali da noi archiviati<\/p>\n<p>&#8211; Diritto alla correzione o alla cancellazione<\/p>\n<p>&#8211; Diritto alla limitazione del trattamento<\/p>\n<p>&#8211; Diritto di opporsi al trattamento<\/p>\n<p>&#8211; Diritto alla portabilit\u00e0 dei dati.<\/p>\n<p>Avete anche il diritto di presentare reclamo a un&#8217;autorit\u00e0 di controllo della protezione dei dati in merito al trattamento dei vostri dati personali da parte nostra.<\/p>\n<p>&nbsp;<\/p>\n<p>&nbsp;<\/p>\n<p>&nbsp;<\/p>\n<p>&nbsp;<\/p>\n\n<p>Nel caso di un uso puramente informativo del sito web, se non vi registrate o ci trasmettete informazioni in altro modo, raccogliamo solo i dati personali che il vostro browser trasmette al nostro server. Se desiderate visualizzare il nostro sito web, il nostro sistema raccoglie i seguenti dati, che sono tecnicamente necessari per mostrarvi il nostro sito web e per garantire stabilit\u00e0 e sicurezza:<\/p>\n<ul>\n<li>Il vostro indirizzo IP<\/li>\n<li>Data e ora della richiesta<\/li>\n<li>Differenza di fuso orario in base al tempo medio di Greenwich (GMT)<\/li>\n<li>Contenuto della richiesta (pagina concreta)<\/li>\n<li>Stato di accesso\/Codice di stato http<\/li>\n<li>Volume dei dati in ogni caso trasferiti<\/li>\n<li>Sito web da cui proviene la richiesta<\/li>\n<li>Sistema operativo e sua interfaccia<\/li>\n<li>Lingua e versione del software del browser<\/li>\n<\/ul>\n<p>&nbsp;<\/p>\n<p>I dati vengono inoltre memorizzati nei file di registro del nostro sistema. Questi dati non vengono memorizzati insieme ad altri dati personali. La base giuridica per la raccolta e l&#8217;archiviazione temporanea dei dati \u00e8 l&#8217;articolo 6 capoverso 1 paragrafo 1 lit. f GDPR. Poich\u00e9 la raccolta dei dati per la fornitura del sito web e la memorizzazione dei dati nei file di registro \u00e8 assolutamente necessaria per il funzionamento del sito web, non esiste alcun diritto di opposizione.<\/p>\n<p>&nbsp;<\/p>\n<p>&nbsp;<\/p>\n<p>&nbsp;<\/p>\n\n<p>Oltre ai dati di cui sopra, i cookie vengono memorizzati sul vostro computer quando utilizzate il nostro sito web. I cookie sono piccoli file di testo che vengono memorizzati sul vostro disco rigido e assegnati al browser che state utilizzando, e attraverso i quali riceviamo determinate informazioni. I cookie non possono eseguire programmi o trasmettere virus al vostro computer. Servono a rendere l&#8217;offerta di internet pi\u00f9 semplice da usare e complessivamente pi\u00f9 efficace.<\/p>\n<p>La maggior parte dei browser accetta automaticamente i cookies. Tuttavia, \u00e8 possibile configurare le impostazioni del browser in base alle proprie preferenze e, ad esempio, rifiutare i cookie di terze parti o tutti i cookie. Si prega di notare che in questi casi potreste non essere in grado di utilizzare tutte le funzioni di questo sito web.<\/p>\n<p>I cookie persistenti vengono cancellati automaticamente dopo un determinato periodo di tempo, che pu\u00f2 variare a seconda del cookie. Potete cancellare i cookie nelle impostazioni di sicurezza del vostro browser in qualsiasi momento.<\/p>\n<p>La base giuridica per il trattamento dei dati personali tramite cookie \u00e8 l&#8217;art. 6 (1) lit. f DSGVO.<\/p>\n<p>&nbsp;<\/p>\n\n<p>Questo sito web utilizza Google Analytics, un servizio di analisi web fornito da Google, Inc (&#8220;Google&#8221;). Google Analytics utilizza dei cookies, che vengono memorizzati sul vostro computer e che permettono un&#8217;analisi del vostro utilizzo del sito web. Le informazioni generate dal cookie sull&#8217;utilizzo di questo sito web vengono di norma trasmesse a un server di Google negli Stati Uniti e l\u00ec memorizzate. In caso di attivazione dell&#8217;anonimizzazione dell&#8217;IP su questo sito web, il vostro indirizzo IP sar\u00e0 tuttavia anticipatamente abbreviato da Google all&#8217;interno degli Stati membri dell&#8217;Unione europea o in altri Stati contraenti dell&#8217;accordo sullo Spazio economico europeo. Solo in casi eccezionali l&#8217;indirizzo IP completo viene trasmesso a un server di Google negli Stati Uniti e l\u00ec abbreviato. Su incarico dell&#8217;operatore di questo sito web, Google utilizzer\u00e0 queste informazioni per valutarne il vostro utilizzo, compilare report sulle attivit\u00e0 e fornire altri servizi relativi alle attivit\u00e0 e all&#8217;utilizzo di internet all&#8217;operatore del sito web. L&#8217;indirizzo IP trasmesso dal vostro browser nell&#8217;ambito di Google Analytics non viene unito ad altri dati di Google. Potete rifiutarvi di usare i cookies selezionando l&#8217;impostazione appropriata sul vostro browser, tuttavia vi preghiamo di notare che se lo fate potreste non essere in grado di utilizzare tutte le funzionalit\u00e0 di questo sito web. Potete anche impedire la raccolta dei dati generati dai cookie e relativi al vostro uso del sito web (incluso il vostro indirizzo IP) e l&#8217;elaborazione di questi dati da parte di Google, scaricando e installando il plug-in del browser disponibile al seguente link:<\/p>\n<p>http:\/\/tools.google.com\/dlpage\/gaoptout?hl=de<\/p>\n<p>Utilizziamo Google Analytics per analizzare e migliorare regolarmente l&#8217;utilizzo del nostro sito web. Attraverso le statistiche ottenute possiamo migliorare la nostra offerta e renderla pi\u00f9 interessante per voi quali utenti. Per i casi eccezionali in cui i dati personali vengono trasferiti negli Stati Uniti, Google \u00e8 assoggettata allo Scudo UE-USA per la privacy, https:\/\/www. privacyshield. gov\/EU-US- Framework.<\/p>\n<p>&nbsp;<\/p>\nInformazioni su fornitori terzi: Google Dublin, Google Ireland Ltd., Gordon House, Barrow Street, Dublin 4, Ireland, Fax: +353 (1) 436\u20091001. Termini di utilizzo: http:\/\/www.google.com\/analytics\/terms\/de.html. Panoramica sulla protezione dei dati: http:\/\/www.google.com\/intl\/de\/analytics\/learn\/privacy.html, come pure<br \/>\nl&#8217;informativa sulla privacy: http:\/\/www.google.de\/intl\/de\/policies\/privacy.\n<p>Questo sito web utilizza Google Analytics anche per un&#8217;analisi dei flussi di visitatori tra dispositivi, effettuata tramite un USER-ID. \u00c8 possibile disattivare l&#8217;analisi incrociata dell&#8217;utilizzo del dispositivo da parte dell&#8217;utente in \u00abI miei dati\u00bb, \u00abDati personali\u00bb nel proprio account cliente. La base giuridica per il trattamento dei dati personali mediante l&#8217;utilizzo di Google Analytics \u00e8 l&#8217;art. 6, n. Un letto. f RGPD. Abbiamo stipulato un contratto con Google per l&#8217;elaborazione dei dati degli ordini e applicare pienamente le severe disposizioni del RGPD per l&#8217;utilizzo di Google Analytics.<\/p>\n<p>&nbsp;<\/p>\n\n<p>Il nostro sito web utilizza lo strumento &#8220;Google Tag Manager&#8221;. Con Google Tag Manager, i tag del sito web possono essere gestiti tramite un&#8217;interfaccia. Il Google Tag Manager non raccoglie dati personali, ma prevede l&#8217;attivazione di altri tag, che a loro volta possono raccogliere dati. Google Tag Manager non accede a questi dati. Se una disattivazione \u00e8 stata fatta a livello di dominio o di cookie, rimarr\u00e0 in vigore per tutti i tag di monitoraggio implementati con Google Tag Manager.<\/p>\n<p>&nbsp;<\/p>\n<p>&nbsp;<\/p>\n\n<p>Proteggiamo il nostro sito web e altri sistemi con misure tecniche e organizzative contro la perdita, la distruzione, l&#8217;accesso, la modifica o la distribuzione dei vostri dati da parte di persone non autorizzate. Tuttavia, nonostante i controlli regolari, una protezione completa contro tutti i pericoli non \u00e8 possibile. Il sito web utilizza lo standard industriale SSL (Secure Sockets Layer) per la crittografia in alcuni punti. Questo assicura la riservatezza delle sue informazioni personali su Internet.<\/p>\n\n","protected":false},"excerpt":{"rendered":"<p>Politica sulla riservatezza Di seguito, vi informiamo sulla raccolta dei dati personali che vi riguardano (&#8220;dati personali&#8221;) quando utilizzate il nostro sito web Il &#8220;responsabile del trattamento&#8221; ai sensi del GDPR e di altre leggi e regolamenti nazionali sulla protezione dei dati, che decide in merito alle finalit\u00e0 e ai mezzi del trattamento dei dati [&hellip;]<\/p>\n","protected":false},"author":1,"featured_media":1301,"parent":0,"menu_order":0,"comment_status":"closed","ping_status":"closed","template":"","meta":{"site-sidebar-layout":"no-sidebar","site-content-layout":"page-builder","ast-site-content-layout":"","site-content-style":"default","site-sidebar-style":"default","ast-global-header-display":"","ast-banner-title-visibility":"","ast-main-header-display":"","ast-hfb-above-header-display":"","ast-hfb-below-header-display":"","ast-hfb-mobile-header-display":"","site-post-title":"disabled","ast-breadcrumbs-content":"","ast-featured-img":"disabled","footer-sml-layout":"","theme-transparent-header-meta":"default","adv-header-id-meta":"","stick-header-meta":"","header-above-stick-meta":"","header-main-stick-meta":"","header-below-stick-meta":"","astra-migrate-meta-layouts":"default","ast-page-background-enabled":"default","ast-page-background-meta":{"desktop":{"background-color":"","background-image":"","background-repeat":"repeat","background-position":"center center","background-size":"auto","background-attachment":"scroll","background-type":"","background-media":"","overlay-type":"","overlay-color":"","overlay-opacity":"","overlay-gradient":""},"tablet":{"background-color":"","background-image":"","background-repeat":"repeat","background-position":"center center","background-size":"auto","background-attachment":"scroll","background-type":"","background-media":"","overlay-type":"","overlay-color":"","overlay-opacity":"","overlay-gradient":""},"mobile":{"background-color":"","background-image":"","background-repeat":"repeat","background-position":"center center","background-size":"auto","background-attachment":"scroll","background-type":"","background-media":"","overlay-type":"","overlay-color":"","overlay-opacity":"","overlay-gradient":""}},"ast-content-background-meta":{"desktop":{"background-color":"var(--ast-global-color-5)","background-image":"","background-repeat":"repeat","background-position":"center center","background-size":"auto","background-attachment":"scroll","background-type":"","background-media":"","overlay-type":"","overlay-color":"","overlay-opacity":"","overlay-gradient":""},"tablet":{"background-color":"var(--ast-global-color-5)","background-image":"","background-repeat":"repeat","background-position":"center center","background-size":"auto","background-attachment":"scroll","background-type":"","background-media":"","overlay-type":"","overlay-color":"","overlay-opacity":"","overlay-gradient":""},"mobile":{"background-color":"var(--ast-global-color-5)","background-image":"","background-repeat":"repeat","background-position":"center center","background-size":"auto","background-attachment":"scroll","background-type":"","background-media":"","overlay-type":"","overlay-color":"","overlay-opacity":"","overlay-gradient":""}},"footnotes":""},"class_list":["post-1433","page","type-page","status-publish","has-post-thumbnail","hentry"],"acf":[],"yoast_head":"<!-- This site is optimized with the Yoast SEO plugin v23.1 - https:\/\/yoast.com\/wordpress\/plugins\/seo\/ -->\n<title>Politica sulla riservatezza - Uniqueles<\/title>\n<meta name=\"description\" content=\"Politica sulla riservatezza Di seguito, vi informiamo sulla raccolta dei dati personali che vi riguardano (&quot;dati personali&quot;) quando utilizzate il nostro\" \/>\n<meta name=\"robots\" content=\"noindex, follow\" \/>\n<meta property=\"og:locale\" content=\"it_IT\" \/>\n<meta property=\"og:type\" content=\"article\" \/>\n<meta property=\"og:title\" content=\"Politica sulla riservatezza - Uniqueles\" \/>\n<meta property=\"og:description\" content=\"Politica sulla riservatezza Di seguito, vi informiamo sulla raccolta dei dati personali che vi riguardano (&quot;dati personali&quot;) quando utilizzate il nostro\" \/>\n<meta property=\"og:url\" content=\"https:\/\/uniqueles.ch\/it\/politica-sulla-riservatezza\/\" \/>\n<meta property=\"og:site_name\" content=\"Uniqueles\" \/>\n<meta property=\"article:publisher\" content=\"https:\/\/www.facebook.com\/uniqueles2020\" \/>\n<meta property=\"article:modified_time\" content=\"2021-06-09T07:20:36+00:00\" \/>\n<meta name=\"twitter:card\" content=\"summary_large_image\" \/>\n<script type=\"application\/ld+json\" class=\"yoast-schema-graph\">{\"@context\":\"https:\/\/schema.org\",\"@graph\":[{\"@type\":\"WebPage\",\"@id\":\"https:\/\/uniqueles.ch\/it\/politica-sulla-riservatezza\/\",\"url\":\"https:\/\/uniqueles.ch\/it\/politica-sulla-riservatezza\/\",\"name\":\"Politica sulla riservatezza - Uniqueles\",\"isPartOf\":{\"@id\":\"https:\/\/uniqueles.ch\/it\/#website\"},\"primaryImageOfPage\":{\"@id\":\"https:\/\/uniqueles.ch\/it\/politica-sulla-riservatezza\/#primaryimage\"},\"image\":{\"@id\":\"https:\/\/uniqueles.ch\/it\/politica-sulla-riservatezza\/#primaryimage\"},\"thumbnailUrl\":\"https:\/\/uniqueles.ch\/wp-content\/uploads\/verschiedene-kopftuecher-von-uniqueles.jpg\",\"datePublished\":\"2021-05-06T05:32:19+00:00\",\"dateModified\":\"2021-06-09T07:20:36+00:00\",\"description\":\"Politica sulla riservatezza Di seguito, vi informiamo sulla raccolta dei dati personali che vi riguardano (\\\"dati personali\\\") quando utilizzate il nostro\",\"breadcrumb\":{\"@id\":\"https:\/\/uniqueles.ch\/it\/politica-sulla-riservatezza\/#breadcrumb\"},\"inLanguage\":\"it-IT\",\"potentialAction\":[{\"@type\":\"ReadAction\",\"target\":[\"https:\/\/uniqueles.ch\/it\/politica-sulla-riservatezza\/\"]}]},{\"@type\":\"ImageObject\",\"inLanguage\":\"it-IT\",\"@id\":\"https:\/\/uniqueles.ch\/it\/politica-sulla-riservatezza\/#primaryimage\",\"url\":\"https:\/\/uniqueles.ch\/wp-content\/uploads\/verschiedene-kopftuecher-von-uniqueles.jpg\",\"contentUrl\":\"https:\/\/uniqueles.ch\/wp-content\/uploads\/verschiedene-kopftuecher-von-uniqueles.jpg\",\"width\":1920,\"height\":500},{\"@type\":\"BreadcrumbList\",\"@id\":\"https:\/\/uniqueles.ch\/it\/politica-sulla-riservatezza\/#breadcrumb\",\"itemListElement\":[{\"@type\":\"ListItem\",\"position\":1,\"name\":\"Startseite\",\"item\":\"https:\/\/uniqueles.ch\/it\/\"},{\"@type\":\"ListItem\",\"position\":2,\"name\":\"Politica sulla riservatezza\"}]},{\"@type\":\"WebSite\",\"@id\":\"https:\/\/uniqueles.ch\/it\/#website\",\"url\":\"https:\/\/uniqueles.ch\/it\/\",\"name\":\"Uniqueles\",\"description\":\"\",\"potentialAction\":[{\"@type\":\"SearchAction\",\"target\":{\"@type\":\"EntryPoint\",\"urlTemplate\":\"https:\/\/uniqueles.ch\/it\/?s={search_term_string}\"},\"query-input\":\"required name=search_term_string\"}],\"inLanguage\":\"it-IT\"}]}<\/script>\n<!-- \/ Yoast SEO plugin. -->","yoast_head_json":{"title":"Politica sulla riservatezza - Uniqueles","description":"Politica sulla riservatezza Di seguito, vi informiamo sulla raccolta dei dati personali che vi riguardano (\"dati personali\") quando utilizzate il nostro","robots":{"index":"noindex","follow":"follow"},"og_locale":"it_IT","og_type":"article","og_title":"Politica sulla riservatezza - Uniqueles","og_description":"Politica sulla riservatezza Di seguito, vi informiamo sulla raccolta dei dati personali che vi riguardano (\"dati personali\") quando utilizzate il nostro","og_url":"https:\/\/uniqueles.ch\/it\/politica-sulla-riservatezza\/","og_site_name":"Uniqueles","article_publisher":"https:\/\/www.facebook.com\/uniqueles2020","article_modified_time":"2021-06-09T07:20:36+00:00","twitter_card":"summary_large_image","schema":{"@context":"https:\/\/schema.org","@graph":[{"@type":"WebPage","@id":"https:\/\/uniqueles.ch\/it\/politica-sulla-riservatezza\/","url":"https:\/\/uniqueles.ch\/it\/politica-sulla-riservatezza\/","name":"Politica sulla riservatezza - Uniqueles","isPartOf":{"@id":"https:\/\/uniqueles.ch\/it\/#website"},"primaryImageOfPage":{"@id":"https:\/\/uniqueles.ch\/it\/politica-sulla-riservatezza\/#primaryimage"},"image":{"@id":"https:\/\/uniqueles.ch\/it\/politica-sulla-riservatezza\/#primaryimage"},"thumbnailUrl":"https:\/\/uniqueles.ch\/wp-content\/uploads\/verschiedene-kopftuecher-von-uniqueles.jpg","datePublished":"2021-05-06T05:32:19+00:00","dateModified":"2021-06-09T07:20:36+00:00","description":"Politica sulla riservatezza Di seguito, vi informiamo sulla raccolta dei dati personali che vi riguardano (\"dati personali\") quando utilizzate il nostro","breadcrumb":{"@id":"https:\/\/uniqueles.ch\/it\/politica-sulla-riservatezza\/#breadcrumb"},"inLanguage":"it-IT","potentialAction":[{"@type":"ReadAction","target":["https:\/\/uniqueles.ch\/it\/politica-sulla-riservatezza\/"]}]},{"@type":"ImageObject","inLanguage":"it-IT","@id":"https:\/\/uniqueles.ch\/it\/politica-sulla-riservatezza\/#primaryimage","url":"https:\/\/uniqueles.ch\/wp-content\/uploads\/verschiedene-kopftuecher-von-uniqueles.jpg","contentUrl":"https:\/\/uniqueles.ch\/wp-content\/uploads\/verschiedene-kopftuecher-von-uniqueles.jpg","width":1920,"height":500},{"@type":"BreadcrumbList","@id":"https:\/\/uniqueles.ch\/it\/politica-sulla-riservatezza\/#breadcrumb","itemListElement":[{"@type":"ListItem","position":1,"name":"Startseite","item":"https:\/\/uniqueles.ch\/it\/"},{"@type":"ListItem","position":2,"name":"Politica sulla riservatezza"}]},{"@type":"WebSite","@id":"https:\/\/uniqueles.ch\/it\/#website","url":"https:\/\/uniqueles.ch\/it\/","name":"Uniqueles","description":"","potentialAction":[{"@type":"SearchAction","target":{"@type":"EntryPoint","urlTemplate":"https:\/\/uniqueles.ch\/it\/?s={search_term_string}"},"query-input":"required name=search_term_string"}],"inLanguage":"it-IT"}]}},"_links":{"self":[{"href":"https:\/\/uniqueles.ch\/it\/wp-json\/wp\/v2\/pages\/1433"}],"collection":[{"href":"https:\/\/uniqueles.ch\/it\/wp-json\/wp\/v2\/pages"}],"about":[{"href":"https:\/\/uniqueles.ch\/it\/wp-json\/wp\/v2\/types\/page"}],"author":[{"embeddable":true,"href":"https:\/\/uniqueles.ch\/it\/wp-json\/wp\/v2\/users\/1"}],"replies":[{"embeddable":true,"href":"https:\/\/uniqueles.ch\/it\/wp-json\/wp\/v2\/comments?post=1433"}],"version-history":[{"count":2,"href":"https:\/\/uniqueles.ch\/it\/wp-json\/wp\/v2\/pages\/1433\/revisions"}],"predecessor-version":[{"id":1714,"href":"https:\/\/uniqueles.ch\/it\/wp-json\/wp\/v2\/pages\/1433\/revisions\/1714"}],"wp:featuredmedia":[{"embeddable":true,"href":"https:\/\/uniqueles.ch\/it\/wp-json\/wp\/v2\/media\/1301"}],"wp:attachment":[{"href":"https:\/\/uniqueles.ch\/it\/wp-json\/wp\/v2\/media?parent=1433"}],"curies":[{"name":"wp","href":"https:\/\/api.w.org\/{rel}","templated":true}]}}