{"id":1605,"date":"2021-06-08T04:15:09","date_gmt":"2021-06-08T04:15:09","guid":{"rendered":"http:\/\/dev.uniqueles.ch\/termini-di-servizio\/"},"modified":"2021-07-02T11:46:47","modified_gmt":"2021-07-02T11:46:47","slug":"termini-di-servizio","status":"publish","type":"page","link":"https:\/\/uniqueles.ch\/it\/termini-di-servizio\/","title":{"rendered":"Termini di servizio"},"content":{"rendered":"\n\n\t\t<h1>\n\t\t\tTermini di servizio\n\t\t<\/h1>\n\t<strong>1. SCOPO<\/strong><br \/>\nI presenti termini e condizioni generali (GTC) si applicano a tutte le consegne da parte di Uniqueles GmbH ai consumatori (\u00a7 13 BGB). Un consumatore \u00e8 una persona fisica che conclude una transazione legale per uno scopo che non pu\u00f2 essere attribuito n\u00e9 alla tua attivit\u00e0 commerciale n\u00e9 alla tua attivit\u00e0 professionale indipendente.\n<p>&nbsp;<\/p>\n<strong>2. PARTNER CONTRATTUALE<\/strong><br \/>\nIl contratto di acquisto \u00e8 concluso con:\n<strong>Uniqueles GmbH<\/strong><br \/>\nSchwerzenbachstrasse 7a<br \/>\n8604 Volketswil\n<p>\u00c8 possibile contattare il nostro servizio clienti per domande, contestazioni e reclami nei giorni lavorativi dalle 9:00 alle 17:00 al numero di telefono +41 78406 27 47 e tramite e-mail a info@uniqueles.ch.<\/p>\n<p>&nbsp;<\/p>\n<strong>3. OFFERTA E CONCLUSIONE DEL CONTRATTO<\/strong><br \/>\n3.1 La presentazione dei prodotti nel negozio online non costituisce un&#8217;offerta legalmente vincolante, ma un invito a ordinare. Salvo errori.<br \/>\n3.2 Cliccando sul pulsante &#8220;Acquista&#8221; nell&#8217;ultima fase del processo di ordinazione, si effettua un ordine vincolante inerente alla merce contenuta nel carrello. Il contratto di acquisto \u00e8 concluso quando accettiamo il vostro ordine inviando una conferma d&#8217;ordine via e-mail immediatamente dopo il ricevimento del medesimo.\n<p>&nbsp;<\/p>\n<strong>4. TESTO DEL CONTRATTO<\/strong><br \/>\nIl testo del contratto \u00e8 memorizzato nei nostri sistemi interni. Potete consultare i termini e le condizioni generali in qualsiasi momento su questa pagina. I dati dell&#8217;ordine vi saranno inviati per e-mail. Dopo il completamento dell&#8217;ordine, il testo del contratto non \u00e8 pi\u00f9 accessibile tramite internet per motivi di sicurezza.\n<p>&nbsp;<\/p>\n<strong>5. DIRITTO DI RESTITUZIONE<\/strong><br \/>\n5.1 In caso di difetto del prodotto consegnato, il cliente non ha diritto a richiedere il risarcimento dei danni\n<p>5.2 UNIQUELES non \u00e8 responsabile per danni non occorsi alla merce consegnata stessa, in particolare, UNIQUELES non \u00e8 responsabile per mancato guadagno o altre perdite finanziarie del cliente<\/p>\n<p>5.3 La limitazione di responsabilit\u00e0 non si applica se la causa del danno \u00e8 basata su dolo o negligenza grave o se vi sono lesioni personali (alla vita, all&#8217;incolumit\u00e0 fisica o alla salute).<\/p>\n<p>5.4 Se UNIQUELES viola un obbligo contrattuale essenziale, l&#8217;obbligo di risarcimento del danno alla propriet\u00e0 \u00e8 limitato.<\/p>\n5.5 Il diritto di recesso non si applica ai seguenti contratti:<br \/>\nGli acquirenti non hanno diritto di restituzione a causa del prodotto personalizzato e per ragioni igieniche. Salvo in caso di difetti del prodotto.\n<p>&nbsp;<\/p>\n<strong>6. PREZZI E SPESE DI SPEDIZIONE<\/strong><br \/>\n6. 1 Per la svizzera i prezzi si intendono inclusiva 7.7% IVA.<br \/>\n6. 2 I costi di spedizione dipendono dalla quantit\u00e0 della merce ordinata e dal tipo di spedizione e vi saranno chiaramente comunicati prima di effettuare il vostro ordine vincolante. Potete trovare una panoramica sulla pagina di spedizione. Nel nostro shop offriamo i seguenti metodi di spedizione:<br \/>\nSpese postali &#8211; CHF 9.- per Svizzera.\n<p>&nbsp;<\/p>\n<strong>7. CONSEGNA<\/strong><br \/>\n7.1 Di norma, UNIQUELES consegna entro 7-14 giorni lavorativi dall&#8217;invio della posta di spedizione in Svizzera. L&#8217;obbligo di consegna non si applica se la consegna non viene effettuata in tempo e non \u00e8 responsabile<br \/>\ndella mancata disponibilit\u00e0 dell prodoto. L&#8217;obbligo di consegna non si applica anche se la consegna tempestiva non \u00e8 possibile a causa di forza maggiore, scioperi o pandemia. Se il prodoto non \u00e8 disponibile, UNIQUELES informer\u00e0 immediatamente il cliente. Gli anticipi da parte del cliente verranno rimborsati immediatamente.\n<p>7.2 Le informazioni inerenti i tempi di consegna si trovano nella rispettiva pagina dei prodotti.<\/p>\n<p>&nbsp;<\/p>\n<strong>8. MODALIT\u00c0 DI PAGAMENTO<\/strong><br \/>\n8.1 Nel nostro webshop offriamo le seguenti modalit\u00e0 di pagamento:\nVisa<br \/>\nMaster Card<br \/>\nPayPal<br \/>\nTwint\n8. 2 Il diritto di compensazione vi spetta solo se le vostre rivendicazioni sono state stabilite legalmente, sono incontestate o sono state riconosciute da noi per iscritto.<br \/>\n8.3 Potete esercitare un diritto di rimborso unicamente nella misura in cui le rivendicazioni derivano dallo stesso rapporto contrattuale.\n<p>&nbsp;<\/p>\n<strong>9. RISERVA DI PROPRIET\u00c0<\/strong><br \/>\nLa merce rimane di nostra propriet\u00e0 fino al completo pagamento.\n<p>&nbsp;<\/p>\n<strong>1o. Propriet\u00e0 intellettuale<\/strong><br \/>\nTutti i diritti di immagine e altri diritti di propriet\u00e0 intellettuale sono detenuti da UNIQUELES. L&#8217;uso senza l&#8217;espressa autorizzazione di UNIQUELES non \u00e8 consentito.\n<p>&nbsp;<\/p>\n<strong>11. Esclusione di responsabilit\u00e0 per link esterni<\/strong><br \/>\nPer tutti i collegamenti che rimandano ad altri siti, UNIQUELES dichiara<br \/>\nespressamente che UNIQUELES non ha alcuna influenza sul contenuto e sul design dei siti collegati. UNIQUELES prende espressamente le distanze da tutto il contenuto delle pagine collegate e non adotta il rispettivo contenuto come proprio. Questa esclusione di responsabilit\u00e0 si applica a tutti i collegamenti visualizzati e al contenuto delle pagine collegate.\n\n","protected":false},"excerpt":{"rendered":"<p>Termini di servizio 1. SCOPO I presenti termini e condizioni generali (GTC) si applicano a tutte le consegne da parte di Uniqueles GmbH ai consumatori (\u00a7 13 BGB). Un consumatore \u00e8 una persona fisica che conclude una transazione legale per uno scopo che non pu\u00f2 essere attribuito n\u00e9 alla tua attivit\u00e0 commerciale n\u00e9 alla tua [&hellip;]<\/p>\n","protected":false},"author":1,"featured_media":1301,"parent":0,"menu_order":0,"comment_status":"closed","ping_status":"closed","template":"","meta":{"site-sidebar-layout":"no-sidebar","site-content-layout":"page-builder","ast-site-content-layout":"","site-content-style":"default","site-sidebar-style":"default","ast-global-header-display":"","ast-banner-title-visibility":"","ast-main-header-display":"","ast-hfb-above-header-display":"","ast-hfb-below-header-display":"","ast-hfb-mobile-header-display":"","site-post-title":"disabled","ast-breadcrumbs-content":"","ast-featured-img":"disabled","footer-sml-layout":"","theme-transparent-header-meta":"default","adv-header-id-meta":"","stick-header-meta":"","header-above-stick-meta":"","header-main-stick-meta":"","header-below-stick-meta":"","astra-migrate-meta-layouts":"default","ast-page-background-enabled":"default","ast-page-background-meta":{"desktop":{"background-color":"","background-image":"","background-repeat":"repeat","background-position":"center center","background-size":"auto","background-attachment":"scroll","background-type":"","background-media":"","overlay-type":"","overlay-color":"","overlay-opacity":"","overlay-gradient":""},"tablet":{"background-color":"","background-image":"","background-repeat":"repeat","background-position":"center center","background-size":"auto","background-attachment":"scroll","background-type":"","background-media":"","overlay-type":"","overlay-color":"","overlay-opacity":"","overlay-gradient":""},"mobile":{"background-color":"","background-image":"","background-repeat":"repeat","background-position":"center center","background-size":"auto","background-attachment":"scroll","background-type":"","background-media":"","overlay-type":"","overlay-color":"","overlay-opacity":"","overlay-gradient":""}},"ast-content-background-meta":{"desktop":{"background-color":"var(--ast-global-color-5)","background-image":"","background-repeat":"repeat","background-position":"center center","background-size":"auto","background-attachment":"scroll","background-type":"","background-media":"","overlay-type":"","overlay-color":"","overlay-opacity":"","overlay-gradient":""},"tablet":{"background-color":"var(--ast-global-color-5)","background-image":"","background-repeat":"repeat","background-position":"center center","background-size":"auto","background-attachment":"scroll","background-type":"","background-media":"","overlay-type":"","overlay-color":"","overlay-opacity":"","overlay-gradient":""},"mobile":{"background-color":"var(--ast-global-color-5)","background-image":"","background-repeat":"repeat","background-position":"center center","background-size":"auto","background-attachment":"scroll","background-type":"","background-media":"","overlay-type":"","overlay-color":"","overlay-opacity":"","overlay-gradient":""}},"footnotes":""},"class_list":["post-1605","page","type-page","status-publish","has-post-thumbnail","hentry"],"acf":[],"yoast_head":"<!-- This site is optimized with the Yoast SEO plugin v23.1 - https:\/\/yoast.com\/wordpress\/plugins\/seo\/ -->\n<title>Die Allgemeine Gesch\u00e4ftsbedingungen von Uniqueles<\/title>\n<meta name=\"description\" content=\"Hier findest du unsere allgemeinen Gesch\u00e4ftsbedingungen. Bei Fragen oder Unklarheiten kontaktiere Uniqueles direkt unter: 078 406 27 47\" \/>\n<meta name=\"robots\" content=\"index, follow, max-snippet:-1, max-image-preview:large, max-video-preview:-1\" \/>\n<link rel=\"canonical\" href=\"https:\/\/uniqueles.ch\/it\/termini-di-servizio\/\" \/>\n<meta property=\"og:locale\" content=\"it_IT\" \/>\n<meta property=\"og:type\" content=\"article\" \/>\n<meta property=\"og:title\" content=\"Die Allgemeine Gesch\u00e4ftsbedingungen von Uniqueles\" \/>\n<meta property=\"og:description\" content=\"Hier findest du unsere allgemeinen Gesch\u00e4ftsbedingungen. Bei Fragen oder Unklarheiten kontaktiere Uniqueles direkt unter: 078 406 27 47\" \/>\n<meta property=\"og:url\" content=\"https:\/\/uniqueles.ch\/it\/termini-di-servizio\/\" \/>\n<meta property=\"og:site_name\" content=\"Uniqueles\" \/>\n<meta property=\"article:publisher\" content=\"https:\/\/www.facebook.com\/uniqueles2020\" \/>\n<meta property=\"article:modified_time\" content=\"2021-07-02T11:46:47+00:00\" \/>\n<meta name=\"twitter:card\" content=\"summary_large_image\" \/>\n<script type=\"application\/ld+json\" class=\"yoast-schema-graph\">{\"@context\":\"https:\/\/schema.org\",\"@graph\":[{\"@type\":\"WebPage\",\"@id\":\"https:\/\/uniqueles.ch\/it\/termini-di-servizio\/\",\"url\":\"https:\/\/uniqueles.ch\/it\/termini-di-servizio\/\",\"name\":\"Die Allgemeine Gesch\u00e4ftsbedingungen von Uniqueles\",\"isPartOf\":{\"@id\":\"https:\/\/uniqueles.ch\/it\/#website\"},\"primaryImageOfPage\":{\"@id\":\"https:\/\/uniqueles.ch\/it\/termini-di-servizio\/#primaryimage\"},\"image\":{\"@id\":\"https:\/\/uniqueles.ch\/it\/termini-di-servizio\/#primaryimage\"},\"thumbnailUrl\":\"https:\/\/uniqueles.ch\/wp-content\/uploads\/verschiedene-kopftuecher-von-uniqueles.jpg\",\"datePublished\":\"2021-06-08T04:15:09+00:00\",\"dateModified\":\"2021-07-02T11:46:47+00:00\",\"description\":\"Hier findest du unsere allgemeinen Gesch\u00e4ftsbedingungen. Bei Fragen oder Unklarheiten kontaktiere Uniqueles direkt unter: 078 406 27 47\",\"breadcrumb\":{\"@id\":\"https:\/\/uniqueles.ch\/it\/termini-di-servizio\/#breadcrumb\"},\"inLanguage\":\"it-IT\",\"potentialAction\":[{\"@type\":\"ReadAction\",\"target\":[\"https:\/\/uniqueles.ch\/it\/termini-di-servizio\/\"]}]},{\"@type\":\"ImageObject\",\"inLanguage\":\"it-IT\",\"@id\":\"https:\/\/uniqueles.ch\/it\/termini-di-servizio\/#primaryimage\",\"url\":\"https:\/\/uniqueles.ch\/wp-content\/uploads\/verschiedene-kopftuecher-von-uniqueles.jpg\",\"contentUrl\":\"https:\/\/uniqueles.ch\/wp-content\/uploads\/verschiedene-kopftuecher-von-uniqueles.jpg\",\"width\":1920,\"height\":500},{\"@type\":\"BreadcrumbList\",\"@id\":\"https:\/\/uniqueles.ch\/it\/termini-di-servizio\/#breadcrumb\",\"itemListElement\":[{\"@type\":\"ListItem\",\"position\":1,\"name\":\"Startseite\",\"item\":\"https:\/\/uniqueles.ch\/it\/\"},{\"@type\":\"ListItem\",\"position\":2,\"name\":\"Termini di servizio\"}]},{\"@type\":\"WebSite\",\"@id\":\"https:\/\/uniqueles.ch\/it\/#website\",\"url\":\"https:\/\/uniqueles.ch\/it\/\",\"name\":\"Uniqueles\",\"description\":\"\",\"potentialAction\":[{\"@type\":\"SearchAction\",\"target\":{\"@type\":\"EntryPoint\",\"urlTemplate\":\"https:\/\/uniqueles.ch\/it\/?s={search_term_string}\"},\"query-input\":\"required name=search_term_string\"}],\"inLanguage\":\"it-IT\"}]}<\/script>\n<!-- \/ Yoast SEO plugin. -->","yoast_head_json":{"title":"Die Allgemeine Gesch\u00e4ftsbedingungen von Uniqueles","description":"Hier findest du unsere allgemeinen Gesch\u00e4ftsbedingungen. Bei Fragen oder Unklarheiten kontaktiere Uniqueles direkt unter: 078 406 27 47","robots":{"index":"index","follow":"follow","max-snippet":"max-snippet:-1","max-image-preview":"max-image-preview:large","max-video-preview":"max-video-preview:-1"},"canonical":"https:\/\/uniqueles.ch\/it\/termini-di-servizio\/","og_locale":"it_IT","og_type":"article","og_title":"Die Allgemeine Gesch\u00e4ftsbedingungen von Uniqueles","og_description":"Hier findest du unsere allgemeinen Gesch\u00e4ftsbedingungen. Bei Fragen oder Unklarheiten kontaktiere Uniqueles direkt unter: 078 406 27 47","og_url":"https:\/\/uniqueles.ch\/it\/termini-di-servizio\/","og_site_name":"Uniqueles","article_publisher":"https:\/\/www.facebook.com\/uniqueles2020","article_modified_time":"2021-07-02T11:46:47+00:00","twitter_card":"summary_large_image","schema":{"@context":"https:\/\/schema.org","@graph":[{"@type":"WebPage","@id":"https:\/\/uniqueles.ch\/it\/termini-di-servizio\/","url":"https:\/\/uniqueles.ch\/it\/termini-di-servizio\/","name":"Die Allgemeine Gesch\u00e4ftsbedingungen von Uniqueles","isPartOf":{"@id":"https:\/\/uniqueles.ch\/it\/#website"},"primaryImageOfPage":{"@id":"https:\/\/uniqueles.ch\/it\/termini-di-servizio\/#primaryimage"},"image":{"@id":"https:\/\/uniqueles.ch\/it\/termini-di-servizio\/#primaryimage"},"thumbnailUrl":"https:\/\/uniqueles.ch\/wp-content\/uploads\/verschiedene-kopftuecher-von-uniqueles.jpg","datePublished":"2021-06-08T04:15:09+00:00","dateModified":"2021-07-02T11:46:47+00:00","description":"Hier findest du unsere allgemeinen Gesch\u00e4ftsbedingungen. Bei Fragen oder Unklarheiten kontaktiere Uniqueles direkt unter: 078 406 27 47","breadcrumb":{"@id":"https:\/\/uniqueles.ch\/it\/termini-di-servizio\/#breadcrumb"},"inLanguage":"it-IT","potentialAction":[{"@type":"ReadAction","target":["https:\/\/uniqueles.ch\/it\/termini-di-servizio\/"]}]},{"@type":"ImageObject","inLanguage":"it-IT","@id":"https:\/\/uniqueles.ch\/it\/termini-di-servizio\/#primaryimage","url":"https:\/\/uniqueles.ch\/wp-content\/uploads\/verschiedene-kopftuecher-von-uniqueles.jpg","contentUrl":"https:\/\/uniqueles.ch\/wp-content\/uploads\/verschiedene-kopftuecher-von-uniqueles.jpg","width":1920,"height":500},{"@type":"BreadcrumbList","@id":"https:\/\/uniqueles.ch\/it\/termini-di-servizio\/#breadcrumb","itemListElement":[{"@type":"ListItem","position":1,"name":"Startseite","item":"https:\/\/uniqueles.ch\/it\/"},{"@type":"ListItem","position":2,"name":"Termini di servizio"}]},{"@type":"WebSite","@id":"https:\/\/uniqueles.ch\/it\/#website","url":"https:\/\/uniqueles.ch\/it\/","name":"Uniqueles","description":"","potentialAction":[{"@type":"SearchAction","target":{"@type":"EntryPoint","urlTemplate":"https:\/\/uniqueles.ch\/it\/?s={search_term_string}"},"query-input":"required name=search_term_string"}],"inLanguage":"it-IT"}]}},"_links":{"self":[{"href":"https:\/\/uniqueles.ch\/it\/wp-json\/wp\/v2\/pages\/1605"}],"collection":[{"href":"https:\/\/uniqueles.ch\/it\/wp-json\/wp\/v2\/pages"}],"about":[{"href":"https:\/\/uniqueles.ch\/it\/wp-json\/wp\/v2\/types\/page"}],"author":[{"embeddable":true,"href":"https:\/\/uniqueles.ch\/it\/wp-json\/wp\/v2\/users\/1"}],"replies":[{"embeddable":true,"href":"https:\/\/uniqueles.ch\/it\/wp-json\/wp\/v2\/comments?post=1605"}],"version-history":[{"count":8,"href":"https:\/\/uniqueles.ch\/it\/wp-json\/wp\/v2\/pages\/1605\/revisions"}],"predecessor-version":[{"id":1845,"href":"https:\/\/uniqueles.ch\/it\/wp-json\/wp\/v2\/pages\/1605\/revisions\/1845"}],"wp:featuredmedia":[{"embeddable":true,"href":"https:\/\/uniqueles.ch\/it\/wp-json\/wp\/v2\/media\/1301"}],"wp:attachment":[{"href":"https:\/\/uniqueles.ch\/it\/wp-json\/wp\/v2\/media?parent=1605"}],"curies":[{"name":"wp","href":"https:\/\/api.w.org\/{rel}","templated":true}]}}